{"id":6632,"date":"2020-11-15T01:43:59","date_gmt":"2020-11-14T22:43:59","guid":{"rendered":"http:\/\/integralelektronik.com\/?post_type=product&#038;p=6632"},"modified":"2020-11-21T09:08:32","modified_gmt":"2020-11-21T06:08:32","slug":"ej1n-tc2a-qnhb","status":"publish","type":"product","link":"https:\/\/integralelektronik.com\/tr\/product\/ej1n-tc2a-qnhb\/","title":{"rendered":"EJ1N-TC2A-QNHB"},"content":{"rendered":"<h2>Teknik \u00d6zellikler<\/h2>\n<h3><\/h3>\n<table class=\"one\">\n<tbody>\n<tr>\n<td>Size<\/td>\n<td>31 x 90 x 109 mm<\/td>\n<\/tr>\n<tr>\n<td>Fonksiyonlar<\/td>\n<td>PID kontrol\u00fc<\/td>\n<\/tr>\n<tr>\n<td>Kontrol d\u00f6ng\u00fclerinin say\u0131s\u0131<\/td>\n<td>2<\/td>\n<\/tr>\n<tr>\n<td>S\u0131cakl\u0131k giri\u015f tipi<\/td>\n<td>B, C (WRe5-26), E, \u200b\u200bJ, JPt100, K, L, N, P (PLII), Pt100, R, S, T, U<\/td>\n<\/tr>\n<tr>\n<td>Do\u011frusal analog giri\u015f tipi<\/td>\n<td>0 ila 10 V, 0 ila 20 mA, 0 ila 5 V, 1 ila 5 V, 4 ila 20 mA<\/td>\n<\/tr>\n<tr>\n<td>S\u0131cakl\u0131k aral\u0131\u011f\u0131<\/td>\n<td>-200-2300 \u00b0 C<\/td>\n<\/tr>\n<tr>\n<td>\u00d6zellikleri<\/td>\n<td>Ak\u0131m trafosu giri\u015fi<\/td>\n<\/tr>\n<tr>\n<td>Olay giri\u015fi say\u0131s\u0131<\/td>\n<td>2<\/td>\n<\/tr>\n<tr>\n<td>Alarm \u00e7\u0131k\u0131\u015f\u0131 say\u0131s\u0131<\/td>\n<td>2<\/td>\n<\/tr>\n<tr>\n<td>DC besleme gerilimi<\/td>\n<td>20.4-26.4V<\/td>\n<\/tr>\n<tr>\n<td>Kontrol \u00e7\u0131k\u0131\u015f\u0131<\/td>\n<td>2 Gerilim darbesi<\/td>\n<\/tr>\n<tr>\n<td>terminal<\/td>\n<td>Vida<\/td>\n<\/tr>\n<\/tbody>\n<\/table>\n","protected":false},"excerpt":{"rendered":"<h2>CelciuX\u00ba Panel i\u00e7i s\u0131cakl\u0131k kontrol cihaz\u0131 temel \u00fcnitesi,<\/h2>\n<h3 class=\"subtitle\">DIN ray\u0131na montaj, 2 d\u00f6ng\u00fc, termokupl \/ Pt100 \/ analog giri\u015f, 2 x 12 VDC art\u0131 2 x 30 VDC, 0,1 A NPN \u00e7\u0131k\u0131\u015flar\u0131, \u0131s\u0131tma, so\u011futma, \u0131s\u0131tma \/ so\u011futma, \u0131s\u0131t\u0131c\u0131 yanma alarm\u0131, M3 vidal\u0131 terminaller<\/h3>\n","protected":false},"featured_media":6631,"comment_status":"open","ping_status":"closed","template":"","meta":[],"product_brand":[],"product_cat":[438,451],"product_tag":[],"class_list":{"0":"post-6632","1":"product","2":"type-product","3":"status-publish","4":"has-post-thumbnail","6":"product_cat-omron-2","7":"product_cat-sicaklik-kontrol-cihazlari","9":"first","10":"instock","11":"shipping-taxable","12":"product-type-simple"},"yoast_head":"<!-- This site is optimized with the Yoast SEO plugin v24.3 - https:\/\/yoast.com\/wordpress\/plugins\/seo\/ -->\n<title>EJ1N-TC2A-QNHB - \u0130ntegral Elektronik<\/title>\n<meta name=\"robots\" content=\"index, follow, max-snippet:-1, max-image-preview:large, max-video-preview:-1\" \/>\n<link rel=\"canonical\" href=\"https:\/\/integralelektronik.com\/tr\/product\/ej1n-tc2a-qnhb\/\" \/>\n<meta property=\"og:locale\" content=\"tr_TR\" \/>\n<meta property=\"og:type\" content=\"article\" \/>\n<meta property=\"og:title\" content=\"EJ1N-TC2A-QNHB - \u0130ntegral Elektronik\" \/>\n<meta property=\"og:description\" content=\"CelciuX\u00ba Panel i\u00e7i s\u0131cakl\u0131k kontrol cihaz\u0131 temel \u00fcnitesi, DIN ray\u0131na montaj, 2 d\u00f6ng\u00fc, termokupl \/ Pt100 \/ analog giri\u015f, 2 x 12 VDC art\u0131 2 x 30 VDC, 0,1 A NPN \u00e7\u0131k\u0131\u015flar\u0131, \u0131s\u0131tma, so\u011futma, \u0131s\u0131tma \/ so\u011futma, \u0131s\u0131t\u0131c\u0131 yanma alarm\u0131, M3 vidal\u0131 terminaller\" \/>\n<meta property=\"og:url\" content=\"https:\/\/integralelektronik.com\/tr\/product\/ej1n-tc2a-qnhb\/\" \/>\n<meta property=\"og:site_name\" content=\"\u0130ntegral Elektronik\" \/>\n<meta property=\"article:modified_time\" content=\"2020-11-21T06:08:32+00:00\" \/>\n<meta property=\"og:image\" content=\"https:\/\/integralelektronik.com\/wp-content\/uploads\/2020\/11\/EJ1N-TC4x-1003xX.jpg\" \/>\n\t<meta property=\"og:image:width\" content=\"1000\" \/>\n\t<meta property=\"og:image:height\" content=\"1000\" \/>\n\t<meta property=\"og:image:type\" content=\"image\/jpeg\" \/>\n<meta name=\"twitter:card\" content=\"summary_large_image\" \/>\n<script type=\"application\/ld+json\" class=\"yoast-schema-graph\">{\"@context\":\"https:\/\/schema.org\",\"@graph\":[{\"@type\":\"WebPage\",\"@id\":\"https:\/\/integralelektronik.com\/tr\/product\/ej1n-tc2a-qnhb\/\",\"url\":\"https:\/\/integralelektronik.com\/tr\/product\/ej1n-tc2a-qnhb\/\",\"name\":\"EJ1N-TC2A-QNHB - \u0130ntegral Elektronik\",\"isPartOf\":{\"@id\":\"https:\/\/integralelektronik.com\/#website\"},\"primaryImageOfPage\":{\"@id\":\"https:\/\/integralelektronik.com\/tr\/product\/ej1n-tc2a-qnhb\/#primaryimage\"},\"image\":{\"@id\":\"https:\/\/integralelektronik.com\/tr\/product\/ej1n-tc2a-qnhb\/#primaryimage\"},\"thumbnailUrl\":\"https:\/\/integralelektronik.com\/wp-content\/uploads\/2020\/11\/EJ1N-TC4x-1003xX.jpg\",\"datePublished\":\"2020-11-14T22:43:59+00:00\",\"dateModified\":\"2020-11-21T06:08:32+00:00\",\"breadcrumb\":{\"@id\":\"https:\/\/integralelektronik.com\/tr\/product\/ej1n-tc2a-qnhb\/#breadcrumb\"},\"inLanguage\":\"tr\",\"potentialAction\":[{\"@type\":\"ReadAction\",\"target\":[\"https:\/\/integralelektronik.com\/tr\/product\/ej1n-tc2a-qnhb\/\"]}]},{\"@type\":\"ImageObject\",\"inLanguage\":\"tr\",\"@id\":\"https:\/\/integralelektronik.com\/tr\/product\/ej1n-tc2a-qnhb\/#primaryimage\",\"url\":\"https:\/\/integralelektronik.com\/wp-content\/uploads\/2020\/11\/EJ1N-TC4x-1003xX.jpg\",\"contentUrl\":\"https:\/\/integralelektronik.com\/wp-content\/uploads\/2020\/11\/EJ1N-TC4x-1003xX.jpg\",\"width\":1000,\"height\":1000},{\"@type\":\"BreadcrumbList\",\"@id\":\"https:\/\/integralelektronik.com\/tr\/product\/ej1n-tc2a-qnhb\/#breadcrumb\",\"itemListElement\":[{\"@type\":\"ListItem\",\"position\":1,\"name\":\"Home\",\"item\":\"https:\/\/integralelektronik.com\/tr\/\"},{\"@type\":\"ListItem\",\"position\":2,\"name\":\"Shop\",\"item\":\"https:\/\/integralelektronik.com\/shop\/\"},{\"@type\":\"ListItem\",\"position\":3,\"name\":\"EJ1N-TC2A-QNHB\"}]},{\"@type\":\"WebSite\",\"@id\":\"https:\/\/integralelektronik.com\/#website\",\"url\":\"https:\/\/integralelektronik.com\/\",\"name\":\"\u0130ntegral Elektronik\",\"description\":\"\",\"publisher\":{\"@id\":\"https:\/\/integralelektronik.com\/#organization\"},\"potentialAction\":[{\"@type\":\"SearchAction\",\"target\":{\"@type\":\"EntryPoint\",\"urlTemplate\":\"https:\/\/integralelektronik.com\/?s={search_term_string}\"},\"query-input\":{\"@type\":\"PropertyValueSpecification\",\"valueRequired\":true,\"valueName\":\"search_term_string\"}}],\"inLanguage\":\"tr\"},{\"@type\":\"Organization\",\"@id\":\"https:\/\/integralelektronik.com\/#organization\",\"name\":\"\u0130ntegral Elektronik\",\"url\":\"https:\/\/integralelektronik.com\/\",\"logo\":{\"@type\":\"ImageObject\",\"inLanguage\":\"tr\",\"@id\":\"https:\/\/integralelektronik.com\/#\/schema\/logo\/image\/\",\"url\":\"https:\/\/integralelektronik.com\/wp-content\/uploads\/2020\/10\/logo.png\",\"contentUrl\":\"https:\/\/integralelektronik.com\/wp-content\/uploads\/2020\/10\/logo.png\",\"width\":180,\"height\":90,\"caption\":\"\u0130ntegral Elektronik\"},\"image\":{\"@id\":\"https:\/\/integralelektronik.com\/#\/schema\/logo\/image\/\"}}]}<\/script>\n<!-- \/ Yoast SEO plugin. -->","yoast_head_json":{"title":"EJ1N-TC2A-QNHB - \u0130ntegral Elektronik","robots":{"index":"index","follow":"follow","max-snippet":"max-snippet:-1","max-image-preview":"max-image-preview:large","max-video-preview":"max-video-preview:-1"},"canonical":"https:\/\/integralelektronik.com\/tr\/product\/ej1n-tc2a-qnhb\/","og_locale":"tr_TR","og_type":"article","og_title":"EJ1N-TC2A-QNHB - \u0130ntegral Elektronik","og_description":"CelciuX\u00ba Panel i\u00e7i s\u0131cakl\u0131k kontrol cihaz\u0131 temel \u00fcnitesi, DIN ray\u0131na montaj, 2 d\u00f6ng\u00fc, termokupl \/ Pt100 \/ analog giri\u015f, 2 x 12 VDC art\u0131 2 x 30 VDC, 0,1 A NPN \u00e7\u0131k\u0131\u015flar\u0131, \u0131s\u0131tma, so\u011futma, \u0131s\u0131tma \/ so\u011futma, \u0131s\u0131t\u0131c\u0131 yanma alarm\u0131, M3 vidal\u0131 terminaller","og_url":"https:\/\/integralelektronik.com\/tr\/product\/ej1n-tc2a-qnhb\/","og_site_name":"\u0130ntegral Elektronik","article_modified_time":"2020-11-21T06:08:32+00:00","og_image":[{"width":1000,"height":1000,"url":"https:\/\/integralelektronik.com\/wp-content\/uploads\/2020\/11\/EJ1N-TC4x-1003xX.jpg","type":"image\/jpeg"}],"twitter_card":"summary_large_image","schema":{"@context":"https:\/\/schema.org","@graph":[{"@type":"WebPage","@id":"https:\/\/integralelektronik.com\/tr\/product\/ej1n-tc2a-qnhb\/","url":"https:\/\/integralelektronik.com\/tr\/product\/ej1n-tc2a-qnhb\/","name":"EJ1N-TC2A-QNHB - \u0130ntegral Elektronik","isPartOf":{"@id":"https:\/\/integralelektronik.com\/#website"},"primaryImageOfPage":{"@id":"https:\/\/integralelektronik.com\/tr\/product\/ej1n-tc2a-qnhb\/#primaryimage"},"image":{"@id":"https:\/\/integralelektronik.com\/tr\/product\/ej1n-tc2a-qnhb\/#primaryimage"},"thumbnailUrl":"https:\/\/integralelektronik.com\/wp-content\/uploads\/2020\/11\/EJ1N-TC4x-1003xX.jpg","datePublished":"2020-11-14T22:43:59+00:00","dateModified":"2020-11-21T06:08:32+00:00","breadcrumb":{"@id":"https:\/\/integralelektronik.com\/tr\/product\/ej1n-tc2a-qnhb\/#breadcrumb"},"inLanguage":"tr","potentialAction":[{"@type":"ReadAction","target":["https:\/\/integralelektronik.com\/tr\/product\/ej1n-tc2a-qnhb\/"]}]},{"@type":"ImageObject","inLanguage":"tr","@id":"https:\/\/integralelektronik.com\/tr\/product\/ej1n-tc2a-qnhb\/#primaryimage","url":"https:\/\/integralelektronik.com\/wp-content\/uploads\/2020\/11\/EJ1N-TC4x-1003xX.jpg","contentUrl":"https:\/\/integralelektronik.com\/wp-content\/uploads\/2020\/11\/EJ1N-TC4x-1003xX.jpg","width":1000,"height":1000},{"@type":"BreadcrumbList","@id":"https:\/\/integralelektronik.com\/tr\/product\/ej1n-tc2a-qnhb\/#breadcrumb","itemListElement":[{"@type":"ListItem","position":1,"name":"Home","item":"https:\/\/integralelektronik.com\/tr\/"},{"@type":"ListItem","position":2,"name":"Shop","item":"https:\/\/integralelektronik.com\/shop\/"},{"@type":"ListItem","position":3,"name":"EJ1N-TC2A-QNHB"}]},{"@type":"WebSite","@id":"https:\/\/integralelektronik.com\/#website","url":"https:\/\/integralelektronik.com\/","name":"\u0130ntegral Elektronik","description":"","publisher":{"@id":"https:\/\/integralelektronik.com\/#organization"},"potentialAction":[{"@type":"SearchAction","target":{"@type":"EntryPoint","urlTemplate":"https:\/\/integralelektronik.com\/?s={search_term_string}"},"query-input":{"@type":"PropertyValueSpecification","valueRequired":true,"valueName":"search_term_string"}}],"inLanguage":"tr"},{"@type":"Organization","@id":"https:\/\/integralelektronik.com\/#organization","name":"\u0130ntegral Elektronik","url":"https:\/\/integralelektronik.com\/","logo":{"@type":"ImageObject","inLanguage":"tr","@id":"https:\/\/integralelektronik.com\/#\/schema\/logo\/image\/","url":"https:\/\/integralelektronik.com\/wp-content\/uploads\/2020\/10\/logo.png","contentUrl":"https:\/\/integralelektronik.com\/wp-content\/uploads\/2020\/10\/logo.png","width":180,"height":90,"caption":"\u0130ntegral Elektronik"},"image":{"@id":"https:\/\/integralelektronik.com\/#\/schema\/logo\/image\/"}}]}},"_links":{"self":[{"href":"https:\/\/integralelektronik.com\/tr\/wp-json\/wp\/v2\/product\/6632"}],"collection":[{"href":"https:\/\/integralelektronik.com\/tr\/wp-json\/wp\/v2\/product"}],"about":[{"href":"https:\/\/integralelektronik.com\/tr\/wp-json\/wp\/v2\/types\/product"}],"replies":[{"embeddable":true,"href":"https:\/\/integralelektronik.com\/tr\/wp-json\/wp\/v2\/comments?post=6632"}],"wp:featuredmedia":[{"embeddable":true,"href":"https:\/\/integralelektronik.com\/tr\/wp-json\/wp\/v2\/media\/6631"}],"wp:attachment":[{"href":"https:\/\/integralelektronik.com\/tr\/wp-json\/wp\/v2\/media?parent=6632"}],"wp:term":[{"taxonomy":"product_brand","embeddable":true,"href":"https:\/\/integralelektronik.com\/tr\/wp-json\/wp\/v2\/product_brand?post=6632"},{"taxonomy":"product_cat","embeddable":true,"href":"https:\/\/integralelektronik.com\/tr\/wp-json\/wp\/v2\/product_cat?post=6632"},{"taxonomy":"product_tag","embeddable":true,"href":"https:\/\/integralelektronik.com\/tr\/wp-json\/wp\/v2\/product_tag?post=6632"}],"curies":[{"name":"wp","href":"https:\/\/api.w.org\/{rel}","templated":true}]}}