{"id":6612,"date":"2020-11-15T01:32:07","date_gmt":"2020-11-14T22:32:07","guid":{"rendered":"http:\/\/integralelektronik.com\/?post_type=product&#038;p=6612"},"modified":"2020-11-21T09:14:02","modified_gmt":"2020-11-21T06:14:02","slug":"e2ew-x12b1t18-2m","status":"publish","type":"product","link":"https:\/\/integralelektronik.com\/tr\/product\/e2ew-x12b1t18-2m\/","title":{"rendered":"E2EW-X12B1T18 2M"},"content":{"rendered":"<h2>Teknik \u00d6zellikler<\/h2>\n<h3><\/h3>\n<table class=\"one\">\n<tbody>\n<tr>\n<td>Size<\/td>\n<td>M18<\/td>\n<\/tr>\n<tr>\n<td>Montaj tipi<\/td>\n<td>Yar\u0131 flo\u015f<\/td>\n<\/tr>\n<tr>\n<td>Alg\u0131lama mesafesi<\/td>\n<td>12 mm<\/td>\n<\/tr>\n<tr>\n<td>\u00c7\u0131kt\u0131 t\u00fcr\u00fc<\/td>\n<td>IO-Link, PNP<\/td>\n<\/tr>\n<tr>\n<td>Operasyon modu<\/td>\n<td>HAYIR<\/td>\n<\/tr>\n<tr>\n<td>Ba\u011flant\u0131 y\u00f6ntemi<\/td>\n<td>Kablo<\/td>\n<\/tr>\n<tr>\n<td>Malzeme muhafazas\u0131<\/td>\n<td>Paslanmaz \u00e7elik<\/td>\n<\/tr>\n<tr>\n<td>Kablo \u00f6zellikleri<\/td>\n<td>PVC<\/td>\n<\/tr>\n<tr>\n<td>Kablo uzunlu\u011fu<\/td>\n<td>2 m<\/td>\n<\/tr>\n<tr>\n<td>IO-Link baud h\u0131z\u0131<\/td>\n<td>COM3 (230,4 kbps)<\/td>\n<\/tr>\n<tr>\n<td>Toplam uzunluk<\/td>\n<td>41,5 mm<\/td>\n<\/tr>\n<tr>\n<td>Di\u015f uzunlu\u011fu<\/td>\n<td>30 mm<\/td>\n<\/tr>\n<tr>\n<td>\u00d6zellikleri<\/td>\n<td>Metal alg\u0131lama y\u00fcz\u00fc<\/td>\n<\/tr>\n<\/tbody>\n<\/table>\n","protected":false},"excerpt":{"rendered":"<h2>Yak\u0131nl\u0131k sens\u00f6r\u00fc,<\/h2>\n<h3 class=\"subtitle\">end\u00fcktif, tam metal paslanmaz \u00e7elik 303 M18, ekranl\u0131, 12 mm, DC, 3 telli, PNP NO, IO-Link COM3, 2 m \u00f6nceden kablolanm\u0131\u015f<\/h3>\n","protected":false},"featured_media":6590,"comment_status":"open","ping_status":"closed","template":"","meta":[],"product_brand":[],"product_cat":[450,438],"product_tag":[],"class_list":{"0":"post-6612","1":"product","2":"type-product","3":"status-publish","4":"has-post-thumbnail","6":"product_cat-enduktif-sensors","7":"product_cat-omron-2","9":"first","10":"instock","11":"shipping-taxable","12":"product-type-simple"},"yoast_head":"<!-- This site is optimized with the Yoast SEO plugin v24.3 - https:\/\/yoast.com\/wordpress\/plugins\/seo\/ -->\n<title>E2EW-X12B1T18 2M - \u0130ntegral Elektronik<\/title>\n<meta name=\"robots\" content=\"index, follow, max-snippet:-1, max-image-preview:large, max-video-preview:-1\" \/>\n<link rel=\"canonical\" href=\"https:\/\/integralelektronik.com\/tr\/product\/e2ew-x12b1t18-2m\/\" \/>\n<meta property=\"og:locale\" content=\"tr_TR\" \/>\n<meta property=\"og:type\" content=\"article\" \/>\n<meta property=\"og:title\" content=\"E2EW-X12B1T18 2M - \u0130ntegral Elektronik\" \/>\n<meta property=\"og:description\" content=\"Yak\u0131nl\u0131k sens\u00f6r\u00fc, end\u00fcktif, tam metal paslanmaz \u00e7elik 303 M18, ekranl\u0131, 12 mm, DC, 3 telli, PNP NO, IO-Link COM3, 2 m \u00f6nceden kablolanm\u0131\u015f\" \/>\n<meta property=\"og:url\" content=\"https:\/\/integralelektronik.com\/tr\/product\/e2ew-x12b1t18-2m\/\" \/>\n<meta property=\"og:site_name\" content=\"\u0130ntegral Elektronik\" \/>\n<meta property=\"article:modified_time\" content=\"2020-11-21T06:14:02+00:00\" \/>\n<meta property=\"og:image\" content=\"https:\/\/integralelektronik.com\/wp-content\/uploads\/2020\/11\/E2EW-X12x18-xM-1003xX.jpg\" \/>\n\t<meta property=\"og:image:width\" content=\"1000\" \/>\n\t<meta property=\"og:image:height\" content=\"1000\" \/>\n\t<meta property=\"og:image:type\" content=\"image\/jpeg\" \/>\n<meta name=\"twitter:card\" content=\"summary_large_image\" \/>\n<script type=\"application\/ld+json\" class=\"yoast-schema-graph\">{\"@context\":\"https:\/\/schema.org\",\"@graph\":[{\"@type\":\"WebPage\",\"@id\":\"https:\/\/integralelektronik.com\/tr\/product\/e2ew-x12b1t18-2m\/\",\"url\":\"https:\/\/integralelektronik.com\/tr\/product\/e2ew-x12b1t18-2m\/\",\"name\":\"E2EW-X12B1T18 2M - \u0130ntegral Elektronik\",\"isPartOf\":{\"@id\":\"https:\/\/integralelektronik.com\/#website\"},\"primaryImageOfPage\":{\"@id\":\"https:\/\/integralelektronik.com\/tr\/product\/e2ew-x12b1t18-2m\/#primaryimage\"},\"image\":{\"@id\":\"https:\/\/integralelektronik.com\/tr\/product\/e2ew-x12b1t18-2m\/#primaryimage\"},\"thumbnailUrl\":\"https:\/\/integralelektronik.com\/wp-content\/uploads\/2020\/11\/E2EW-X12x18-xM-1003xX.jpg\",\"datePublished\":\"2020-11-14T22:32:07+00:00\",\"dateModified\":\"2020-11-21T06:14:02+00:00\",\"breadcrumb\":{\"@id\":\"https:\/\/integralelektronik.com\/tr\/product\/e2ew-x12b1t18-2m\/#breadcrumb\"},\"inLanguage\":\"tr\",\"potentialAction\":[{\"@type\":\"ReadAction\",\"target\":[\"https:\/\/integralelektronik.com\/tr\/product\/e2ew-x12b1t18-2m\/\"]}]},{\"@type\":\"ImageObject\",\"inLanguage\":\"tr\",\"@id\":\"https:\/\/integralelektronik.com\/tr\/product\/e2ew-x12b1t18-2m\/#primaryimage\",\"url\":\"https:\/\/integralelektronik.com\/wp-content\/uploads\/2020\/11\/E2EW-X12x18-xM-1003xX.jpg\",\"contentUrl\":\"https:\/\/integralelektronik.com\/wp-content\/uploads\/2020\/11\/E2EW-X12x18-xM-1003xX.jpg\",\"width\":1000,\"height\":1000},{\"@type\":\"BreadcrumbList\",\"@id\":\"https:\/\/integralelektronik.com\/tr\/product\/e2ew-x12b1t18-2m\/#breadcrumb\",\"itemListElement\":[{\"@type\":\"ListItem\",\"position\":1,\"name\":\"Home\",\"item\":\"https:\/\/integralelektronik.com\/tr\/\"},{\"@type\":\"ListItem\",\"position\":2,\"name\":\"Shop\",\"item\":\"https:\/\/integralelektronik.com\/shop\/\"},{\"@type\":\"ListItem\",\"position\":3,\"name\":\"E2EW-X12B1T18 2M\"}]},{\"@type\":\"WebSite\",\"@id\":\"https:\/\/integralelektronik.com\/#website\",\"url\":\"https:\/\/integralelektronik.com\/\",\"name\":\"\u0130ntegral Elektronik\",\"description\":\"\",\"publisher\":{\"@id\":\"https:\/\/integralelektronik.com\/#organization\"},\"potentialAction\":[{\"@type\":\"SearchAction\",\"target\":{\"@type\":\"EntryPoint\",\"urlTemplate\":\"https:\/\/integralelektronik.com\/?s={search_term_string}\"},\"query-input\":{\"@type\":\"PropertyValueSpecification\",\"valueRequired\":true,\"valueName\":\"search_term_string\"}}],\"inLanguage\":\"tr\"},{\"@type\":\"Organization\",\"@id\":\"https:\/\/integralelektronik.com\/#organization\",\"name\":\"\u0130ntegral Elektronik\",\"url\":\"https:\/\/integralelektronik.com\/\",\"logo\":{\"@type\":\"ImageObject\",\"inLanguage\":\"tr\",\"@id\":\"https:\/\/integralelektronik.com\/#\/schema\/logo\/image\/\",\"url\":\"https:\/\/integralelektronik.com\/wp-content\/uploads\/2020\/10\/logo.png\",\"contentUrl\":\"https:\/\/integralelektronik.com\/wp-content\/uploads\/2020\/10\/logo.png\",\"width\":180,\"height\":90,\"caption\":\"\u0130ntegral Elektronik\"},\"image\":{\"@id\":\"https:\/\/integralelektronik.com\/#\/schema\/logo\/image\/\"}}]}<\/script>\n<!-- \/ Yoast SEO plugin. -->","yoast_head_json":{"title":"E2EW-X12B1T18 2M - \u0130ntegral Elektronik","robots":{"index":"index","follow":"follow","max-snippet":"max-snippet:-1","max-image-preview":"max-image-preview:large","max-video-preview":"max-video-preview:-1"},"canonical":"https:\/\/integralelektronik.com\/tr\/product\/e2ew-x12b1t18-2m\/","og_locale":"tr_TR","og_type":"article","og_title":"E2EW-X12B1T18 2M - \u0130ntegral Elektronik","og_description":"Yak\u0131nl\u0131k sens\u00f6r\u00fc, end\u00fcktif, tam metal paslanmaz \u00e7elik 303 M18, ekranl\u0131, 12 mm, DC, 3 telli, PNP NO, IO-Link COM3, 2 m \u00f6nceden kablolanm\u0131\u015f","og_url":"https:\/\/integralelektronik.com\/tr\/product\/e2ew-x12b1t18-2m\/","og_site_name":"\u0130ntegral Elektronik","article_modified_time":"2020-11-21T06:14:02+00:00","og_image":[{"width":1000,"height":1000,"url":"https:\/\/integralelektronik.com\/wp-content\/uploads\/2020\/11\/E2EW-X12x18-xM-1003xX.jpg","type":"image\/jpeg"}],"twitter_card":"summary_large_image","schema":{"@context":"https:\/\/schema.org","@graph":[{"@type":"WebPage","@id":"https:\/\/integralelektronik.com\/tr\/product\/e2ew-x12b1t18-2m\/","url":"https:\/\/integralelektronik.com\/tr\/product\/e2ew-x12b1t18-2m\/","name":"E2EW-X12B1T18 2M - \u0130ntegral Elektronik","isPartOf":{"@id":"https:\/\/integralelektronik.com\/#website"},"primaryImageOfPage":{"@id":"https:\/\/integralelektronik.com\/tr\/product\/e2ew-x12b1t18-2m\/#primaryimage"},"image":{"@id":"https:\/\/integralelektronik.com\/tr\/product\/e2ew-x12b1t18-2m\/#primaryimage"},"thumbnailUrl":"https:\/\/integralelektronik.com\/wp-content\/uploads\/2020\/11\/E2EW-X12x18-xM-1003xX.jpg","datePublished":"2020-11-14T22:32:07+00:00","dateModified":"2020-11-21T06:14:02+00:00","breadcrumb":{"@id":"https:\/\/integralelektronik.com\/tr\/product\/e2ew-x12b1t18-2m\/#breadcrumb"},"inLanguage":"tr","potentialAction":[{"@type":"ReadAction","target":["https:\/\/integralelektronik.com\/tr\/product\/e2ew-x12b1t18-2m\/"]}]},{"@type":"ImageObject","inLanguage":"tr","@id":"https:\/\/integralelektronik.com\/tr\/product\/e2ew-x12b1t18-2m\/#primaryimage","url":"https:\/\/integralelektronik.com\/wp-content\/uploads\/2020\/11\/E2EW-X12x18-xM-1003xX.jpg","contentUrl":"https:\/\/integralelektronik.com\/wp-content\/uploads\/2020\/11\/E2EW-X12x18-xM-1003xX.jpg","width":1000,"height":1000},{"@type":"BreadcrumbList","@id":"https:\/\/integralelektronik.com\/tr\/product\/e2ew-x12b1t18-2m\/#breadcrumb","itemListElement":[{"@type":"ListItem","position":1,"name":"Home","item":"https:\/\/integralelektronik.com\/tr\/"},{"@type":"ListItem","position":2,"name":"Shop","item":"https:\/\/integralelektronik.com\/shop\/"},{"@type":"ListItem","position":3,"name":"E2EW-X12B1T18 2M"}]},{"@type":"WebSite","@id":"https:\/\/integralelektronik.com\/#website","url":"https:\/\/integralelektronik.com\/","name":"\u0130ntegral Elektronik","description":"","publisher":{"@id":"https:\/\/integralelektronik.com\/#organization"},"potentialAction":[{"@type":"SearchAction","target":{"@type":"EntryPoint","urlTemplate":"https:\/\/integralelektronik.com\/?s={search_term_string}"},"query-input":{"@type":"PropertyValueSpecification","valueRequired":true,"valueName":"search_term_string"}}],"inLanguage":"tr"},{"@type":"Organization","@id":"https:\/\/integralelektronik.com\/#organization","name":"\u0130ntegral Elektronik","url":"https:\/\/integralelektronik.com\/","logo":{"@type":"ImageObject","inLanguage":"tr","@id":"https:\/\/integralelektronik.com\/#\/schema\/logo\/image\/","url":"https:\/\/integralelektronik.com\/wp-content\/uploads\/2020\/10\/logo.png","contentUrl":"https:\/\/integralelektronik.com\/wp-content\/uploads\/2020\/10\/logo.png","width":180,"height":90,"caption":"\u0130ntegral Elektronik"},"image":{"@id":"https:\/\/integralelektronik.com\/#\/schema\/logo\/image\/"}}]}},"_links":{"self":[{"href":"https:\/\/integralelektronik.com\/tr\/wp-json\/wp\/v2\/product\/6612"}],"collection":[{"href":"https:\/\/integralelektronik.com\/tr\/wp-json\/wp\/v2\/product"}],"about":[{"href":"https:\/\/integralelektronik.com\/tr\/wp-json\/wp\/v2\/types\/product"}],"replies":[{"embeddable":true,"href":"https:\/\/integralelektronik.com\/tr\/wp-json\/wp\/v2\/comments?post=6612"}],"wp:featuredmedia":[{"embeddable":true,"href":"https:\/\/integralelektronik.com\/tr\/wp-json\/wp\/v2\/media\/6590"}],"wp:attachment":[{"href":"https:\/\/integralelektronik.com\/tr\/wp-json\/wp\/v2\/media?parent=6612"}],"wp:term":[{"taxonomy":"product_brand","embeddable":true,"href":"https:\/\/integralelektronik.com\/tr\/wp-json\/wp\/v2\/product_brand?post=6612"},{"taxonomy":"product_cat","embeddable":true,"href":"https:\/\/integralelektronik.com\/tr\/wp-json\/wp\/v2\/product_cat?post=6612"},{"taxonomy":"product_tag","embeddable":true,"href":"https:\/\/integralelektronik.com\/tr\/wp-json\/wp\/v2\/product_tag?post=6612"}],"curies":[{"name":"wp","href":"https:\/\/api.w.org\/{rel}","templated":true}]}}