{"id":6606,"date":"2020-11-15T01:28:12","date_gmt":"2020-11-14T22:28:12","guid":{"rendered":"http:\/\/integralelektronik.com\/?post_type=product&#038;p=6606"},"modified":"2020-11-21T09:14:24","modified_gmt":"2020-11-21T06:14:24","slug":"zx2-ld100l-0-5m","status":"publish","type":"product","link":"https:\/\/integralelektronik.com\/tr\/product\/zx2-ld100l-0-5m\/","title":{"rendered":"ZX2-LD100L 0.5M"},"content":{"rendered":"<h2>Teknik \u00d6zellikler<\/h2>\n<h3><\/h3>\n<table class=\"one\">\n<tbody>\n<tr>\n<td>Geometrik \u00e7\u00f6z\u00fcn\u00fcrl\u00fck<\/td>\n<td>0,005 mm<\/td>\n<\/tr>\n<tr>\n<td>\u00d6l\u00e7\u00fcm aral\u0131\u011f\u0131 uzunlu\u011fu<\/td>\n<td>65-135 mm<\/td>\n<\/tr>\n<tr>\n<td>Ba\u011f\u0131l do\u011frusall\u0131k sapmas\u0131<\/td>\n<td>0.05 %<\/td>\n<\/tr>\n<tr>\n<td>Alg\u0131lama mesafesi<\/td>\n<td>100 mm<\/td>\n<\/tr>\n<tr>\n<td>Alg\u0131lama mesafesi (min.)<\/td>\n<td>65 mm<\/td>\n<\/tr>\n<tr>\n<td>Alg\u0131lama y\u00f6ntemi<\/td>\n<td>Da\u011f\u0131n\u0131k yans\u0131t\u0131c\u0131<\/td>\n<\/tr>\n<tr>\n<td>Spot size<\/td>\n<td>2,7 mm x 0,1 mm<\/td>\n<\/tr>\n<tr>\n<td>Sens\u00f6r\u00fcn y\u00fcksekli\u011fi<\/td>\n<td>47,5 mm<\/td>\n<\/tr>\n<tr>\n<td>Geni\u015flik sens\u00f6r\u00fc<\/td>\n<td>22,6 mm<\/td>\n<\/tr>\n<tr>\n<td>Toplam uzunluk<\/td>\n<td>35,5 mm<\/td>\n<\/tr>\n<\/tbody>\n<\/table>\n","protected":false},"excerpt":{"rendered":"<h2>Lazer yer de\u011fi\u015ftirme sens\u00f6r\u00fc,<\/h2>\n<h3 class=\"subtitle\">CMOS tipi, sens\u00f6r kafas\u0131, hat \u0131\u015f\u0131n\u0131 tipi, 100mm +\/- 35mm, 5\u00b5m \u00e7\u00f6z\u00fcn\u00fcrl\u00fck, 0.5m kablo<\/h3>\n","protected":false},"featured_media":6602,"comment_status":"open","ping_status":"closed","template":"","meta":[],"product_brand":[],"product_cat":[450,438],"product_tag":[],"class_list":{"0":"post-6606","1":"product","2":"type-product","3":"status-publish","4":"has-post-thumbnail","6":"product_cat-enduktif-sensors","7":"product_cat-omron-2","9":"first","10":"instock","11":"shipping-taxable","12":"product-type-simple"},"yoast_head":"<!-- This site is optimized with the Yoast SEO plugin v24.3 - https:\/\/yoast.com\/wordpress\/plugins\/seo\/ -->\n<title>ZX2-LD100L 0.5M - \u0130ntegral Elektronik<\/title>\n<meta name=\"robots\" content=\"index, follow, max-snippet:-1, max-image-preview:large, max-video-preview:-1\" \/>\n<link rel=\"canonical\" href=\"https:\/\/integralelektronik.com\/tr\/product\/zx2-ld100l-0-5m\/\" \/>\n<meta property=\"og:locale\" content=\"tr_TR\" \/>\n<meta property=\"og:type\" content=\"article\" \/>\n<meta property=\"og:title\" content=\"ZX2-LD100L 0.5M - \u0130ntegral Elektronik\" \/>\n<meta property=\"og:description\" content=\"Lazer yer de\u011fi\u015ftirme sens\u00f6r\u00fc, CMOS tipi, sens\u00f6r kafas\u0131, hat \u0131\u015f\u0131n\u0131 tipi, 100mm +\/- 35mm, 5\u00b5m \u00e7\u00f6z\u00fcn\u00fcrl\u00fck, 0.5m kablo\" \/>\n<meta property=\"og:url\" content=\"https:\/\/integralelektronik.com\/tr\/product\/zx2-ld100l-0-5m\/\" \/>\n<meta property=\"og:site_name\" content=\"\u0130ntegral Elektronik\" \/>\n<meta property=\"article:modified_time\" content=\"2020-11-21T06:14:24+00:00\" \/>\n<meta property=\"og:image\" content=\"https:\/\/integralelektronik.com\/wp-content\/uploads\/2020\/11\/ZX2-LD50-x-1003xX.jpg\" \/>\n\t<meta property=\"og:image:width\" content=\"800\" \/>\n\t<meta property=\"og:image:height\" content=\"800\" \/>\n\t<meta property=\"og:image:type\" content=\"image\/jpeg\" \/>\n<meta name=\"twitter:card\" content=\"summary_large_image\" \/>\n<script type=\"application\/ld+json\" class=\"yoast-schema-graph\">{\"@context\":\"https:\/\/schema.org\",\"@graph\":[{\"@type\":\"WebPage\",\"@id\":\"https:\/\/integralelektronik.com\/tr\/product\/zx2-ld100l-0-5m\/\",\"url\":\"https:\/\/integralelektronik.com\/tr\/product\/zx2-ld100l-0-5m\/\",\"name\":\"ZX2-LD100L 0.5M - \u0130ntegral Elektronik\",\"isPartOf\":{\"@id\":\"https:\/\/integralelektronik.com\/#website\"},\"primaryImageOfPage\":{\"@id\":\"https:\/\/integralelektronik.com\/tr\/product\/zx2-ld100l-0-5m\/#primaryimage\"},\"image\":{\"@id\":\"https:\/\/integralelektronik.com\/tr\/product\/zx2-ld100l-0-5m\/#primaryimage\"},\"thumbnailUrl\":\"https:\/\/integralelektronik.com\/wp-content\/uploads\/2020\/11\/ZX2-LD50-x-1003xX.jpg\",\"datePublished\":\"2020-11-14T22:28:12+00:00\",\"dateModified\":\"2020-11-21T06:14:24+00:00\",\"breadcrumb\":{\"@id\":\"https:\/\/integralelektronik.com\/tr\/product\/zx2-ld100l-0-5m\/#breadcrumb\"},\"inLanguage\":\"tr\",\"potentialAction\":[{\"@type\":\"ReadAction\",\"target\":[\"https:\/\/integralelektronik.com\/tr\/product\/zx2-ld100l-0-5m\/\"]}]},{\"@type\":\"ImageObject\",\"inLanguage\":\"tr\",\"@id\":\"https:\/\/integralelektronik.com\/tr\/product\/zx2-ld100l-0-5m\/#primaryimage\",\"url\":\"https:\/\/integralelektronik.com\/wp-content\/uploads\/2020\/11\/ZX2-LD50-x-1003xX.jpg\",\"contentUrl\":\"https:\/\/integralelektronik.com\/wp-content\/uploads\/2020\/11\/ZX2-LD50-x-1003xX.jpg\",\"width\":800,\"height\":800},{\"@type\":\"BreadcrumbList\",\"@id\":\"https:\/\/integralelektronik.com\/tr\/product\/zx2-ld100l-0-5m\/#breadcrumb\",\"itemListElement\":[{\"@type\":\"ListItem\",\"position\":1,\"name\":\"Home\",\"item\":\"https:\/\/integralelektronik.com\/tr\/\"},{\"@type\":\"ListItem\",\"position\":2,\"name\":\"Shop\",\"item\":\"https:\/\/integralelektronik.com\/shop\/\"},{\"@type\":\"ListItem\",\"position\":3,\"name\":\"ZX2-LD100L 0.5M\"}]},{\"@type\":\"WebSite\",\"@id\":\"https:\/\/integralelektronik.com\/#website\",\"url\":\"https:\/\/integralelektronik.com\/\",\"name\":\"\u0130ntegral Elektronik\",\"description\":\"\",\"publisher\":{\"@id\":\"https:\/\/integralelektronik.com\/#organization\"},\"potentialAction\":[{\"@type\":\"SearchAction\",\"target\":{\"@type\":\"EntryPoint\",\"urlTemplate\":\"https:\/\/integralelektronik.com\/?s={search_term_string}\"},\"query-input\":{\"@type\":\"PropertyValueSpecification\",\"valueRequired\":true,\"valueName\":\"search_term_string\"}}],\"inLanguage\":\"tr\"},{\"@type\":\"Organization\",\"@id\":\"https:\/\/integralelektronik.com\/#organization\",\"name\":\"\u0130ntegral Elektronik\",\"url\":\"https:\/\/integralelektronik.com\/\",\"logo\":{\"@type\":\"ImageObject\",\"inLanguage\":\"tr\",\"@id\":\"https:\/\/integralelektronik.com\/#\/schema\/logo\/image\/\",\"url\":\"https:\/\/integralelektronik.com\/wp-content\/uploads\/2020\/10\/logo.png\",\"contentUrl\":\"https:\/\/integralelektronik.com\/wp-content\/uploads\/2020\/10\/logo.png\",\"width\":180,\"height\":90,\"caption\":\"\u0130ntegral Elektronik\"},\"image\":{\"@id\":\"https:\/\/integralelektronik.com\/#\/schema\/logo\/image\/\"}}]}<\/script>\n<!-- \/ Yoast SEO plugin. -->","yoast_head_json":{"title":"ZX2-LD100L 0.5M - \u0130ntegral Elektronik","robots":{"index":"index","follow":"follow","max-snippet":"max-snippet:-1","max-image-preview":"max-image-preview:large","max-video-preview":"max-video-preview:-1"},"canonical":"https:\/\/integralelektronik.com\/tr\/product\/zx2-ld100l-0-5m\/","og_locale":"tr_TR","og_type":"article","og_title":"ZX2-LD100L 0.5M - \u0130ntegral Elektronik","og_description":"Lazer yer de\u011fi\u015ftirme sens\u00f6r\u00fc, CMOS tipi, sens\u00f6r kafas\u0131, hat \u0131\u015f\u0131n\u0131 tipi, 100mm +\/- 35mm, 5\u00b5m \u00e7\u00f6z\u00fcn\u00fcrl\u00fck, 0.5m kablo","og_url":"https:\/\/integralelektronik.com\/tr\/product\/zx2-ld100l-0-5m\/","og_site_name":"\u0130ntegral Elektronik","article_modified_time":"2020-11-21T06:14:24+00:00","og_image":[{"width":800,"height":800,"url":"https:\/\/integralelektronik.com\/wp-content\/uploads\/2020\/11\/ZX2-LD50-x-1003xX.jpg","type":"image\/jpeg"}],"twitter_card":"summary_large_image","schema":{"@context":"https:\/\/schema.org","@graph":[{"@type":"WebPage","@id":"https:\/\/integralelektronik.com\/tr\/product\/zx2-ld100l-0-5m\/","url":"https:\/\/integralelektronik.com\/tr\/product\/zx2-ld100l-0-5m\/","name":"ZX2-LD100L 0.5M - \u0130ntegral Elektronik","isPartOf":{"@id":"https:\/\/integralelektronik.com\/#website"},"primaryImageOfPage":{"@id":"https:\/\/integralelektronik.com\/tr\/product\/zx2-ld100l-0-5m\/#primaryimage"},"image":{"@id":"https:\/\/integralelektronik.com\/tr\/product\/zx2-ld100l-0-5m\/#primaryimage"},"thumbnailUrl":"https:\/\/integralelektronik.com\/wp-content\/uploads\/2020\/11\/ZX2-LD50-x-1003xX.jpg","datePublished":"2020-11-14T22:28:12+00:00","dateModified":"2020-11-21T06:14:24+00:00","breadcrumb":{"@id":"https:\/\/integralelektronik.com\/tr\/product\/zx2-ld100l-0-5m\/#breadcrumb"},"inLanguage":"tr","potentialAction":[{"@type":"ReadAction","target":["https:\/\/integralelektronik.com\/tr\/product\/zx2-ld100l-0-5m\/"]}]},{"@type":"ImageObject","inLanguage":"tr","@id":"https:\/\/integralelektronik.com\/tr\/product\/zx2-ld100l-0-5m\/#primaryimage","url":"https:\/\/integralelektronik.com\/wp-content\/uploads\/2020\/11\/ZX2-LD50-x-1003xX.jpg","contentUrl":"https:\/\/integralelektronik.com\/wp-content\/uploads\/2020\/11\/ZX2-LD50-x-1003xX.jpg","width":800,"height":800},{"@type":"BreadcrumbList","@id":"https:\/\/integralelektronik.com\/tr\/product\/zx2-ld100l-0-5m\/#breadcrumb","itemListElement":[{"@type":"ListItem","position":1,"name":"Home","item":"https:\/\/integralelektronik.com\/tr\/"},{"@type":"ListItem","position":2,"name":"Shop","item":"https:\/\/integralelektronik.com\/shop\/"},{"@type":"ListItem","position":3,"name":"ZX2-LD100L 0.5M"}]},{"@type":"WebSite","@id":"https:\/\/integralelektronik.com\/#website","url":"https:\/\/integralelektronik.com\/","name":"\u0130ntegral Elektronik","description":"","publisher":{"@id":"https:\/\/integralelektronik.com\/#organization"},"potentialAction":[{"@type":"SearchAction","target":{"@type":"EntryPoint","urlTemplate":"https:\/\/integralelektronik.com\/?s={search_term_string}"},"query-input":{"@type":"PropertyValueSpecification","valueRequired":true,"valueName":"search_term_string"}}],"inLanguage":"tr"},{"@type":"Organization","@id":"https:\/\/integralelektronik.com\/#organization","name":"\u0130ntegral Elektronik","url":"https:\/\/integralelektronik.com\/","logo":{"@type":"ImageObject","inLanguage":"tr","@id":"https:\/\/integralelektronik.com\/#\/schema\/logo\/image\/","url":"https:\/\/integralelektronik.com\/wp-content\/uploads\/2020\/10\/logo.png","contentUrl":"https:\/\/integralelektronik.com\/wp-content\/uploads\/2020\/10\/logo.png","width":180,"height":90,"caption":"\u0130ntegral Elektronik"},"image":{"@id":"https:\/\/integralelektronik.com\/#\/schema\/logo\/image\/"}}]}},"_links":{"self":[{"href":"https:\/\/integralelektronik.com\/tr\/wp-json\/wp\/v2\/product\/6606"}],"collection":[{"href":"https:\/\/integralelektronik.com\/tr\/wp-json\/wp\/v2\/product"}],"about":[{"href":"https:\/\/integralelektronik.com\/tr\/wp-json\/wp\/v2\/types\/product"}],"replies":[{"embeddable":true,"href":"https:\/\/integralelektronik.com\/tr\/wp-json\/wp\/v2\/comments?post=6606"}],"wp:featuredmedia":[{"embeddable":true,"href":"https:\/\/integralelektronik.com\/tr\/wp-json\/wp\/v2\/media\/6602"}],"wp:attachment":[{"href":"https:\/\/integralelektronik.com\/tr\/wp-json\/wp\/v2\/media?parent=6606"}],"wp:term":[{"taxonomy":"product_brand","embeddable":true,"href":"https:\/\/integralelektronik.com\/tr\/wp-json\/wp\/v2\/product_brand?post=6606"},{"taxonomy":"product_cat","embeddable":true,"href":"https:\/\/integralelektronik.com\/tr\/wp-json\/wp\/v2\/product_cat?post=6606"},{"taxonomy":"product_tag","embeddable":true,"href":"https:\/\/integralelektronik.com\/tr\/wp-json\/wp\/v2\/product_tag?post=6606"}],"curies":[{"name":"wp","href":"https:\/\/api.w.org\/{rel}","templated":true}]}}