{"id":6546,"date":"2020-11-14T23:54:29","date_gmt":"2020-11-14T20:54:29","guid":{"rendered":"http:\/\/integralelektronik.com\/?post_type=product&#038;p=6546"},"modified":"2020-11-21T09:14:34","modified_gmt":"2020-11-21T06:14:34","slug":"e3jk-rr11-2m-2","status":"publish","type":"product","link":"https:\/\/integralelektronik.com\/tr\/product\/e3jk-rr11-2m-2\/","title":{"rendered":"E3JK-RR11 2M"},"content":{"rendered":"<h2>Teknik \u00d6zellikler<\/h2>\n<h3><\/h3>\n<table class=\"one\">\n<tbody>\n<tr>\n<td>\u015eekil<\/td>\n<td>K\u00fcboid<\/td>\n<\/tr>\n<tr>\n<td>Alg\u0131lama y\u00f6ntemi<\/td>\n<td>Geriye d\u00f6n\u00fck yans\u0131t\u0131c\u0131<\/td>\n<\/tr>\n<tr>\n<td>Alg\u0131lama mesafesi<\/td>\n<td>11000 mm<\/td>\n<\/tr>\n<tr>\n<td>Alg\u0131lama mesafesi (min.)<\/td>\n<td>100 mm<\/td>\n<\/tr>\n<tr>\n<td>Ayar y\u00f6ntemi<\/td>\n<td>Manuel ayarlama<\/td>\n<\/tr>\n<tr>\n<td>Ba\u011flant\u0131 y\u00f6ntemi<\/td>\n<td>Kablo<\/td>\n<\/tr>\n<tr>\n<td>Kablo uzunlu\u011fu<\/td>\n<td>2 m<\/td>\n<\/tr>\n<tr>\n<td>\u00c7\u0131kt\u0131 t\u00fcr\u00fc<\/td>\n<td>R\u00f6le<\/td>\n<\/tr>\n<tr>\n<td>Operasyon modu<\/td>\n<td>Dark-ON, Light-ON<\/td>\n<\/tr>\n<tr>\n<td>Tepki S\u00fcresi<\/td>\n<td>20 ms<\/td>\n<\/tr>\n<tr>\n<td>Malzeme muhafazas\u0131<\/td>\n<td>B\u00d6L\u00dcM<\/td>\n<\/tr>\n<tr>\n<td>Di\u015f boyutu<\/td>\n<td>Di\u011fer<\/td>\n<\/tr>\n<tr>\n<td>I\u015f\u0131k t\u00fcr\u00fc<\/td>\n<td>Polaritesiz k\u0131rm\u0131z\u0131 \u0131\u015f\u0131k<\/td>\n<\/tr>\n<tr>\n<td>G\u00fc\u00e7 kayna\u011f\u0131 gerilimi<\/td>\n<td>24-240 V<\/td>\n<\/tr>\n<tr>\n<td>\u00d6zellikleri<\/td>\n<td>MSR olmadan<\/td>\n<\/tr>\n<\/tbody>\n<\/table>\n","protected":false},"excerpt":{"rendered":"<h2>Fotoelektrik sens\u00f6r, kare g\u00f6vde,<\/h2>\n<h3 class=\"subtitle\"><span class=\"goog-text-highlight\">k\u0131rm\u0131z\u0131 LED, reflekt\u00f6rl\u00fc, polarize olmayan, 7m, AC \/ DC, r\u00f6le, L-ON \/ D-ON se\u00e7ilebilir, 2m kablo<\/span><\/h3>\n","protected":false},"featured_media":6493,"comment_status":"open","ping_status":"closed","template":"","meta":[],"product_brand":[],"product_cat":[444,438],"product_tag":[],"class_list":{"0":"post-6546","1":"product","2":"type-product","3":"status-publish","4":"has-post-thumbnail","6":"product_cat-fotoelektrik-sensorler","7":"product_cat-omron-2","9":"first","10":"instock","11":"shipping-taxable","12":"product-type-simple"},"yoast_head":"<!-- This site is optimized with the Yoast SEO plugin v24.3 - https:\/\/yoast.com\/wordpress\/plugins\/seo\/ -->\n<title>E3JK-RR11 2M - \u0130ntegral Elektronik<\/title>\n<meta name=\"robots\" content=\"index, follow, max-snippet:-1, max-image-preview:large, max-video-preview:-1\" \/>\n<link rel=\"canonical\" href=\"https:\/\/integralelektronik.com\/tr\/product\/e3jk-rr11-2m-2\/\" \/>\n<meta property=\"og:locale\" content=\"tr_TR\" \/>\n<meta property=\"og:type\" content=\"article\" \/>\n<meta property=\"og:title\" content=\"E3JK-RR11 2M - \u0130ntegral Elektronik\" \/>\n<meta property=\"og:description\" content=\"Fotoelektrik sens\u00f6r, kare g\u00f6vde, k\u0131rm\u0131z\u0131 LED, reflekt\u00f6rl\u00fc, polarize olmayan, 7m, AC \/ DC, r\u00f6le, L-ON \/ D-ON se\u00e7ilebilir, 2m kablo\" \/>\n<meta property=\"og:url\" content=\"https:\/\/integralelektronik.com\/tr\/product\/e3jk-rr11-2m-2\/\" \/>\n<meta property=\"og:site_name\" content=\"\u0130ntegral Elektronik\" \/>\n<meta property=\"article:modified_time\" content=\"2020-11-21T06:14:34+00:00\" \/>\n<meta property=\"og:image\" content=\"https:\/\/integralelektronik.com\/wp-content\/uploads\/2020\/11\/E3JK-xx1x-1003xX-2.jpg\" \/>\n\t<meta property=\"og:image:width\" content=\"1003\" \/>\n\t<meta property=\"og:image:height\" content=\"1003\" \/>\n\t<meta property=\"og:image:type\" content=\"image\/jpeg\" \/>\n<meta name=\"twitter:card\" content=\"summary_large_image\" \/>\n<script type=\"application\/ld+json\" class=\"yoast-schema-graph\">{\"@context\":\"https:\/\/schema.org\",\"@graph\":[{\"@type\":\"WebPage\",\"@id\":\"https:\/\/integralelektronik.com\/tr\/product\/e3jk-rr11-2m-2\/\",\"url\":\"https:\/\/integralelektronik.com\/tr\/product\/e3jk-rr11-2m-2\/\",\"name\":\"E3JK-RR11 2M - \u0130ntegral Elektronik\",\"isPartOf\":{\"@id\":\"https:\/\/integralelektronik.com\/#website\"},\"primaryImageOfPage\":{\"@id\":\"https:\/\/integralelektronik.com\/tr\/product\/e3jk-rr11-2m-2\/#primaryimage\"},\"image\":{\"@id\":\"https:\/\/integralelektronik.com\/tr\/product\/e3jk-rr11-2m-2\/#primaryimage\"},\"thumbnailUrl\":\"https:\/\/integralelektronik.com\/wp-content\/uploads\/2020\/11\/E3JK-xx1x-1003xX-2.jpg\",\"datePublished\":\"2020-11-14T20:54:29+00:00\",\"dateModified\":\"2020-11-21T06:14:34+00:00\",\"breadcrumb\":{\"@id\":\"https:\/\/integralelektronik.com\/tr\/product\/e3jk-rr11-2m-2\/#breadcrumb\"},\"inLanguage\":\"tr\",\"potentialAction\":[{\"@type\":\"ReadAction\",\"target\":[\"https:\/\/integralelektronik.com\/tr\/product\/e3jk-rr11-2m-2\/\"]}]},{\"@type\":\"ImageObject\",\"inLanguage\":\"tr\",\"@id\":\"https:\/\/integralelektronik.com\/tr\/product\/e3jk-rr11-2m-2\/#primaryimage\",\"url\":\"https:\/\/integralelektronik.com\/wp-content\/uploads\/2020\/11\/E3JK-xx1x-1003xX-2.jpg\",\"contentUrl\":\"https:\/\/integralelektronik.com\/wp-content\/uploads\/2020\/11\/E3JK-xx1x-1003xX-2.jpg\",\"width\":1003,\"height\":1003},{\"@type\":\"BreadcrumbList\",\"@id\":\"https:\/\/integralelektronik.com\/tr\/product\/e3jk-rr11-2m-2\/#breadcrumb\",\"itemListElement\":[{\"@type\":\"ListItem\",\"position\":1,\"name\":\"Home\",\"item\":\"https:\/\/integralelektronik.com\/tr\/\"},{\"@type\":\"ListItem\",\"position\":2,\"name\":\"Shop\",\"item\":\"https:\/\/integralelektronik.com\/shop\/\"},{\"@type\":\"ListItem\",\"position\":3,\"name\":\"E3JK-RR11 2M\"}]},{\"@type\":\"WebSite\",\"@id\":\"https:\/\/integralelektronik.com\/#website\",\"url\":\"https:\/\/integralelektronik.com\/\",\"name\":\"\u0130ntegral Elektronik\",\"description\":\"\",\"publisher\":{\"@id\":\"https:\/\/integralelektronik.com\/#organization\"},\"potentialAction\":[{\"@type\":\"SearchAction\",\"target\":{\"@type\":\"EntryPoint\",\"urlTemplate\":\"https:\/\/integralelektronik.com\/?s={search_term_string}\"},\"query-input\":{\"@type\":\"PropertyValueSpecification\",\"valueRequired\":true,\"valueName\":\"search_term_string\"}}],\"inLanguage\":\"tr\"},{\"@type\":\"Organization\",\"@id\":\"https:\/\/integralelektronik.com\/#organization\",\"name\":\"\u0130ntegral Elektronik\",\"url\":\"https:\/\/integralelektronik.com\/\",\"logo\":{\"@type\":\"ImageObject\",\"inLanguage\":\"tr\",\"@id\":\"https:\/\/integralelektronik.com\/#\/schema\/logo\/image\/\",\"url\":\"https:\/\/integralelektronik.com\/wp-content\/uploads\/2020\/10\/logo.png\",\"contentUrl\":\"https:\/\/integralelektronik.com\/wp-content\/uploads\/2020\/10\/logo.png\",\"width\":180,\"height\":90,\"caption\":\"\u0130ntegral Elektronik\"},\"image\":{\"@id\":\"https:\/\/integralelektronik.com\/#\/schema\/logo\/image\/\"}}]}<\/script>\n<!-- \/ Yoast SEO plugin. -->","yoast_head_json":{"title":"E3JK-RR11 2M - \u0130ntegral Elektronik","robots":{"index":"index","follow":"follow","max-snippet":"max-snippet:-1","max-image-preview":"max-image-preview:large","max-video-preview":"max-video-preview:-1"},"canonical":"https:\/\/integralelektronik.com\/tr\/product\/e3jk-rr11-2m-2\/","og_locale":"tr_TR","og_type":"article","og_title":"E3JK-RR11 2M - \u0130ntegral Elektronik","og_description":"Fotoelektrik sens\u00f6r, kare g\u00f6vde, k\u0131rm\u0131z\u0131 LED, reflekt\u00f6rl\u00fc, polarize olmayan, 7m, AC \/ DC, r\u00f6le, L-ON \/ D-ON se\u00e7ilebilir, 2m kablo","og_url":"https:\/\/integralelektronik.com\/tr\/product\/e3jk-rr11-2m-2\/","og_site_name":"\u0130ntegral Elektronik","article_modified_time":"2020-11-21T06:14:34+00:00","og_image":[{"width":1003,"height":1003,"url":"https:\/\/integralelektronik.com\/wp-content\/uploads\/2020\/11\/E3JK-xx1x-1003xX-2.jpg","type":"image\/jpeg"}],"twitter_card":"summary_large_image","schema":{"@context":"https:\/\/schema.org","@graph":[{"@type":"WebPage","@id":"https:\/\/integralelektronik.com\/tr\/product\/e3jk-rr11-2m-2\/","url":"https:\/\/integralelektronik.com\/tr\/product\/e3jk-rr11-2m-2\/","name":"E3JK-RR11 2M - \u0130ntegral Elektronik","isPartOf":{"@id":"https:\/\/integralelektronik.com\/#website"},"primaryImageOfPage":{"@id":"https:\/\/integralelektronik.com\/tr\/product\/e3jk-rr11-2m-2\/#primaryimage"},"image":{"@id":"https:\/\/integralelektronik.com\/tr\/product\/e3jk-rr11-2m-2\/#primaryimage"},"thumbnailUrl":"https:\/\/integralelektronik.com\/wp-content\/uploads\/2020\/11\/E3JK-xx1x-1003xX-2.jpg","datePublished":"2020-11-14T20:54:29+00:00","dateModified":"2020-11-21T06:14:34+00:00","breadcrumb":{"@id":"https:\/\/integralelektronik.com\/tr\/product\/e3jk-rr11-2m-2\/#breadcrumb"},"inLanguage":"tr","potentialAction":[{"@type":"ReadAction","target":["https:\/\/integralelektronik.com\/tr\/product\/e3jk-rr11-2m-2\/"]}]},{"@type":"ImageObject","inLanguage":"tr","@id":"https:\/\/integralelektronik.com\/tr\/product\/e3jk-rr11-2m-2\/#primaryimage","url":"https:\/\/integralelektronik.com\/wp-content\/uploads\/2020\/11\/E3JK-xx1x-1003xX-2.jpg","contentUrl":"https:\/\/integralelektronik.com\/wp-content\/uploads\/2020\/11\/E3JK-xx1x-1003xX-2.jpg","width":1003,"height":1003},{"@type":"BreadcrumbList","@id":"https:\/\/integralelektronik.com\/tr\/product\/e3jk-rr11-2m-2\/#breadcrumb","itemListElement":[{"@type":"ListItem","position":1,"name":"Home","item":"https:\/\/integralelektronik.com\/tr\/"},{"@type":"ListItem","position":2,"name":"Shop","item":"https:\/\/integralelektronik.com\/shop\/"},{"@type":"ListItem","position":3,"name":"E3JK-RR11 2M"}]},{"@type":"WebSite","@id":"https:\/\/integralelektronik.com\/#website","url":"https:\/\/integralelektronik.com\/","name":"\u0130ntegral Elektronik","description":"","publisher":{"@id":"https:\/\/integralelektronik.com\/#organization"},"potentialAction":[{"@type":"SearchAction","target":{"@type":"EntryPoint","urlTemplate":"https:\/\/integralelektronik.com\/?s={search_term_string}"},"query-input":{"@type":"PropertyValueSpecification","valueRequired":true,"valueName":"search_term_string"}}],"inLanguage":"tr"},{"@type":"Organization","@id":"https:\/\/integralelektronik.com\/#organization","name":"\u0130ntegral Elektronik","url":"https:\/\/integralelektronik.com\/","logo":{"@type":"ImageObject","inLanguage":"tr","@id":"https:\/\/integralelektronik.com\/#\/schema\/logo\/image\/","url":"https:\/\/integralelektronik.com\/wp-content\/uploads\/2020\/10\/logo.png","contentUrl":"https:\/\/integralelektronik.com\/wp-content\/uploads\/2020\/10\/logo.png","width":180,"height":90,"caption":"\u0130ntegral Elektronik"},"image":{"@id":"https:\/\/integralelektronik.com\/#\/schema\/logo\/image\/"}}]}},"_links":{"self":[{"href":"https:\/\/integralelektronik.com\/tr\/wp-json\/wp\/v2\/product\/6546"}],"collection":[{"href":"https:\/\/integralelektronik.com\/tr\/wp-json\/wp\/v2\/product"}],"about":[{"href":"https:\/\/integralelektronik.com\/tr\/wp-json\/wp\/v2\/types\/product"}],"replies":[{"embeddable":true,"href":"https:\/\/integralelektronik.com\/tr\/wp-json\/wp\/v2\/comments?post=6546"}],"wp:featuredmedia":[{"embeddable":true,"href":"https:\/\/integralelektronik.com\/tr\/wp-json\/wp\/v2\/media\/6493"}],"wp:attachment":[{"href":"https:\/\/integralelektronik.com\/tr\/wp-json\/wp\/v2\/media?parent=6546"}],"wp:term":[{"taxonomy":"product_brand","embeddable":true,"href":"https:\/\/integralelektronik.com\/tr\/wp-json\/wp\/v2\/product_brand?post=6546"},{"taxonomy":"product_cat","embeddable":true,"href":"https:\/\/integralelektronik.com\/tr\/wp-json\/wp\/v2\/product_cat?post=6546"},{"taxonomy":"product_tag","embeddable":true,"href":"https:\/\/integralelektronik.com\/tr\/wp-json\/wp\/v2\/product_tag?post=6546"}],"curies":[{"name":"wp","href":"https:\/\/api.w.org\/{rel}","templated":true}]}}