{"id":6475,"date":"2020-11-14T23:19:30","date_gmt":"2020-11-14T20:19:30","guid":{"rendered":"http:\/\/integralelektronik.com\/?post_type=product&#038;p=6475"},"modified":"2020-11-21T10:02:46","modified_gmt":"2020-11-21T07:02:46","slug":"nx-ad4203","status":"publish","type":"product","link":"https:\/\/integralelektronik.com\/tr\/product\/nx-ad4203\/","title":{"rendered":"NX-AD4203"},"content":{"rendered":"<h2>Teknik \u00d6zellikler<\/h2>\n<h3><\/h3>\n<table class=\"one\">\n<tbody>\n<tr>\n<td>I \/ O sistemi<\/td>\n<td>NX I \/ O Veriyolu<\/td>\n<\/tr>\n<tr>\n<td>Mod\u00fcl t\u00fcr\u00fc<\/td>\n<td>Analog G \/ \u00c7<\/td>\n<\/tr>\n<tr>\n<td>Analog giri\u015flerin say\u0131s\u0131<\/td>\n<td>8<\/td>\n<\/tr>\n<tr>\n<td>S\u0131cakl\u0131k giri\u015f tipi<\/td>\n<td>Yok<\/td>\n<\/tr>\n<tr>\n<td>Do\u011frusal analog giri\u015f tipi<\/td>\n<td>4, 20 mA<\/td>\n<\/tr>\n<tr>\n<td>Analog giri\u015flerin \u00e7\u00f6z\u00fcn\u00fcrl\u00fc\u011f\u00fc<\/td>\n<td>13 Bit<\/td>\n<\/tr>\n<tr>\n<td>Giri\u015f devresi tipi<\/td>\n<td>Tek u\u00e7lu<\/td>\n<\/tr>\n<tr>\n<td>Analog \u00e7\u0131k\u0131\u015flar\u0131n say\u0131s\u0131<\/td>\n<td>0<\/td>\n<\/tr>\n<tr>\n<td>Do\u011frusal analog \u00e7\u0131k\u0131\u015f tipi<\/td>\n<td>Yok<\/td>\n<\/tr>\n<tr>\n<td>D\u00f6n\u00fc\u015f\u00fcm s\u00fcresi<\/td>\n<td>2 ms \/ birim<\/td>\n<\/tr>\n<tr>\n<td>Sinyal i\u015fleme<\/td>\n<td>Serbest ko\u015fu<\/td>\n<\/tr>\n<tr>\n<td>IO ba\u011flant\u0131 y\u00f6neticisi<\/td>\n<td>\u2013<\/td>\n<\/tr>\n<tr>\n<td>G \/ \u00c7 ba\u011flant\u0131 t\u00fcr\u00fc<\/td>\n<td>\u0130tin<\/td>\n<\/tr>\n<tr>\n<td>G \/ \u00c7 konekt\u00f6rlerinin say\u0131s\u0131<\/td>\n<td>1<\/td>\n<\/tr>\n<tr>\n<td>\u00c7\u0131kar\u0131labilir G \/ \u00c7 konekt\u00f6r\u00fc<\/td>\n<td>+<\/td>\n<\/tr>\n<tr>\n<td>G\u00fcvenlik fonksiyonlar\u0131 i\u00e7in uygun<\/td>\n<td>\u2013<\/td>\n<\/tr>\n<tr>\n<td>IEC 61508&#8217;e g\u00f6re SIL<\/td>\n<td>Yok<\/td>\n<\/tr>\n<tr>\n<td>Koruma derecesi (IP)<\/td>\n<td>IP20<\/td>\n<\/tr>\n<tr>\n<td>Y\u00fckseklik<\/td>\n<td>100 mm<\/td>\n<\/tr>\n<tr>\n<td>Geni\u015flik<\/td>\n<td>12 mm<\/td>\n<\/tr>\n<tr>\n<td>Derinlik<\/td>\n<td>71 mm<\/td>\n<\/tr>\n<\/tbody>\n<\/table>\n","protected":false},"excerpt":{"rendered":"<h2>8 Analog Giri\u015f,<\/h2>\n<h3 class=\"subtitle\">4 ila 20 mA tek u\u00e7lu, \u00e7\u00f6z\u00fcn\u00fcrl\u00fck 1: 8000, 250 \u00b5s \/ ch, vidas\u0131z ge\u00e7meli konekt\u00f6r, 12 mm geni\u015flik<\/h3>\n","protected":false},"featured_media":6465,"comment_status":"open","ping_status":"closed","template":"","meta":[],"product_brand":[],"product_cat":[443,438],"product_tag":[],"class_list":{"0":"post-6475","1":"product","2":"type-product","3":"status-publish","4":"has-post-thumbnail","6":"product_cat-giris-ve-cikis-modulleri","7":"product_cat-omron-2","9":"first","10":"instock","11":"shipping-taxable","12":"product-type-simple"},"yoast_head":"<!-- This site is optimized with the Yoast SEO plugin v24.3 - https:\/\/yoast.com\/wordpress\/plugins\/seo\/ -->\n<title>NX-AD4203 - \u0130ntegral Elektronik<\/title>\n<meta name=\"robots\" content=\"index, follow, max-snippet:-1, max-image-preview:large, max-video-preview:-1\" \/>\n<link rel=\"canonical\" href=\"https:\/\/integralelektronik.com\/tr\/product\/nx-ad4203\/\" \/>\n<meta property=\"og:locale\" content=\"tr_TR\" \/>\n<meta property=\"og:type\" content=\"article\" \/>\n<meta property=\"og:title\" content=\"NX-AD4203 - \u0130ntegral Elektronik\" \/>\n<meta property=\"og:description\" content=\"8 Analog Giri\u015f, 4 ila 20 mA tek u\u00e7lu, \u00e7\u00f6z\u00fcn\u00fcrl\u00fck 1: 8000, 250 \u00b5s \/ ch, vidas\u0131z ge\u00e7meli konekt\u00f6r, 12 mm geni\u015flik\" \/>\n<meta property=\"og:url\" content=\"https:\/\/integralelektronik.com\/tr\/product\/nx-ad4203\/\" \/>\n<meta property=\"og:site_name\" content=\"\u0130ntegral Elektronik\" \/>\n<meta property=\"article:modified_time\" content=\"2020-11-21T07:02:46+00:00\" \/>\n<meta property=\"og:image\" content=\"https:\/\/integralelektronik.com\/wp-content\/uploads\/2020\/11\/NX-AD4203-1003xX.jpg\" \/>\n\t<meta property=\"og:image:width\" content=\"1003\" \/>\n\t<meta property=\"og:image:height\" content=\"1003\" \/>\n\t<meta property=\"og:image:type\" content=\"image\/jpeg\" \/>\n<meta name=\"twitter:card\" content=\"summary_large_image\" \/>\n<meta name=\"twitter:label1\" content=\"Tahmini okuma s\u00fcresi\" \/>\n\t<meta name=\"twitter:data1\" content=\"1 dakika\" \/>\n<script type=\"application\/ld+json\" class=\"yoast-schema-graph\">{\"@context\":\"https:\/\/schema.org\",\"@graph\":[{\"@type\":\"WebPage\",\"@id\":\"https:\/\/integralelektronik.com\/tr\/product\/nx-ad4203\/\",\"url\":\"https:\/\/integralelektronik.com\/tr\/product\/nx-ad4203\/\",\"name\":\"NX-AD4203 - \u0130ntegral Elektronik\",\"isPartOf\":{\"@id\":\"https:\/\/integralelektronik.com\/#website\"},\"primaryImageOfPage\":{\"@id\":\"https:\/\/integralelektronik.com\/tr\/product\/nx-ad4203\/#primaryimage\"},\"image\":{\"@id\":\"https:\/\/integralelektronik.com\/tr\/product\/nx-ad4203\/#primaryimage\"},\"thumbnailUrl\":\"https:\/\/integralelektronik.com\/wp-content\/uploads\/2020\/11\/NX-AD4203-1003xX.jpg\",\"datePublished\":\"2020-11-14T20:19:30+00:00\",\"dateModified\":\"2020-11-21T07:02:46+00:00\",\"breadcrumb\":{\"@id\":\"https:\/\/integralelektronik.com\/tr\/product\/nx-ad4203\/#breadcrumb\"},\"inLanguage\":\"tr\",\"potentialAction\":[{\"@type\":\"ReadAction\",\"target\":[\"https:\/\/integralelektronik.com\/tr\/product\/nx-ad4203\/\"]}]},{\"@type\":\"ImageObject\",\"inLanguage\":\"tr\",\"@id\":\"https:\/\/integralelektronik.com\/tr\/product\/nx-ad4203\/#primaryimage\",\"url\":\"https:\/\/integralelektronik.com\/wp-content\/uploads\/2020\/11\/NX-AD4203-1003xX.jpg\",\"contentUrl\":\"https:\/\/integralelektronik.com\/wp-content\/uploads\/2020\/11\/NX-AD4203-1003xX.jpg\",\"width\":1003,\"height\":1003},{\"@type\":\"BreadcrumbList\",\"@id\":\"https:\/\/integralelektronik.com\/tr\/product\/nx-ad4203\/#breadcrumb\",\"itemListElement\":[{\"@type\":\"ListItem\",\"position\":1,\"name\":\"Home\",\"item\":\"https:\/\/integralelektronik.com\/tr\/\"},{\"@type\":\"ListItem\",\"position\":2,\"name\":\"Shop\",\"item\":\"https:\/\/integralelektronik.com\/shop\/\"},{\"@type\":\"ListItem\",\"position\":3,\"name\":\"NX-AD4203\"}]},{\"@type\":\"WebSite\",\"@id\":\"https:\/\/integralelektronik.com\/#website\",\"url\":\"https:\/\/integralelektronik.com\/\",\"name\":\"\u0130ntegral Elektronik\",\"description\":\"\",\"publisher\":{\"@id\":\"https:\/\/integralelektronik.com\/#organization\"},\"potentialAction\":[{\"@type\":\"SearchAction\",\"target\":{\"@type\":\"EntryPoint\",\"urlTemplate\":\"https:\/\/integralelektronik.com\/?s={search_term_string}\"},\"query-input\":{\"@type\":\"PropertyValueSpecification\",\"valueRequired\":true,\"valueName\":\"search_term_string\"}}],\"inLanguage\":\"tr\"},{\"@type\":\"Organization\",\"@id\":\"https:\/\/integralelektronik.com\/#organization\",\"name\":\"\u0130ntegral Elektronik\",\"url\":\"https:\/\/integralelektronik.com\/\",\"logo\":{\"@type\":\"ImageObject\",\"inLanguage\":\"tr\",\"@id\":\"https:\/\/integralelektronik.com\/#\/schema\/logo\/image\/\",\"url\":\"https:\/\/integralelektronik.com\/wp-content\/uploads\/2020\/10\/logo.png\",\"contentUrl\":\"https:\/\/integralelektronik.com\/wp-content\/uploads\/2020\/10\/logo.png\",\"width\":180,\"height\":90,\"caption\":\"\u0130ntegral Elektronik\"},\"image\":{\"@id\":\"https:\/\/integralelektronik.com\/#\/schema\/logo\/image\/\"}}]}<\/script>\n<!-- \/ Yoast SEO plugin. -->","yoast_head_json":{"title":"NX-AD4203 - \u0130ntegral Elektronik","robots":{"index":"index","follow":"follow","max-snippet":"max-snippet:-1","max-image-preview":"max-image-preview:large","max-video-preview":"max-video-preview:-1"},"canonical":"https:\/\/integralelektronik.com\/tr\/product\/nx-ad4203\/","og_locale":"tr_TR","og_type":"article","og_title":"NX-AD4203 - \u0130ntegral Elektronik","og_description":"8 Analog Giri\u015f, 4 ila 20 mA tek u\u00e7lu, \u00e7\u00f6z\u00fcn\u00fcrl\u00fck 1: 8000, 250 \u00b5s \/ ch, vidas\u0131z ge\u00e7meli konekt\u00f6r, 12 mm geni\u015flik","og_url":"https:\/\/integralelektronik.com\/tr\/product\/nx-ad4203\/","og_site_name":"\u0130ntegral Elektronik","article_modified_time":"2020-11-21T07:02:46+00:00","og_image":[{"width":1003,"height":1003,"url":"https:\/\/integralelektronik.com\/wp-content\/uploads\/2020\/11\/NX-AD4203-1003xX.jpg","type":"image\/jpeg"}],"twitter_card":"summary_large_image","twitter_misc":{"Tahmini okuma s\u00fcresi":"1 dakika"},"schema":{"@context":"https:\/\/schema.org","@graph":[{"@type":"WebPage","@id":"https:\/\/integralelektronik.com\/tr\/product\/nx-ad4203\/","url":"https:\/\/integralelektronik.com\/tr\/product\/nx-ad4203\/","name":"NX-AD4203 - \u0130ntegral Elektronik","isPartOf":{"@id":"https:\/\/integralelektronik.com\/#website"},"primaryImageOfPage":{"@id":"https:\/\/integralelektronik.com\/tr\/product\/nx-ad4203\/#primaryimage"},"image":{"@id":"https:\/\/integralelektronik.com\/tr\/product\/nx-ad4203\/#primaryimage"},"thumbnailUrl":"https:\/\/integralelektronik.com\/wp-content\/uploads\/2020\/11\/NX-AD4203-1003xX.jpg","datePublished":"2020-11-14T20:19:30+00:00","dateModified":"2020-11-21T07:02:46+00:00","breadcrumb":{"@id":"https:\/\/integralelektronik.com\/tr\/product\/nx-ad4203\/#breadcrumb"},"inLanguage":"tr","potentialAction":[{"@type":"ReadAction","target":["https:\/\/integralelektronik.com\/tr\/product\/nx-ad4203\/"]}]},{"@type":"ImageObject","inLanguage":"tr","@id":"https:\/\/integralelektronik.com\/tr\/product\/nx-ad4203\/#primaryimage","url":"https:\/\/integralelektronik.com\/wp-content\/uploads\/2020\/11\/NX-AD4203-1003xX.jpg","contentUrl":"https:\/\/integralelektronik.com\/wp-content\/uploads\/2020\/11\/NX-AD4203-1003xX.jpg","width":1003,"height":1003},{"@type":"BreadcrumbList","@id":"https:\/\/integralelektronik.com\/tr\/product\/nx-ad4203\/#breadcrumb","itemListElement":[{"@type":"ListItem","position":1,"name":"Home","item":"https:\/\/integralelektronik.com\/tr\/"},{"@type":"ListItem","position":2,"name":"Shop","item":"https:\/\/integralelektronik.com\/shop\/"},{"@type":"ListItem","position":3,"name":"NX-AD4203"}]},{"@type":"WebSite","@id":"https:\/\/integralelektronik.com\/#website","url":"https:\/\/integralelektronik.com\/","name":"\u0130ntegral Elektronik","description":"","publisher":{"@id":"https:\/\/integralelektronik.com\/#organization"},"potentialAction":[{"@type":"SearchAction","target":{"@type":"EntryPoint","urlTemplate":"https:\/\/integralelektronik.com\/?s={search_term_string}"},"query-input":{"@type":"PropertyValueSpecification","valueRequired":true,"valueName":"search_term_string"}}],"inLanguage":"tr"},{"@type":"Organization","@id":"https:\/\/integralelektronik.com\/#organization","name":"\u0130ntegral Elektronik","url":"https:\/\/integralelektronik.com\/","logo":{"@type":"ImageObject","inLanguage":"tr","@id":"https:\/\/integralelektronik.com\/#\/schema\/logo\/image\/","url":"https:\/\/integralelektronik.com\/wp-content\/uploads\/2020\/10\/logo.png","contentUrl":"https:\/\/integralelektronik.com\/wp-content\/uploads\/2020\/10\/logo.png","width":180,"height":90,"caption":"\u0130ntegral Elektronik"},"image":{"@id":"https:\/\/integralelektronik.com\/#\/schema\/logo\/image\/"}}]}},"_links":{"self":[{"href":"https:\/\/integralelektronik.com\/tr\/wp-json\/wp\/v2\/product\/6475"}],"collection":[{"href":"https:\/\/integralelektronik.com\/tr\/wp-json\/wp\/v2\/product"}],"about":[{"href":"https:\/\/integralelektronik.com\/tr\/wp-json\/wp\/v2\/types\/product"}],"replies":[{"embeddable":true,"href":"https:\/\/integralelektronik.com\/tr\/wp-json\/wp\/v2\/comments?post=6475"}],"wp:featuredmedia":[{"embeddable":true,"href":"https:\/\/integralelektronik.com\/tr\/wp-json\/wp\/v2\/media\/6465"}],"wp:attachment":[{"href":"https:\/\/integralelektronik.com\/tr\/wp-json\/wp\/v2\/media?parent=6475"}],"wp:term":[{"taxonomy":"product_brand","embeddable":true,"href":"https:\/\/integralelektronik.com\/tr\/wp-json\/wp\/v2\/product_brand?post=6475"},{"taxonomy":"product_cat","embeddable":true,"href":"https:\/\/integralelektronik.com\/tr\/wp-json\/wp\/v2\/product_cat?post=6475"},{"taxonomy":"product_tag","embeddable":true,"href":"https:\/\/integralelektronik.com\/tr\/wp-json\/wp\/v2\/product_tag?post=6475"}],"curies":[{"name":"wp","href":"https:\/\/api.w.org\/{rel}","templated":true}]}}