{"id":6456,"date":"2020-11-14T22:44:13","date_gmt":"2020-11-14T19:44:13","guid":{"rendered":"http:\/\/integralelektronik.com\/?post_type=product&#038;p=6456"},"modified":"2020-11-21T10:04:54","modified_gmt":"2020-11-21T07:04:54","slug":"nx1p2-9024dt1","status":"publish","type":"product","link":"https:\/\/integralelektronik.com\/tr\/product\/nx1p2-9024dt1\/","title":{"rendered":"NX1P2-9024DT1"},"content":{"rendered":"<h2><span class=\"\">Teknik \u00d6zellikler<\/span><\/h2>\n<h3><\/h3>\n<table class=\"one\">\n<tbody>\n<tr>\n<td>Birincil g\u00f6rev d\u00f6ng\u00fcs\u00fc s\u00fcresi<\/td>\n<td>2 ms<\/td>\n<\/tr>\n<tr>\n<td>Program haf\u0131zas\u0131<\/td>\n<td>1.5 MB<\/td>\n<\/tr>\n<tr>\n<td>De\u011fi\u015fkenler belle\u011fi<\/td>\n<td>2 MB<\/td>\n<\/tr>\n<tr>\n<td>Maks. Alan say\u0131s\u0131\u00a0senkron eksen say\u0131s\u0131<\/td>\n<td>0<\/td>\n<\/tr>\n<tr>\n<td>Maks. Alan say\u0131s\u0131\u00a0PTP eksenlerinin say\u0131s\u0131<\/td>\n<td>4<\/td>\n<\/tr>\n<tr>\n<td>Dijital giri\u015flerin say\u0131s\u0131<\/td>\n<td>14<\/td>\n<\/tr>\n<tr>\n<td>Giri\u015f tipi<\/td>\n<td>PNP \/ NPN<\/td>\n<\/tr>\n<tr>\n<td>Dijital \u00e7\u0131kt\u0131lar\u0131n say\u0131s\u0131<\/td>\n<td>10<\/td>\n<\/tr>\n<tr>\n<td>\u00c7\u0131kt\u0131 t\u00fcr\u00fc<\/td>\n<td>PNP<\/td>\n<\/tr>\n<tr>\n<td>Seri se\u00e7enek kartlar\u0131n\u0131n say\u0131s\u0131<\/td>\n<td>1<\/td>\n<\/tr>\n<tr>\n<td>Maks. Alan say\u0131s\u0131\u00a0geni\u015fletme birimi say\u0131s\u0131<\/td>\n<td>8<\/td>\n<\/tr>\n<tr>\n<td>Maks. Alan say\u0131s\u0131\u00a0uzak G \/ \u00c7 d\u00fc\u011f\u00fcmlerinin say\u0131s\u0131<\/td>\n<td>16<\/td>\n<\/tr>\n<tr>\n<td>\u0130leti\u015fim ba\u011flant\u0131 noktalar\u0131<\/td>\n<td>EtherCAT Master, EtherNet \/ IP, Ethernet TCP \/ IP<\/td>\n<\/tr>\n<tr>\n<td>Ethernet ba\u011flant\u0131 noktas\u0131 say\u0131s\u0131<\/td>\n<td>2<\/td>\n<\/tr>\n<tr>\n<td>USB ba\u011flant\u0131 noktas\u0131 say\u0131s\u0131<\/td>\n<td>0<\/td>\n<\/tr>\n<tr>\n<td>\u0130leti\u015fim se\u00e7enekleri<\/td>\n<td>Seri RS-232C, Seri RS-422, Seri RS-485<\/td>\n<\/tr>\n<tr>\n<td>Ger\u00e7ek zamanl\u0131 saat<\/td>\n<td><\/td>\n<\/tr>\n<tr>\n<td>DC besleme gerilimi<\/td>\n<td>20.4-28.8V<\/td>\n<\/tr>\n<tr>\n<td>Y\u00fckseklik<\/td>\n<td>100 mm<\/td>\n<\/tr>\n<tr>\n<td>Geni\u015flik<\/td>\n<td>130 mm<\/td>\n<\/tr>\n<tr>\n<td>Derinlik<\/td>\n<td>71 mm<\/td>\n<\/tr>\n<\/tbody>\n<\/table>\n","protected":false},"excerpt":{"rendered":"<h2>24 Dijital Transist\u00f6r I \/ O (PNP) ile Sysmac NX1P CPU,<\/h2>\n<h3>1,5 MB bellek, EtherCAT (0 servo eksen, 4 PTP ekseni, 16 EtherCAT d\u00fc\u011f\u00fcm\u00fc), EtherNet \/ IP ve 1 seri opsiyon portu<\/h3>\n","protected":false},"featured_media":6446,"comment_status":"open","ping_status":"closed","template":"","meta":[],"product_brand":[],"product_cat":[442,438],"product_tag":[],"class_list":{"0":"post-6456","1":"product","2":"type-product","3":"status-publish","4":"has-post-thumbnail","6":"product_cat-hareket-kontrolorleri","7":"product_cat-omron-2","9":"first","10":"instock","11":"shipping-taxable","12":"product-type-simple"},"yoast_head":"<!-- This site is optimized with the Yoast SEO plugin v24.3 - https:\/\/yoast.com\/wordpress\/plugins\/seo\/ -->\n<title>NX1P2-9024DT1 - \u0130ntegral Elektronik<\/title>\n<meta name=\"robots\" content=\"index, follow, max-snippet:-1, max-image-preview:large, max-video-preview:-1\" \/>\n<link rel=\"canonical\" href=\"https:\/\/integralelektronik.com\/tr\/product\/nx1p2-9024dt1\/\" \/>\n<meta property=\"og:locale\" content=\"tr_TR\" \/>\n<meta property=\"og:type\" content=\"article\" \/>\n<meta property=\"og:title\" content=\"NX1P2-9024DT1 - \u0130ntegral Elektronik\" \/>\n<meta property=\"og:description\" content=\"24 Dijital Transist\u00f6r I \/ O (PNP) ile Sysmac NX1P CPU, 1,5 MB bellek, EtherCAT (0 servo eksen, 4 PTP ekseni, 16 EtherCAT d\u00fc\u011f\u00fcm\u00fc), EtherNet \/ IP ve 1 seri opsiyon portu\" \/>\n<meta property=\"og:url\" content=\"https:\/\/integralelektronik.com\/tr\/product\/nx1p2-9024dt1\/\" \/>\n<meta property=\"og:site_name\" content=\"\u0130ntegral Elektronik\" \/>\n<meta property=\"article:modified_time\" content=\"2020-11-21T07:04:54+00:00\" \/>\n<meta property=\"og:image\" content=\"https:\/\/integralelektronik.com\/wp-content\/uploads\/2020\/11\/NX1P2-xx24DTx-1003xX.jpg\" \/>\n\t<meta property=\"og:image:width\" content=\"1003\" \/>\n\t<meta property=\"og:image:height\" content=\"1003\" \/>\n\t<meta property=\"og:image:type\" content=\"image\/jpeg\" \/>\n<meta name=\"twitter:card\" content=\"summary_large_image\" \/>\n<meta name=\"twitter:label1\" content=\"Tahmini okuma s\u00fcresi\" \/>\n\t<meta name=\"twitter:data1\" content=\"1 dakika\" \/>\n<script type=\"application\/ld+json\" class=\"yoast-schema-graph\">{\"@context\":\"https:\/\/schema.org\",\"@graph\":[{\"@type\":\"WebPage\",\"@id\":\"https:\/\/integralelektronik.com\/tr\/product\/nx1p2-9024dt1\/\",\"url\":\"https:\/\/integralelektronik.com\/tr\/product\/nx1p2-9024dt1\/\",\"name\":\"NX1P2-9024DT1 - \u0130ntegral Elektronik\",\"isPartOf\":{\"@id\":\"https:\/\/integralelektronik.com\/#website\"},\"primaryImageOfPage\":{\"@id\":\"https:\/\/integralelektronik.com\/tr\/product\/nx1p2-9024dt1\/#primaryimage\"},\"image\":{\"@id\":\"https:\/\/integralelektronik.com\/tr\/product\/nx1p2-9024dt1\/#primaryimage\"},\"thumbnailUrl\":\"https:\/\/integralelektronik.com\/wp-content\/uploads\/2020\/11\/NX1P2-xx24DTx-1003xX.jpg\",\"datePublished\":\"2020-11-14T19:44:13+00:00\",\"dateModified\":\"2020-11-21T07:04:54+00:00\",\"breadcrumb\":{\"@id\":\"https:\/\/integralelektronik.com\/tr\/product\/nx1p2-9024dt1\/#breadcrumb\"},\"inLanguage\":\"tr\",\"potentialAction\":[{\"@type\":\"ReadAction\",\"target\":[\"https:\/\/integralelektronik.com\/tr\/product\/nx1p2-9024dt1\/\"]}]},{\"@type\":\"ImageObject\",\"inLanguage\":\"tr\",\"@id\":\"https:\/\/integralelektronik.com\/tr\/product\/nx1p2-9024dt1\/#primaryimage\",\"url\":\"https:\/\/integralelektronik.com\/wp-content\/uploads\/2020\/11\/NX1P2-xx24DTx-1003xX.jpg\",\"contentUrl\":\"https:\/\/integralelektronik.com\/wp-content\/uploads\/2020\/11\/NX1P2-xx24DTx-1003xX.jpg\",\"width\":1003,\"height\":1003},{\"@type\":\"BreadcrumbList\",\"@id\":\"https:\/\/integralelektronik.com\/tr\/product\/nx1p2-9024dt1\/#breadcrumb\",\"itemListElement\":[{\"@type\":\"ListItem\",\"position\":1,\"name\":\"Home\",\"item\":\"https:\/\/integralelektronik.com\/tr\/\"},{\"@type\":\"ListItem\",\"position\":2,\"name\":\"Shop\",\"item\":\"https:\/\/integralelektronik.com\/shop\/\"},{\"@type\":\"ListItem\",\"position\":3,\"name\":\"NX1P2-9024DT1\"}]},{\"@type\":\"WebSite\",\"@id\":\"https:\/\/integralelektronik.com\/#website\",\"url\":\"https:\/\/integralelektronik.com\/\",\"name\":\"\u0130ntegral Elektronik\",\"description\":\"\",\"publisher\":{\"@id\":\"https:\/\/integralelektronik.com\/#organization\"},\"potentialAction\":[{\"@type\":\"SearchAction\",\"target\":{\"@type\":\"EntryPoint\",\"urlTemplate\":\"https:\/\/integralelektronik.com\/?s={search_term_string}\"},\"query-input\":{\"@type\":\"PropertyValueSpecification\",\"valueRequired\":true,\"valueName\":\"search_term_string\"}}],\"inLanguage\":\"tr\"},{\"@type\":\"Organization\",\"@id\":\"https:\/\/integralelektronik.com\/#organization\",\"name\":\"\u0130ntegral Elektronik\",\"url\":\"https:\/\/integralelektronik.com\/\",\"logo\":{\"@type\":\"ImageObject\",\"inLanguage\":\"tr\",\"@id\":\"https:\/\/integralelektronik.com\/#\/schema\/logo\/image\/\",\"url\":\"https:\/\/integralelektronik.com\/wp-content\/uploads\/2020\/10\/logo.png\",\"contentUrl\":\"https:\/\/integralelektronik.com\/wp-content\/uploads\/2020\/10\/logo.png\",\"width\":180,\"height\":90,\"caption\":\"\u0130ntegral Elektronik\"},\"image\":{\"@id\":\"https:\/\/integralelektronik.com\/#\/schema\/logo\/image\/\"}}]}<\/script>\n<!-- \/ Yoast SEO plugin. -->","yoast_head_json":{"title":"NX1P2-9024DT1 - \u0130ntegral Elektronik","robots":{"index":"index","follow":"follow","max-snippet":"max-snippet:-1","max-image-preview":"max-image-preview:large","max-video-preview":"max-video-preview:-1"},"canonical":"https:\/\/integralelektronik.com\/tr\/product\/nx1p2-9024dt1\/","og_locale":"tr_TR","og_type":"article","og_title":"NX1P2-9024DT1 - \u0130ntegral Elektronik","og_description":"24 Dijital Transist\u00f6r I \/ O (PNP) ile Sysmac NX1P CPU, 1,5 MB bellek, EtherCAT (0 servo eksen, 4 PTP ekseni, 16 EtherCAT d\u00fc\u011f\u00fcm\u00fc), EtherNet \/ IP ve 1 seri opsiyon portu","og_url":"https:\/\/integralelektronik.com\/tr\/product\/nx1p2-9024dt1\/","og_site_name":"\u0130ntegral Elektronik","article_modified_time":"2020-11-21T07:04:54+00:00","og_image":[{"width":1003,"height":1003,"url":"https:\/\/integralelektronik.com\/wp-content\/uploads\/2020\/11\/NX1P2-xx24DTx-1003xX.jpg","type":"image\/jpeg"}],"twitter_card":"summary_large_image","twitter_misc":{"Tahmini okuma s\u00fcresi":"1 dakika"},"schema":{"@context":"https:\/\/schema.org","@graph":[{"@type":"WebPage","@id":"https:\/\/integralelektronik.com\/tr\/product\/nx1p2-9024dt1\/","url":"https:\/\/integralelektronik.com\/tr\/product\/nx1p2-9024dt1\/","name":"NX1P2-9024DT1 - \u0130ntegral Elektronik","isPartOf":{"@id":"https:\/\/integralelektronik.com\/#website"},"primaryImageOfPage":{"@id":"https:\/\/integralelektronik.com\/tr\/product\/nx1p2-9024dt1\/#primaryimage"},"image":{"@id":"https:\/\/integralelektronik.com\/tr\/product\/nx1p2-9024dt1\/#primaryimage"},"thumbnailUrl":"https:\/\/integralelektronik.com\/wp-content\/uploads\/2020\/11\/NX1P2-xx24DTx-1003xX.jpg","datePublished":"2020-11-14T19:44:13+00:00","dateModified":"2020-11-21T07:04:54+00:00","breadcrumb":{"@id":"https:\/\/integralelektronik.com\/tr\/product\/nx1p2-9024dt1\/#breadcrumb"},"inLanguage":"tr","potentialAction":[{"@type":"ReadAction","target":["https:\/\/integralelektronik.com\/tr\/product\/nx1p2-9024dt1\/"]}]},{"@type":"ImageObject","inLanguage":"tr","@id":"https:\/\/integralelektronik.com\/tr\/product\/nx1p2-9024dt1\/#primaryimage","url":"https:\/\/integralelektronik.com\/wp-content\/uploads\/2020\/11\/NX1P2-xx24DTx-1003xX.jpg","contentUrl":"https:\/\/integralelektronik.com\/wp-content\/uploads\/2020\/11\/NX1P2-xx24DTx-1003xX.jpg","width":1003,"height":1003},{"@type":"BreadcrumbList","@id":"https:\/\/integralelektronik.com\/tr\/product\/nx1p2-9024dt1\/#breadcrumb","itemListElement":[{"@type":"ListItem","position":1,"name":"Home","item":"https:\/\/integralelektronik.com\/tr\/"},{"@type":"ListItem","position":2,"name":"Shop","item":"https:\/\/integralelektronik.com\/shop\/"},{"@type":"ListItem","position":3,"name":"NX1P2-9024DT1"}]},{"@type":"WebSite","@id":"https:\/\/integralelektronik.com\/#website","url":"https:\/\/integralelektronik.com\/","name":"\u0130ntegral Elektronik","description":"","publisher":{"@id":"https:\/\/integralelektronik.com\/#organization"},"potentialAction":[{"@type":"SearchAction","target":{"@type":"EntryPoint","urlTemplate":"https:\/\/integralelektronik.com\/?s={search_term_string}"},"query-input":{"@type":"PropertyValueSpecification","valueRequired":true,"valueName":"search_term_string"}}],"inLanguage":"tr"},{"@type":"Organization","@id":"https:\/\/integralelektronik.com\/#organization","name":"\u0130ntegral Elektronik","url":"https:\/\/integralelektronik.com\/","logo":{"@type":"ImageObject","inLanguage":"tr","@id":"https:\/\/integralelektronik.com\/#\/schema\/logo\/image\/","url":"https:\/\/integralelektronik.com\/wp-content\/uploads\/2020\/10\/logo.png","contentUrl":"https:\/\/integralelektronik.com\/wp-content\/uploads\/2020\/10\/logo.png","width":180,"height":90,"caption":"\u0130ntegral Elektronik"},"image":{"@id":"https:\/\/integralelektronik.com\/#\/schema\/logo\/image\/"}}]}},"_links":{"self":[{"href":"https:\/\/integralelektronik.com\/tr\/wp-json\/wp\/v2\/product\/6456"}],"collection":[{"href":"https:\/\/integralelektronik.com\/tr\/wp-json\/wp\/v2\/product"}],"about":[{"href":"https:\/\/integralelektronik.com\/tr\/wp-json\/wp\/v2\/types\/product"}],"replies":[{"embeddable":true,"href":"https:\/\/integralelektronik.com\/tr\/wp-json\/wp\/v2\/comments?post=6456"}],"wp:featuredmedia":[{"embeddable":true,"href":"https:\/\/integralelektronik.com\/tr\/wp-json\/wp\/v2\/media\/6446"}],"wp:attachment":[{"href":"https:\/\/integralelektronik.com\/tr\/wp-json\/wp\/v2\/media?parent=6456"}],"wp:term":[{"taxonomy":"product_brand","embeddable":true,"href":"https:\/\/integralelektronik.com\/tr\/wp-json\/wp\/v2\/product_brand?post=6456"},{"taxonomy":"product_cat","embeddable":true,"href":"https:\/\/integralelektronik.com\/tr\/wp-json\/wp\/v2\/product_cat?post=6456"},{"taxonomy":"product_tag","embeddable":true,"href":"https:\/\/integralelektronik.com\/tr\/wp-json\/wp\/v2\/product_tag?post=6456"}],"curies":[{"name":"wp","href":"https:\/\/api.w.org\/{rel}","templated":true}]}}