{"id":6453,"date":"2020-11-14T22:42:28","date_gmt":"2020-11-14T19:42:28","guid":{"rendered":"http:\/\/integralelektronik.com\/?post_type=product&#038;p=6453"},"modified":"2023-03-27T05:16:09","modified_gmt":"2023-03-27T02:16:09","slug":"cj1w-nc_3","status":"publish","type":"product","link":"https:\/\/integralelektronik.com\/tr\/product\/cj1w-nc_3\/","title":{"rendered":"CJ1W-NC_3"},"content":{"rendered":"<ul>\n<li class=\"page-width\">Konumland\u0131rma, do\u011frudan merdiven komutlar\u0131yla yap\u0131labilir<\/li>\n<\/ul>\n<div class=\"framemaker\">\n<ul>\n<li>Konum ve h\u0131z kontrol\u00fc<\/li>\n<li>Do\u011frusal enterpolasyon<\/li>\n<li>Besleme i\u015flevini kes<\/li>\n<li>Bellekten yap\u0131lan 100 noktan\u0131n konumland\u0131r\u0131lmas\u0131<\/li>\n<li>Konumland\u0131rma verileri dahili flash belle\u011fe kaydedilir ve yedek bir pil bulundurma ihtiyac\u0131n\u0131 ortadan kald\u0131r\u0131r.<\/li>\n<\/ul>\n<h2 class=\"Head-2-1sp\"><a id=\"pgfId-999304\" name=\"pgfId-999304\"><\/a>Pozisyon kontrol \u00fcnitesi<\/h2>\n<table border=\"1\">\n<tbody>\n<tr>\n<th colspan=\"1\" rowspan=\"1\">\n<p class=\"table-title-l-white\"><a id=\"pgfId-999277\" name=\"pgfId-999277\"><\/a>\u0130sim<\/p>\n<\/th>\n<th colspan=\"1\" rowspan=\"1\">\n<p class=\"table-title-l-white\"><a id=\"pgfId-999279\" name=\"pgfId-999279\"><\/a>Sipari\u015f kodu<\/p>\n<\/th>\n<\/tr>\n<tr>\n<td colspan=\"1\" rowspan=\"1\">\n<p class=\"table-body-l\"><a id=\"pgfId-999281\" name=\"pgfId-999281\"><\/a>1 eksen pozisyon kontrol \u00fcnitesi.\u00a0A\u00e7\u0131k kollekt\u00f6r \u00e7\u0131k\u0131\u015f\u0131.<\/p>\n<\/td>\n<td colspan=\"1\" rowspan=\"1\">\n<p class=\"table-body-l\"><a id=\"pgfId-999283\" name=\"pgfId-999283\"><\/a>CJ1W-NC113<\/p>\n<\/td>\n<\/tr>\n<tr>\n<td colspan=\"1\" rowspan=\"1\">\n<p class=\"table-body-l\"><a id=\"pgfId-999285\" name=\"pgfId-999285\"><\/a>2 eksen pozisyon kontrol \u00fcnitesi.\u00a0A\u00e7\u0131k kollekt\u00f6r \u00e7\u0131k\u0131\u015f\u0131.<\/p>\n<\/td>\n<td colspan=\"1\" rowspan=\"1\">\n<p class=\"table-body-l\"><a id=\"pgfId-999287\" name=\"pgfId-999287\"><\/a>CJ1W-NC213<\/p>\n<\/td>\n<\/tr>\n<tr>\n<td colspan=\"1\" rowspan=\"1\">\n<p class=\"table-body-l\"><a id=\"pgfId-999289\" name=\"pgfId-999289\"><\/a>4 eksen pozisyon kontrol \u00fcnitesi.\u00a0A\u00e7\u0131k kollekt\u00f6r \u00e7\u0131k\u0131\u015f\u0131.<\/p>\n<\/td>\n<td colspan=\"1\" rowspan=\"1\">\n<p class=\"table-body-l\"><a id=\"pgfId-999291\" name=\"pgfId-999291\"><\/a>CJ1W-NC413<\/p>\n<\/td>\n<\/tr>\n<tr>\n<td colspan=\"1\" rowspan=\"1\">\n<p class=\"table-body-l\"><a id=\"pgfId-999293\" name=\"pgfId-999293\"><\/a>1 eksen pozisyon kontrol \u00fcnitesi.\u00a0Hat s\u00fcr\u00fcc\u00fcs\u00fc \u00e7\u0131k\u0131\u015f\u0131.<\/p>\n<\/td>\n<td colspan=\"1\" rowspan=\"1\">\n<p class=\"table-body-l\"><a id=\"pgfId-999295\" name=\"pgfId-999295\"><\/a>CJ1W-NC133<\/p>\n<\/td>\n<\/tr>\n<tr>\n<td colspan=\"1\" rowspan=\"1\">\n<p class=\"table-body-l\"><a id=\"pgfId-999297\" name=\"pgfId-999297\"><\/a>2 eksen pozisyon kontrol \u00fcnitesi.\u00a0Hat s\u00fcr\u00fcc\u00fcs\u00fc \u00e7\u0131k\u0131\u015f\u0131.<\/p>\n<\/td>\n<td colspan=\"1\" rowspan=\"1\">\n<p class=\"table-body-l\"><a id=\"pgfId-999299\" name=\"pgfId-999299\"><\/a>CJ1W-NC233<\/p>\n<\/td>\n<\/tr>\n<tr>\n<td colspan=\"1\" rowspan=\"1\">\n<p class=\"table-body-l\"><a id=\"pgfId-999301\" name=\"pgfId-999301\"><\/a>4 eksen pozisyon kontrol \u00fcnitesi.\u00a0Hat s\u00fcr\u00fcc\u00fcs\u00fc \u00e7\u0131k\u0131\u015f\u0131.<\/p>\n<\/td>\n<td colspan=\"1\" rowspan=\"1\">\n<p class=\"table-body-l\"><a id=\"pgfId-999303\" name=\"pgfId-999303\"><\/a>CJ1W-NC433<\/p>\n<\/td>\n<\/tr>\n<\/tbody>\n<\/table>\n<h2 class=\"Head-2-1sp\"><a id=\"pgfId-999305\" name=\"pgfId-999305\"><\/a>Servo s\u00fcr\u00fcc\u00fc kablolar\u0131<\/h2>\n<p class=\"note-normal-2clm\"><a id=\"pgfId-999306\" name=\"pgfId-999306\"><\/a>Not: Kablo ve servo r\u00f6le birimleri bilgileri i\u00e7in se\u00e7ili servo sistemler b\u00f6l\u00fcm\u00fcne bak\u0131n.<\/p>\n<h2 class=\"Head-2-1sp\"><a id=\"pgfId-999316\" name=\"pgfId-999316\"><\/a>Bilgisayar yaz\u0131l\u0131m\u0131<\/h2>\n<table border=\"1\">\n<tbody>\n<tr>\n<th colspan=\"1\" rowspan=\"1\">\n<p class=\"table-title-l-white\"><a id=\"pgfId-999309\" name=\"pgfId-999309\"><\/a>Teknik \u00d6zellikler<\/p>\n<\/th>\n<th colspan=\"1\" rowspan=\"1\">\n<p class=\"table-title-l-white\"><a id=\"pgfId-999311\" name=\"pgfId-999311\"><\/a>Sipari\u015f kodu<\/p>\n<\/th>\n<\/tr>\n<tr>\n<td colspan=\"1\" rowspan=\"1\">\n<p class=\"table-body-l\"><a id=\"pgfId-999313\" name=\"pgfId-999313\"><\/a>CX-One<\/p>\n<\/td>\n<td colspan=\"1\" rowspan=\"1\">\n<p class=\"table-body-l\"><a id=\"pgfId-999315\" name=\"pgfId-999315\"><\/a>CX-One<\/p>\n<\/td>\n<\/tr>\n<\/tbody>\n<\/table>\n<\/div>\n","protected":false},"excerpt":{"rendered":"<h2>Darbe katar\u0131 \u00e7\u0131k\u0131\u015fl\u0131 1, 2 veya 4 eksenli noktadan noktaya konumland\u0131rma kontrol\u00f6r\u00fc<\/h2>\n<h3 class=\"subtitle\">NC hareket kontrol\u00f6rleri, darbe dizisi \u00e7\u0131k\u0131\u015flar\u0131 arac\u0131l\u0131\u011f\u0131yla konumland\u0131rma kontrol\u00fcn\u00fc destekler.\u00a0Konumland\u0131rma, trapezoidal veya S-e\u011frisi h\u0131zlanma ve yava\u015flama kullan\u0131larak ger\u00e7ekle\u015ftirilir.\u00a0Darbe katar\u0131 giri\u015fli step motorlarda ve servolarda basit konumland\u0131rmay\u0131 kontrol etmek i\u00e7in idealdir.<\/h3>\n","protected":false},"featured_media":6452,"comment_status":"open","ping_status":"closed","template":"","meta":[],"product_brand":[],"product_cat":[442,438],"product_tag":[],"class_list":{"0":"post-6453","1":"product","2":"type-product","3":"status-publish","4":"has-post-thumbnail","6":"product_cat-hareket-kontrolorleri","7":"product_cat-omron-2","9":"first","10":"instock","11":"shipping-taxable","12":"product-type-simple"},"yoast_head":"<!-- This site is optimized with the Yoast SEO plugin v24.3 - https:\/\/yoast.com\/wordpress\/plugins\/seo\/ -->\n<title>CJ1W-NC_3 - \u0130ntegral Elektronik<\/title>\n<meta name=\"robots\" content=\"index, follow, max-snippet:-1, max-image-preview:large, max-video-preview:-1\" \/>\n<link rel=\"canonical\" href=\"https:\/\/integralelektronik.com\/tr\/product\/cj1w-nc_3\/\" \/>\n<meta property=\"og:locale\" content=\"tr_TR\" \/>\n<meta property=\"og:type\" content=\"article\" \/>\n<meta property=\"og:title\" content=\"CJ1W-NC_3 - \u0130ntegral Elektronik\" \/>\n<meta property=\"og:description\" content=\"Darbe katar\u0131 \u00e7\u0131k\u0131\u015fl\u0131 1, 2 veya 4 eksenli noktadan noktaya konumland\u0131rma kontrol\u00f6r\u00fc NC hareket kontrol\u00f6rleri, darbe dizisi \u00e7\u0131k\u0131\u015flar\u0131 arac\u0131l\u0131\u011f\u0131yla konumland\u0131rma kontrol\u00fcn\u00fc destekler.\u00a0Konumland\u0131rma, trapezoidal veya S-e\u011frisi h\u0131zlanma ve yava\u015flama kullan\u0131larak ger\u00e7ekle\u015ftirilir.\u00a0Darbe katar\u0131 giri\u015fli step motorlarda ve servolarda basit konumland\u0131rmay\u0131 kontrol etmek i\u00e7in idealdir.\" \/>\n<meta property=\"og:url\" content=\"https:\/\/integralelektronik.com\/tr\/product\/cj1w-nc_3\/\" \/>\n<meta property=\"og:site_name\" content=\"\u0130ntegral Elektronik\" \/>\n<meta property=\"article:modified_time\" content=\"2023-03-27T02:16:09+00:00\" \/>\n<meta property=\"og:image\" content=\"https:\/\/integralelektronik.com\/wp-content\/uploads\/2020\/11\/cj1w-nc_prod-400x400-1.jpg\" \/>\n\t<meta property=\"og:image:width\" content=\"400\" \/>\n\t<meta property=\"og:image:height\" content=\"332\" \/>\n\t<meta property=\"og:image:type\" content=\"image\/jpeg\" \/>\n<meta name=\"twitter:card\" content=\"summary_large_image\" \/>\n<meta name=\"twitter:label1\" content=\"Tahmini okuma s\u00fcresi\" \/>\n\t<meta name=\"twitter:data1\" content=\"1 dakika\" \/>\n<script type=\"application\/ld+json\" class=\"yoast-schema-graph\">{\"@context\":\"https:\/\/schema.org\",\"@graph\":[{\"@type\":\"WebPage\",\"@id\":\"https:\/\/integralelektronik.com\/tr\/product\/cj1w-nc_3\/\",\"url\":\"https:\/\/integralelektronik.com\/tr\/product\/cj1w-nc_3\/\",\"name\":\"CJ1W-NC_3 - \u0130ntegral Elektronik\",\"isPartOf\":{\"@id\":\"https:\/\/integralelektronik.com\/#website\"},\"primaryImageOfPage\":{\"@id\":\"https:\/\/integralelektronik.com\/tr\/product\/cj1w-nc_3\/#primaryimage\"},\"image\":{\"@id\":\"https:\/\/integralelektronik.com\/tr\/product\/cj1w-nc_3\/#primaryimage\"},\"thumbnailUrl\":\"https:\/\/integralelektronik.com\/wp-content\/uploads\/2020\/11\/cj1w-nc_prod-400x400-1.jpg\",\"datePublished\":\"2020-11-14T19:42:28+00:00\",\"dateModified\":\"2023-03-27T02:16:09+00:00\",\"breadcrumb\":{\"@id\":\"https:\/\/integralelektronik.com\/tr\/product\/cj1w-nc_3\/#breadcrumb\"},\"inLanguage\":\"tr\",\"potentialAction\":[{\"@type\":\"ReadAction\",\"target\":[\"https:\/\/integralelektronik.com\/tr\/product\/cj1w-nc_3\/\"]}]},{\"@type\":\"ImageObject\",\"inLanguage\":\"tr\",\"@id\":\"https:\/\/integralelektronik.com\/tr\/product\/cj1w-nc_3\/#primaryimage\",\"url\":\"https:\/\/integralelektronik.com\/wp-content\/uploads\/2020\/11\/cj1w-nc_prod-400x400-1.jpg\",\"contentUrl\":\"https:\/\/integralelektronik.com\/wp-content\/uploads\/2020\/11\/cj1w-nc_prod-400x400-1.jpg\",\"width\":400,\"height\":332},{\"@type\":\"BreadcrumbList\",\"@id\":\"https:\/\/integralelektronik.com\/tr\/product\/cj1w-nc_3\/#breadcrumb\",\"itemListElement\":[{\"@type\":\"ListItem\",\"position\":1,\"name\":\"Home\",\"item\":\"https:\/\/integralelektronik.com\/tr\/\"},{\"@type\":\"ListItem\",\"position\":2,\"name\":\"Shop\",\"item\":\"https:\/\/integralelektronik.com\/shop\/\"},{\"@type\":\"ListItem\",\"position\":3,\"name\":\"CJ1W-NC_3\"}]},{\"@type\":\"WebSite\",\"@id\":\"https:\/\/integralelektronik.com\/#website\",\"url\":\"https:\/\/integralelektronik.com\/\",\"name\":\"\u0130ntegral Elektronik\",\"description\":\"\",\"publisher\":{\"@id\":\"https:\/\/integralelektronik.com\/#organization\"},\"potentialAction\":[{\"@type\":\"SearchAction\",\"target\":{\"@type\":\"EntryPoint\",\"urlTemplate\":\"https:\/\/integralelektronik.com\/?s={search_term_string}\"},\"query-input\":{\"@type\":\"PropertyValueSpecification\",\"valueRequired\":true,\"valueName\":\"search_term_string\"}}],\"inLanguage\":\"tr\"},{\"@type\":\"Organization\",\"@id\":\"https:\/\/integralelektronik.com\/#organization\",\"name\":\"\u0130ntegral Elektronik\",\"url\":\"https:\/\/integralelektronik.com\/\",\"logo\":{\"@type\":\"ImageObject\",\"inLanguage\":\"tr\",\"@id\":\"https:\/\/integralelektronik.com\/#\/schema\/logo\/image\/\",\"url\":\"https:\/\/integralelektronik.com\/wp-content\/uploads\/2020\/10\/logo.png\",\"contentUrl\":\"https:\/\/integralelektronik.com\/wp-content\/uploads\/2020\/10\/logo.png\",\"width\":180,\"height\":90,\"caption\":\"\u0130ntegral Elektronik\"},\"image\":{\"@id\":\"https:\/\/integralelektronik.com\/#\/schema\/logo\/image\/\"}}]}<\/script>\n<!-- \/ Yoast SEO plugin. -->","yoast_head_json":{"title":"CJ1W-NC_3 - \u0130ntegral Elektronik","robots":{"index":"index","follow":"follow","max-snippet":"max-snippet:-1","max-image-preview":"max-image-preview:large","max-video-preview":"max-video-preview:-1"},"canonical":"https:\/\/integralelektronik.com\/tr\/product\/cj1w-nc_3\/","og_locale":"tr_TR","og_type":"article","og_title":"CJ1W-NC_3 - \u0130ntegral Elektronik","og_description":"Darbe katar\u0131 \u00e7\u0131k\u0131\u015fl\u0131 1, 2 veya 4 eksenli noktadan noktaya konumland\u0131rma kontrol\u00f6r\u00fc NC hareket kontrol\u00f6rleri, darbe dizisi \u00e7\u0131k\u0131\u015flar\u0131 arac\u0131l\u0131\u011f\u0131yla konumland\u0131rma kontrol\u00fcn\u00fc destekler.\u00a0Konumland\u0131rma, trapezoidal veya S-e\u011frisi h\u0131zlanma ve yava\u015flama kullan\u0131larak ger\u00e7ekle\u015ftirilir.\u00a0Darbe katar\u0131 giri\u015fli step motorlarda ve servolarda basit konumland\u0131rmay\u0131 kontrol etmek i\u00e7in idealdir.","og_url":"https:\/\/integralelektronik.com\/tr\/product\/cj1w-nc_3\/","og_site_name":"\u0130ntegral Elektronik","article_modified_time":"2023-03-27T02:16:09+00:00","og_image":[{"width":400,"height":332,"url":"https:\/\/integralelektronik.com\/wp-content\/uploads\/2020\/11\/cj1w-nc_prod-400x400-1.jpg","type":"image\/jpeg"}],"twitter_card":"summary_large_image","twitter_misc":{"Tahmini okuma s\u00fcresi":"1 dakika"},"schema":{"@context":"https:\/\/schema.org","@graph":[{"@type":"WebPage","@id":"https:\/\/integralelektronik.com\/tr\/product\/cj1w-nc_3\/","url":"https:\/\/integralelektronik.com\/tr\/product\/cj1w-nc_3\/","name":"CJ1W-NC_3 - \u0130ntegral Elektronik","isPartOf":{"@id":"https:\/\/integralelektronik.com\/#website"},"primaryImageOfPage":{"@id":"https:\/\/integralelektronik.com\/tr\/product\/cj1w-nc_3\/#primaryimage"},"image":{"@id":"https:\/\/integralelektronik.com\/tr\/product\/cj1w-nc_3\/#primaryimage"},"thumbnailUrl":"https:\/\/integralelektronik.com\/wp-content\/uploads\/2020\/11\/cj1w-nc_prod-400x400-1.jpg","datePublished":"2020-11-14T19:42:28+00:00","dateModified":"2023-03-27T02:16:09+00:00","breadcrumb":{"@id":"https:\/\/integralelektronik.com\/tr\/product\/cj1w-nc_3\/#breadcrumb"},"inLanguage":"tr","potentialAction":[{"@type":"ReadAction","target":["https:\/\/integralelektronik.com\/tr\/product\/cj1w-nc_3\/"]}]},{"@type":"ImageObject","inLanguage":"tr","@id":"https:\/\/integralelektronik.com\/tr\/product\/cj1w-nc_3\/#primaryimage","url":"https:\/\/integralelektronik.com\/wp-content\/uploads\/2020\/11\/cj1w-nc_prod-400x400-1.jpg","contentUrl":"https:\/\/integralelektronik.com\/wp-content\/uploads\/2020\/11\/cj1w-nc_prod-400x400-1.jpg","width":400,"height":332},{"@type":"BreadcrumbList","@id":"https:\/\/integralelektronik.com\/tr\/product\/cj1w-nc_3\/#breadcrumb","itemListElement":[{"@type":"ListItem","position":1,"name":"Home","item":"https:\/\/integralelektronik.com\/tr\/"},{"@type":"ListItem","position":2,"name":"Shop","item":"https:\/\/integralelektronik.com\/shop\/"},{"@type":"ListItem","position":3,"name":"CJ1W-NC_3"}]},{"@type":"WebSite","@id":"https:\/\/integralelektronik.com\/#website","url":"https:\/\/integralelektronik.com\/","name":"\u0130ntegral Elektronik","description":"","publisher":{"@id":"https:\/\/integralelektronik.com\/#organization"},"potentialAction":[{"@type":"SearchAction","target":{"@type":"EntryPoint","urlTemplate":"https:\/\/integralelektronik.com\/?s={search_term_string}"},"query-input":{"@type":"PropertyValueSpecification","valueRequired":true,"valueName":"search_term_string"}}],"inLanguage":"tr"},{"@type":"Organization","@id":"https:\/\/integralelektronik.com\/#organization","name":"\u0130ntegral Elektronik","url":"https:\/\/integralelektronik.com\/","logo":{"@type":"ImageObject","inLanguage":"tr","@id":"https:\/\/integralelektronik.com\/#\/schema\/logo\/image\/","url":"https:\/\/integralelektronik.com\/wp-content\/uploads\/2020\/10\/logo.png","contentUrl":"https:\/\/integralelektronik.com\/wp-content\/uploads\/2020\/10\/logo.png","width":180,"height":90,"caption":"\u0130ntegral Elektronik"},"image":{"@id":"https:\/\/integralelektronik.com\/#\/schema\/logo\/image\/"}}]}},"_links":{"self":[{"href":"https:\/\/integralelektronik.com\/tr\/wp-json\/wp\/v2\/product\/6453"}],"collection":[{"href":"https:\/\/integralelektronik.com\/tr\/wp-json\/wp\/v2\/product"}],"about":[{"href":"https:\/\/integralelektronik.com\/tr\/wp-json\/wp\/v2\/types\/product"}],"replies":[{"embeddable":true,"href":"https:\/\/integralelektronik.com\/tr\/wp-json\/wp\/v2\/comments?post=6453"}],"wp:featuredmedia":[{"embeddable":true,"href":"https:\/\/integralelektronik.com\/tr\/wp-json\/wp\/v2\/media\/6452"}],"wp:attachment":[{"href":"https:\/\/integralelektronik.com\/tr\/wp-json\/wp\/v2\/media?parent=6453"}],"wp:term":[{"taxonomy":"product_brand","embeddable":true,"href":"https:\/\/integralelektronik.com\/tr\/wp-json\/wp\/v2\/product_brand?post=6453"},{"taxonomy":"product_cat","embeddable":true,"href":"https:\/\/integralelektronik.com\/tr\/wp-json\/wp\/v2\/product_cat?post=6453"},{"taxonomy":"product_tag","embeddable":true,"href":"https:\/\/integralelektronik.com\/tr\/wp-json\/wp\/v2\/product_tag?post=6453"}],"curies":[{"name":"wp","href":"https:\/\/api.w.org\/{rel}","templated":true}]}}