{"id":6442,"date":"2020-11-14T22:30:10","date_gmt":"2020-11-14T19:30:10","guid":{"rendered":"http:\/\/integralelektronik.com\/?post_type=product&#038;p=6442"},"modified":"2020-11-21T10:05:06","modified_gmt":"2020-11-21T07:05:06","slug":"nb7w-tw01b","status":"publish","type":"product","link":"https:\/\/integralelektronik.com\/tr\/product\/nb7w-tw01b\/","title":{"rendered":"NB7W-TW01B"},"content":{"rendered":"<h2>Teknik \u00d6zellikler<\/h2>\n<h3><\/h3>\n<table class=\"one\">\n<tbody>\n<tr>\n<td>Ekran k\u00f6\u015fegen<\/td>\n<td>7 in\u00e7<\/td>\n<\/tr>\n<tr>\n<td>Piksel say\u0131s\u0131, yatay<\/td>\n<td>800<\/td>\n<\/tr>\n<tr>\n<td>Piksel say\u0131s\u0131, dikey<\/td>\n<td>480<\/td>\n<\/tr>\n<tr>\n<td>Ekran t\u00fcr\u00fc<\/td>\n<td>TFT<\/td>\n<\/tr>\n<tr>\n<td>\u00c7er\u00e7eve rengi<\/td>\n<td>Siyah<\/td>\n<\/tr>\n<tr>\n<td>Ethernet ba\u011flant\u0131 noktas\u0131 say\u0131s\u0131<\/td>\n<td>1<\/td>\n<\/tr>\n<tr>\n<td>RS-232 ba\u011flant\u0131 noktas\u0131 say\u0131s\u0131<\/td>\n<td>2<\/td>\n<\/tr>\n<tr>\n<td>RS-422 ba\u011flant\u0131 noktas\u0131 say\u0131s\u0131<\/td>\n<td>1<\/td>\n<\/tr>\n<tr>\n<td>RS-485 ba\u011flant\u0131 noktas\u0131 say\u0131s\u0131<\/td>\n<td>1<\/td>\n<\/tr>\n<tr>\n<td>USB ba\u011flant\u0131 noktas\u0131 say\u0131s\u0131<\/td>\n<td>2<\/td>\n<\/tr>\n<tr>\n<td>Ekran\u0131n renk say\u0131s\u0131<\/td>\n<td>65536<\/td>\n<\/tr>\n<tr>\n<td>Gri \u00f6l\u00e7ek \/ mavi \u00f6l\u00e7ek say\u0131s\u0131<\/td>\n<td>64<\/td>\n<\/tr>\n<tr>\n<td>Koruma derecesi (IP), \u00f6n taraf<\/td>\n<td>IP65<\/td>\n<\/tr>\n<tr>\n<td>\u00d6n geni\u015flik<\/td>\n<td>202.0 mm<\/td>\n<\/tr>\n<tr>\n<td>\u00d6n y\u00fckseklik<\/td>\n<td>148 mm<\/td>\n<\/tr>\n<tr>\n<td>Panel kesiminin geni\u015fli\u011fi<\/td>\n<td>191 mm<\/td>\n<\/tr>\n<tr>\n<td>Panel kesmesinin y\u00fcksekli\u011fi<\/td>\n<td>137 mm<\/td>\n<\/tr>\n<tr>\n<td>Yerle\u015fik derinlik<\/td>\n<td>46 mm<\/td>\n<\/tr>\n<\/tbody>\n<\/table>\n","protected":false},"excerpt":{"rendered":"<h2>Dokunmatik ekran HMI,<\/h2>\n<h3>7 in\u00e7 WVGA (800 x 480 piksel), TFT renkli, Ethernet + USB Ana Bilgisayar<\/h3>\n","protected":false},"featured_media":6435,"comment_status":"open","ping_status":"closed","template":"","meta":[],"product_brand":[],"product_cat":[441,438],"product_tag":[],"class_list":{"0":"post-6442","1":"product","2":"type-product","3":"status-publish","4":"has-post-thumbnail","6":"product_cat-hmi-omron-2","7":"product_cat-omron-2","9":"first","10":"instock","11":"shipping-taxable","12":"product-type-simple"},"yoast_head":"<!-- This site is optimized with the Yoast SEO plugin v24.3 - https:\/\/yoast.com\/wordpress\/plugins\/seo\/ -->\n<title>NB7W-TW01B - \u0130ntegral Elektronik<\/title>\n<meta name=\"robots\" content=\"index, follow, max-snippet:-1, max-image-preview:large, max-video-preview:-1\" \/>\n<link rel=\"canonical\" href=\"https:\/\/integralelektronik.com\/tr\/product\/nb7w-tw01b\/\" \/>\n<meta property=\"og:locale\" content=\"tr_TR\" \/>\n<meta property=\"og:type\" content=\"article\" \/>\n<meta property=\"og:title\" content=\"NB7W-TW01B - \u0130ntegral Elektronik\" \/>\n<meta property=\"og:description\" content=\"Dokunmatik ekran HMI, 7 in\u00e7 WVGA (800 x 480 piksel), TFT renkli, Ethernet + USB Ana Bilgisayar\" \/>\n<meta property=\"og:url\" content=\"https:\/\/integralelektronik.com\/tr\/product\/nb7w-tw01b\/\" \/>\n<meta property=\"og:site_name\" content=\"\u0130ntegral Elektronik\" \/>\n<meta property=\"article:modified_time\" content=\"2020-11-21T07:05:06+00:00\" \/>\n<meta property=\"og:image\" content=\"https:\/\/integralelektronik.com\/wp-content\/uploads\/2020\/11\/NB7W-1003xX-1.jpg\" \/>\n\t<meta property=\"og:image:width\" content=\"1003\" \/>\n\t<meta property=\"og:image:height\" content=\"1003\" \/>\n\t<meta property=\"og:image:type\" content=\"image\/jpeg\" \/>\n<meta name=\"twitter:card\" content=\"summary_large_image\" \/>\n<script type=\"application\/ld+json\" class=\"yoast-schema-graph\">{\"@context\":\"https:\/\/schema.org\",\"@graph\":[{\"@type\":\"WebPage\",\"@id\":\"https:\/\/integralelektronik.com\/tr\/product\/nb7w-tw01b\/\",\"url\":\"https:\/\/integralelektronik.com\/tr\/product\/nb7w-tw01b\/\",\"name\":\"NB7W-TW01B - \u0130ntegral Elektronik\",\"isPartOf\":{\"@id\":\"https:\/\/integralelektronik.com\/#website\"},\"primaryImageOfPage\":{\"@id\":\"https:\/\/integralelektronik.com\/tr\/product\/nb7w-tw01b\/#primaryimage\"},\"image\":{\"@id\":\"https:\/\/integralelektronik.com\/tr\/product\/nb7w-tw01b\/#primaryimage\"},\"thumbnailUrl\":\"https:\/\/integralelektronik.com\/wp-content\/uploads\/2020\/11\/NB7W-1003xX-1.jpg\",\"datePublished\":\"2020-11-14T19:30:10+00:00\",\"dateModified\":\"2020-11-21T07:05:06+00:00\",\"breadcrumb\":{\"@id\":\"https:\/\/integralelektronik.com\/tr\/product\/nb7w-tw01b\/#breadcrumb\"},\"inLanguage\":\"tr\",\"potentialAction\":[{\"@type\":\"ReadAction\",\"target\":[\"https:\/\/integralelektronik.com\/tr\/product\/nb7w-tw01b\/\"]}]},{\"@type\":\"ImageObject\",\"inLanguage\":\"tr\",\"@id\":\"https:\/\/integralelektronik.com\/tr\/product\/nb7w-tw01b\/#primaryimage\",\"url\":\"https:\/\/integralelektronik.com\/wp-content\/uploads\/2020\/11\/NB7W-1003xX-1.jpg\",\"contentUrl\":\"https:\/\/integralelektronik.com\/wp-content\/uploads\/2020\/11\/NB7W-1003xX-1.jpg\",\"width\":1003,\"height\":1003},{\"@type\":\"BreadcrumbList\",\"@id\":\"https:\/\/integralelektronik.com\/tr\/product\/nb7w-tw01b\/#breadcrumb\",\"itemListElement\":[{\"@type\":\"ListItem\",\"position\":1,\"name\":\"Home\",\"item\":\"https:\/\/integralelektronik.com\/tr\/\"},{\"@type\":\"ListItem\",\"position\":2,\"name\":\"Shop\",\"item\":\"https:\/\/integralelektronik.com\/shop\/\"},{\"@type\":\"ListItem\",\"position\":3,\"name\":\"NB7W-TW01B\"}]},{\"@type\":\"WebSite\",\"@id\":\"https:\/\/integralelektronik.com\/#website\",\"url\":\"https:\/\/integralelektronik.com\/\",\"name\":\"\u0130ntegral Elektronik\",\"description\":\"\",\"publisher\":{\"@id\":\"https:\/\/integralelektronik.com\/#organization\"},\"potentialAction\":[{\"@type\":\"SearchAction\",\"target\":{\"@type\":\"EntryPoint\",\"urlTemplate\":\"https:\/\/integralelektronik.com\/?s={search_term_string}\"},\"query-input\":{\"@type\":\"PropertyValueSpecification\",\"valueRequired\":true,\"valueName\":\"search_term_string\"}}],\"inLanguage\":\"tr\"},{\"@type\":\"Organization\",\"@id\":\"https:\/\/integralelektronik.com\/#organization\",\"name\":\"\u0130ntegral Elektronik\",\"url\":\"https:\/\/integralelektronik.com\/\",\"logo\":{\"@type\":\"ImageObject\",\"inLanguage\":\"tr\",\"@id\":\"https:\/\/integralelektronik.com\/#\/schema\/logo\/image\/\",\"url\":\"https:\/\/integralelektronik.com\/wp-content\/uploads\/2020\/10\/logo.png\",\"contentUrl\":\"https:\/\/integralelektronik.com\/wp-content\/uploads\/2020\/10\/logo.png\",\"width\":180,\"height\":90,\"caption\":\"\u0130ntegral Elektronik\"},\"image\":{\"@id\":\"https:\/\/integralelektronik.com\/#\/schema\/logo\/image\/\"}}]}<\/script>\n<!-- \/ Yoast SEO plugin. -->","yoast_head_json":{"title":"NB7W-TW01B - \u0130ntegral Elektronik","robots":{"index":"index","follow":"follow","max-snippet":"max-snippet:-1","max-image-preview":"max-image-preview:large","max-video-preview":"max-video-preview:-1"},"canonical":"https:\/\/integralelektronik.com\/tr\/product\/nb7w-tw01b\/","og_locale":"tr_TR","og_type":"article","og_title":"NB7W-TW01B - \u0130ntegral Elektronik","og_description":"Dokunmatik ekran HMI, 7 in\u00e7 WVGA (800 x 480 piksel), TFT renkli, Ethernet + USB Ana Bilgisayar","og_url":"https:\/\/integralelektronik.com\/tr\/product\/nb7w-tw01b\/","og_site_name":"\u0130ntegral Elektronik","article_modified_time":"2020-11-21T07:05:06+00:00","og_image":[{"width":1003,"height":1003,"url":"https:\/\/integralelektronik.com\/wp-content\/uploads\/2020\/11\/NB7W-1003xX-1.jpg","type":"image\/jpeg"}],"twitter_card":"summary_large_image","schema":{"@context":"https:\/\/schema.org","@graph":[{"@type":"WebPage","@id":"https:\/\/integralelektronik.com\/tr\/product\/nb7w-tw01b\/","url":"https:\/\/integralelektronik.com\/tr\/product\/nb7w-tw01b\/","name":"NB7W-TW01B - \u0130ntegral Elektronik","isPartOf":{"@id":"https:\/\/integralelektronik.com\/#website"},"primaryImageOfPage":{"@id":"https:\/\/integralelektronik.com\/tr\/product\/nb7w-tw01b\/#primaryimage"},"image":{"@id":"https:\/\/integralelektronik.com\/tr\/product\/nb7w-tw01b\/#primaryimage"},"thumbnailUrl":"https:\/\/integralelektronik.com\/wp-content\/uploads\/2020\/11\/NB7W-1003xX-1.jpg","datePublished":"2020-11-14T19:30:10+00:00","dateModified":"2020-11-21T07:05:06+00:00","breadcrumb":{"@id":"https:\/\/integralelektronik.com\/tr\/product\/nb7w-tw01b\/#breadcrumb"},"inLanguage":"tr","potentialAction":[{"@type":"ReadAction","target":["https:\/\/integralelektronik.com\/tr\/product\/nb7w-tw01b\/"]}]},{"@type":"ImageObject","inLanguage":"tr","@id":"https:\/\/integralelektronik.com\/tr\/product\/nb7w-tw01b\/#primaryimage","url":"https:\/\/integralelektronik.com\/wp-content\/uploads\/2020\/11\/NB7W-1003xX-1.jpg","contentUrl":"https:\/\/integralelektronik.com\/wp-content\/uploads\/2020\/11\/NB7W-1003xX-1.jpg","width":1003,"height":1003},{"@type":"BreadcrumbList","@id":"https:\/\/integralelektronik.com\/tr\/product\/nb7w-tw01b\/#breadcrumb","itemListElement":[{"@type":"ListItem","position":1,"name":"Home","item":"https:\/\/integralelektronik.com\/tr\/"},{"@type":"ListItem","position":2,"name":"Shop","item":"https:\/\/integralelektronik.com\/shop\/"},{"@type":"ListItem","position":3,"name":"NB7W-TW01B"}]},{"@type":"WebSite","@id":"https:\/\/integralelektronik.com\/#website","url":"https:\/\/integralelektronik.com\/","name":"\u0130ntegral Elektronik","description":"","publisher":{"@id":"https:\/\/integralelektronik.com\/#organization"},"potentialAction":[{"@type":"SearchAction","target":{"@type":"EntryPoint","urlTemplate":"https:\/\/integralelektronik.com\/?s={search_term_string}"},"query-input":{"@type":"PropertyValueSpecification","valueRequired":true,"valueName":"search_term_string"}}],"inLanguage":"tr"},{"@type":"Organization","@id":"https:\/\/integralelektronik.com\/#organization","name":"\u0130ntegral Elektronik","url":"https:\/\/integralelektronik.com\/","logo":{"@type":"ImageObject","inLanguage":"tr","@id":"https:\/\/integralelektronik.com\/#\/schema\/logo\/image\/","url":"https:\/\/integralelektronik.com\/wp-content\/uploads\/2020\/10\/logo.png","contentUrl":"https:\/\/integralelektronik.com\/wp-content\/uploads\/2020\/10\/logo.png","width":180,"height":90,"caption":"\u0130ntegral Elektronik"},"image":{"@id":"https:\/\/integralelektronik.com\/#\/schema\/logo\/image\/"}}]}},"_links":{"self":[{"href":"https:\/\/integralelektronik.com\/tr\/wp-json\/wp\/v2\/product\/6442"}],"collection":[{"href":"https:\/\/integralelektronik.com\/tr\/wp-json\/wp\/v2\/product"}],"about":[{"href":"https:\/\/integralelektronik.com\/tr\/wp-json\/wp\/v2\/types\/product"}],"replies":[{"embeddable":true,"href":"https:\/\/integralelektronik.com\/tr\/wp-json\/wp\/v2\/comments?post=6442"}],"wp:featuredmedia":[{"embeddable":true,"href":"https:\/\/integralelektronik.com\/tr\/wp-json\/wp\/v2\/media\/6435"}],"wp:attachment":[{"href":"https:\/\/integralelektronik.com\/tr\/wp-json\/wp\/v2\/media?parent=6442"}],"wp:term":[{"taxonomy":"product_brand","embeddable":true,"href":"https:\/\/integralelektronik.com\/tr\/wp-json\/wp\/v2\/product_brand?post=6442"},{"taxonomy":"product_cat","embeddable":true,"href":"https:\/\/integralelektronik.com\/tr\/wp-json\/wp\/v2\/product_cat?post=6442"},{"taxonomy":"product_tag","embeddable":true,"href":"https:\/\/integralelektronik.com\/tr\/wp-json\/wp\/v2\/product_tag?post=6442"}],"curies":[{"name":"wp","href":"https:\/\/api.w.org\/{rel}","templated":true}]}}