{"id":6427,"date":"2020-11-14T22:16:18","date_gmt":"2020-11-14T19:16:18","guid":{"rendered":"http:\/\/integralelektronik.com\/?post_type=product&#038;p=6427"},"modified":"2020-11-21T10:05:12","modified_gmt":"2020-11-21T07:05:12","slug":"cj2h-cpu66-eip","status":"publish","type":"product","link":"https:\/\/integralelektronik.com\/tr\/product\/cj2h-cpu66-eip\/","title":{"rendered":"CJ2H-CPU66-EIP"},"content":{"rendered":"<h2>Teknik \u00d6zellikler<\/h2>\n<h3><\/h3>\n<table class=\"one\">\n<tbody>\n<tr>\n<td>Program kapasitesi<\/td>\n<td>150 K ad\u0131m<\/td>\n<\/tr>\n<tr>\n<td>Veri haf\u0131za kapasitesi<\/td>\n<td>352 bin kelime<\/td>\n<\/tr>\n<tr>\n<td>Mant\u0131k y\u00fcr\u00fctme s\u00fcresi<\/td>\n<td>0,016 \u00b5s<\/td>\n<\/tr>\n<tr>\n<td>Maks. Alan say\u0131s\u0131\u00a0geni\u015fletme birimi say\u0131s\u0131<\/td>\n<td>40<\/td>\n<\/tr>\n<tr>\n<td>Maks. Alan say\u0131s\u0131\u00a0yerel G \/ \u00c7 noktalar\u0131n\u0131n say\u0131s\u0131<\/td>\n<td>2560<\/td>\n<\/tr>\n<tr>\n<td>Yerle\u015fik dijital I \/ O&#8217;lar\u0131n say\u0131s\u0131<\/td>\n<td>0<\/td>\n<\/tr>\n<tr>\n<td>\u0130leti\u015fim ba\u011flant\u0131 noktalar\u0131<\/td>\n<td>EtherNet \/ IP, Ethernet TCP \/ IP, Seri RS-232C, USB<\/td>\n<\/tr>\n<tr>\n<td>Y\u00fckseklik<\/td>\n<td>90 mm<\/td>\n<\/tr>\n<tr>\n<td>Geni\u015flik<\/td>\n<td>80 mm<\/td>\n<\/tr>\n<tr>\n<td>Derinlik<\/td>\n<td>74,5 mm<\/td>\n<\/tr>\n<\/tbody>\n<\/table>\n","protected":false},"excerpt":{"rendered":"<h2>Yerle\u015fik EtherNet \/ IP portlu CPU,<\/h2>\n<h3>150K ad\u0131m program\u0131, 32K word veri haf\u0131zas\u0131, 32K word x 10 banka EM, 2560 I \/ O max, RS-232C seri port, USB programlama portu, 3 geni\u015fletme raf\u0131 maks.<\/h3>\n","protected":false},"featured_media":6414,"comment_status":"open","ping_status":"closed","template":"","meta":[],"product_brand":[],"product_cat":[438,440],"product_tag":[],"class_list":{"0":"post-6427","1":"product","2":"type-product","3":"status-publish","4":"has-post-thumbnail","6":"product_cat-omron-2","7":"product_cat-plc-omron-2","9":"first","10":"instock","11":"shipping-taxable","12":"product-type-simple"},"yoast_head":"<!-- This site is optimized with the Yoast SEO plugin v24.3 - https:\/\/yoast.com\/wordpress\/plugins\/seo\/ -->\n<title>CJ2H-CPU66-EIP - \u0130ntegral Elektronik<\/title>\n<meta name=\"robots\" content=\"index, follow, max-snippet:-1, max-image-preview:large, max-video-preview:-1\" \/>\n<link rel=\"canonical\" href=\"https:\/\/integralelektronik.com\/tr\/product\/cj2h-cpu66-eip\/\" \/>\n<meta property=\"og:locale\" content=\"tr_TR\" \/>\n<meta property=\"og:type\" content=\"article\" \/>\n<meta property=\"og:title\" content=\"CJ2H-CPU66-EIP - \u0130ntegral Elektronik\" \/>\n<meta property=\"og:description\" content=\"Yerle\u015fik EtherNet \/ IP portlu CPU, 150K ad\u0131m program\u0131, 32K word veri haf\u0131zas\u0131, 32K word x 10 banka EM, 2560 I \/ O max, RS-232C seri port, USB programlama portu, 3 geni\u015fletme raf\u0131 maks.\" \/>\n<meta property=\"og:url\" content=\"https:\/\/integralelektronik.com\/tr\/product\/cj2h-cpu66-eip\/\" \/>\n<meta property=\"og:site_name\" content=\"\u0130ntegral Elektronik\" \/>\n<meta property=\"article:modified_time\" content=\"2020-11-21T07:05:12+00:00\" \/>\n<meta property=\"og:image\" content=\"https:\/\/integralelektronik.com\/wp-content\/uploads\/2020\/11\/CJ2H-CPU68-EIP-400x400-1.jpg\" \/>\n\t<meta property=\"og:image:width\" content=\"400\" \/>\n\t<meta property=\"og:image:height\" content=\"400\" \/>\n\t<meta property=\"og:image:type\" content=\"image\/jpeg\" \/>\n<meta name=\"twitter:card\" content=\"summary_large_image\" \/>\n<script type=\"application\/ld+json\" class=\"yoast-schema-graph\">{\"@context\":\"https:\/\/schema.org\",\"@graph\":[{\"@type\":\"WebPage\",\"@id\":\"https:\/\/integralelektronik.com\/tr\/product\/cj2h-cpu66-eip\/\",\"url\":\"https:\/\/integralelektronik.com\/tr\/product\/cj2h-cpu66-eip\/\",\"name\":\"CJ2H-CPU66-EIP - \u0130ntegral Elektronik\",\"isPartOf\":{\"@id\":\"https:\/\/integralelektronik.com\/#website\"},\"primaryImageOfPage\":{\"@id\":\"https:\/\/integralelektronik.com\/tr\/product\/cj2h-cpu66-eip\/#primaryimage\"},\"image\":{\"@id\":\"https:\/\/integralelektronik.com\/tr\/product\/cj2h-cpu66-eip\/#primaryimage\"},\"thumbnailUrl\":\"https:\/\/integralelektronik.com\/wp-content\/uploads\/2020\/11\/CJ2H-CPU68-EIP-400x400-1.jpg\",\"datePublished\":\"2020-11-14T19:16:18+00:00\",\"dateModified\":\"2020-11-21T07:05:12+00:00\",\"breadcrumb\":{\"@id\":\"https:\/\/integralelektronik.com\/tr\/product\/cj2h-cpu66-eip\/#breadcrumb\"},\"inLanguage\":\"tr\",\"potentialAction\":[{\"@type\":\"ReadAction\",\"target\":[\"https:\/\/integralelektronik.com\/tr\/product\/cj2h-cpu66-eip\/\"]}]},{\"@type\":\"ImageObject\",\"inLanguage\":\"tr\",\"@id\":\"https:\/\/integralelektronik.com\/tr\/product\/cj2h-cpu66-eip\/#primaryimage\",\"url\":\"https:\/\/integralelektronik.com\/wp-content\/uploads\/2020\/11\/CJ2H-CPU68-EIP-400x400-1.jpg\",\"contentUrl\":\"https:\/\/integralelektronik.com\/wp-content\/uploads\/2020\/11\/CJ2H-CPU68-EIP-400x400-1.jpg\",\"width\":400,\"height\":400},{\"@type\":\"BreadcrumbList\",\"@id\":\"https:\/\/integralelektronik.com\/tr\/product\/cj2h-cpu66-eip\/#breadcrumb\",\"itemListElement\":[{\"@type\":\"ListItem\",\"position\":1,\"name\":\"Home\",\"item\":\"https:\/\/integralelektronik.com\/tr\/\"},{\"@type\":\"ListItem\",\"position\":2,\"name\":\"Shop\",\"item\":\"https:\/\/integralelektronik.com\/shop\/\"},{\"@type\":\"ListItem\",\"position\":3,\"name\":\"CJ2H-CPU66-EIP\"}]},{\"@type\":\"WebSite\",\"@id\":\"https:\/\/integralelektronik.com\/#website\",\"url\":\"https:\/\/integralelektronik.com\/\",\"name\":\"\u0130ntegral Elektronik\",\"description\":\"\",\"publisher\":{\"@id\":\"https:\/\/integralelektronik.com\/#organization\"},\"potentialAction\":[{\"@type\":\"SearchAction\",\"target\":{\"@type\":\"EntryPoint\",\"urlTemplate\":\"https:\/\/integralelektronik.com\/?s={search_term_string}\"},\"query-input\":{\"@type\":\"PropertyValueSpecification\",\"valueRequired\":true,\"valueName\":\"search_term_string\"}}],\"inLanguage\":\"tr\"},{\"@type\":\"Organization\",\"@id\":\"https:\/\/integralelektronik.com\/#organization\",\"name\":\"\u0130ntegral Elektronik\",\"url\":\"https:\/\/integralelektronik.com\/\",\"logo\":{\"@type\":\"ImageObject\",\"inLanguage\":\"tr\",\"@id\":\"https:\/\/integralelektronik.com\/#\/schema\/logo\/image\/\",\"url\":\"https:\/\/integralelektronik.com\/wp-content\/uploads\/2020\/10\/logo.png\",\"contentUrl\":\"https:\/\/integralelektronik.com\/wp-content\/uploads\/2020\/10\/logo.png\",\"width\":180,\"height\":90,\"caption\":\"\u0130ntegral Elektronik\"},\"image\":{\"@id\":\"https:\/\/integralelektronik.com\/#\/schema\/logo\/image\/\"}}]}<\/script>\n<!-- \/ Yoast SEO plugin. -->","yoast_head_json":{"title":"CJ2H-CPU66-EIP - \u0130ntegral Elektronik","robots":{"index":"index","follow":"follow","max-snippet":"max-snippet:-1","max-image-preview":"max-image-preview:large","max-video-preview":"max-video-preview:-1"},"canonical":"https:\/\/integralelektronik.com\/tr\/product\/cj2h-cpu66-eip\/","og_locale":"tr_TR","og_type":"article","og_title":"CJ2H-CPU66-EIP - \u0130ntegral Elektronik","og_description":"Yerle\u015fik EtherNet \/ IP portlu CPU, 150K ad\u0131m program\u0131, 32K word veri haf\u0131zas\u0131, 32K word x 10 banka EM, 2560 I \/ O max, RS-232C seri port, USB programlama portu, 3 geni\u015fletme raf\u0131 maks.","og_url":"https:\/\/integralelektronik.com\/tr\/product\/cj2h-cpu66-eip\/","og_site_name":"\u0130ntegral Elektronik","article_modified_time":"2020-11-21T07:05:12+00:00","og_image":[{"width":400,"height":400,"url":"https:\/\/integralelektronik.com\/wp-content\/uploads\/2020\/11\/CJ2H-CPU68-EIP-400x400-1.jpg","type":"image\/jpeg"}],"twitter_card":"summary_large_image","schema":{"@context":"https:\/\/schema.org","@graph":[{"@type":"WebPage","@id":"https:\/\/integralelektronik.com\/tr\/product\/cj2h-cpu66-eip\/","url":"https:\/\/integralelektronik.com\/tr\/product\/cj2h-cpu66-eip\/","name":"CJ2H-CPU66-EIP - \u0130ntegral Elektronik","isPartOf":{"@id":"https:\/\/integralelektronik.com\/#website"},"primaryImageOfPage":{"@id":"https:\/\/integralelektronik.com\/tr\/product\/cj2h-cpu66-eip\/#primaryimage"},"image":{"@id":"https:\/\/integralelektronik.com\/tr\/product\/cj2h-cpu66-eip\/#primaryimage"},"thumbnailUrl":"https:\/\/integralelektronik.com\/wp-content\/uploads\/2020\/11\/CJ2H-CPU68-EIP-400x400-1.jpg","datePublished":"2020-11-14T19:16:18+00:00","dateModified":"2020-11-21T07:05:12+00:00","breadcrumb":{"@id":"https:\/\/integralelektronik.com\/tr\/product\/cj2h-cpu66-eip\/#breadcrumb"},"inLanguage":"tr","potentialAction":[{"@type":"ReadAction","target":["https:\/\/integralelektronik.com\/tr\/product\/cj2h-cpu66-eip\/"]}]},{"@type":"ImageObject","inLanguage":"tr","@id":"https:\/\/integralelektronik.com\/tr\/product\/cj2h-cpu66-eip\/#primaryimage","url":"https:\/\/integralelektronik.com\/wp-content\/uploads\/2020\/11\/CJ2H-CPU68-EIP-400x400-1.jpg","contentUrl":"https:\/\/integralelektronik.com\/wp-content\/uploads\/2020\/11\/CJ2H-CPU68-EIP-400x400-1.jpg","width":400,"height":400},{"@type":"BreadcrumbList","@id":"https:\/\/integralelektronik.com\/tr\/product\/cj2h-cpu66-eip\/#breadcrumb","itemListElement":[{"@type":"ListItem","position":1,"name":"Home","item":"https:\/\/integralelektronik.com\/tr\/"},{"@type":"ListItem","position":2,"name":"Shop","item":"https:\/\/integralelektronik.com\/shop\/"},{"@type":"ListItem","position":3,"name":"CJ2H-CPU66-EIP"}]},{"@type":"WebSite","@id":"https:\/\/integralelektronik.com\/#website","url":"https:\/\/integralelektronik.com\/","name":"\u0130ntegral Elektronik","description":"","publisher":{"@id":"https:\/\/integralelektronik.com\/#organization"},"potentialAction":[{"@type":"SearchAction","target":{"@type":"EntryPoint","urlTemplate":"https:\/\/integralelektronik.com\/?s={search_term_string}"},"query-input":{"@type":"PropertyValueSpecification","valueRequired":true,"valueName":"search_term_string"}}],"inLanguage":"tr"},{"@type":"Organization","@id":"https:\/\/integralelektronik.com\/#organization","name":"\u0130ntegral Elektronik","url":"https:\/\/integralelektronik.com\/","logo":{"@type":"ImageObject","inLanguage":"tr","@id":"https:\/\/integralelektronik.com\/#\/schema\/logo\/image\/","url":"https:\/\/integralelektronik.com\/wp-content\/uploads\/2020\/10\/logo.png","contentUrl":"https:\/\/integralelektronik.com\/wp-content\/uploads\/2020\/10\/logo.png","width":180,"height":90,"caption":"\u0130ntegral Elektronik"},"image":{"@id":"https:\/\/integralelektronik.com\/#\/schema\/logo\/image\/"}}]}},"_links":{"self":[{"href":"https:\/\/integralelektronik.com\/tr\/wp-json\/wp\/v2\/product\/6427"}],"collection":[{"href":"https:\/\/integralelektronik.com\/tr\/wp-json\/wp\/v2\/product"}],"about":[{"href":"https:\/\/integralelektronik.com\/tr\/wp-json\/wp\/v2\/types\/product"}],"replies":[{"embeddable":true,"href":"https:\/\/integralelektronik.com\/tr\/wp-json\/wp\/v2\/comments?post=6427"}],"wp:featuredmedia":[{"embeddable":true,"href":"https:\/\/integralelektronik.com\/tr\/wp-json\/wp\/v2\/media\/6414"}],"wp:attachment":[{"href":"https:\/\/integralelektronik.com\/tr\/wp-json\/wp\/v2\/media?parent=6427"}],"wp:term":[{"taxonomy":"product_brand","embeddable":true,"href":"https:\/\/integralelektronik.com\/tr\/wp-json\/wp\/v2\/product_brand?post=6427"},{"taxonomy":"product_cat","embeddable":true,"href":"https:\/\/integralelektronik.com\/tr\/wp-json\/wp\/v2\/product_cat?post=6427"},{"taxonomy":"product_tag","embeddable":true,"href":"https:\/\/integralelektronik.com\/tr\/wp-json\/wp\/v2\/product_tag?post=6427"}],"curies":[{"name":"wp","href":"https:\/\/api.w.org\/{rel}","templated":true}]}}