{"id":6424,"date":"2020-11-14T22:14:13","date_gmt":"2020-11-14T19:14:13","guid":{"rendered":"http:\/\/integralelektronik.com\/?post_type=product&#038;p=6424"},"modified":"2020-11-21T10:06:51","modified_gmt":"2020-11-21T07:06:51","slug":"cp1e-e10dt-d","status":"publish","type":"product","link":"https:\/\/integralelektronik.com\/tr\/product\/cp1e-e10dt-d\/","title":{"rendered":"CP1E-E10DT-D"},"content":{"rendered":"<h2>Teknik \u00d6zellikler<\/h2>\n<table class=\"one\">\n<tbody>\n<tr>\n<td>Besleme gerilimi tipi<\/td>\n<td>DC<\/td>\n<\/tr>\n<tr>\n<td>Dijital giri\u015flerin say\u0131s\u0131<\/td>\n<td>6<\/td>\n<\/tr>\n<tr>\n<td>Giri\u015f tipi<\/td>\n<td>PNP \/ NPN<\/td>\n<\/tr>\n<tr>\n<td>Dijital \u00e7\u0131kt\u0131lar\u0131n say\u0131s\u0131<\/td>\n<td>4<\/td>\n<\/tr>\n<tr>\n<td>\u00c7\u0131kt\u0131 t\u00fcr\u00fc<\/td>\n<td>NPN<\/td>\n<\/tr>\n<tr>\n<td>Program kapasitesi<\/td>\n<td>2 K ad\u0131m<\/td>\n<\/tr>\n<tr>\n<td>Veri haf\u0131za kapasitesi<\/td>\n<td>2 K kelime<\/td>\n<\/tr>\n<tr>\n<td>Mant\u0131k y\u00fcr\u00fctme s\u00fcresi<\/td>\n<td>1,19 \u00b5s<\/td>\n<\/tr>\n<tr>\n<td>\u0130leti\u015fim ba\u011flant\u0131 noktalar\u0131<\/td>\n<td>USB ba\u011flant\u0131<\/td>\n<\/tr>\n<tr>\n<td>Ethernet ba\u011flant\u0131 noktas\u0131 say\u0131s\u0131<\/td>\n<td>0<\/td>\n<\/tr>\n<tr>\n<td>USB ba\u011flant\u0131 noktas\u0131 say\u0131s\u0131<\/td>\n<td>1<\/td>\n<\/tr>\n<tr>\n<td>RS-232 ba\u011flant\u0131 noktas\u0131 say\u0131s\u0131<\/td>\n<td>0<\/td>\n<\/tr>\n<tr>\n<td>RS-485 ba\u011flant\u0131 noktas\u0131 say\u0131s\u0131<\/td>\n<td>0<\/td>\n<\/tr>\n<tr>\n<td>\u0130leti\u015fim se\u00e7enekleri<\/td>\n<td>Yok<\/td>\n<\/tr>\n<tr>\n<td>Maks. Alan say\u0131s\u0131\u00a0kodlay\u0131c\u0131 giri\u015f frekans\u0131<\/td>\n<td>10 kHz<\/td>\n<\/tr>\n<tr>\n<td>Maks. Alan say\u0131s\u0131\u00a0PTP eksenlerinin say\u0131s\u0131<\/td>\n<td>0<\/td>\n<\/tr>\n<tr>\n<td>Maks. Alan say\u0131s\u0131\u00a0darbe \u00e7\u0131k\u0131\u015f frekans\u0131<\/td>\n<td>0 kHz<\/td>\n<\/tr>\n<tr>\n<td>Fonksiyon Blo\u011fu programlama<\/td>\n<td>\u2013<\/td>\n<\/tr>\n<tr>\n<td>Pilsiz bellek yedekleme<\/td>\n<td>\u2013<\/td>\n<\/tr>\n<tr>\n<td>Ger\u00e7ek zamanl\u0131 saat<\/td>\n<td>\u2013<\/td>\n<\/tr>\n<tr>\n<td>Analog se\u00e7enek kartlar\u0131<\/td>\n<td>\u2013<\/td>\n<\/tr>\n<tr>\n<td>Maks. Alan say\u0131s\u0131\u00a0analog G \/ \u00c7 kanallar\u0131n\u0131n say\u0131s\u0131<\/td>\n<td>0<\/td>\n<\/tr>\n<tr>\n<td>Maks. Alan say\u0131s\u0131\u00a0yerel G \/ \u00c7 noktalar\u0131n\u0131n say\u0131s\u0131<\/td>\n<td>10<\/td>\n<\/tr>\n<tr>\n<td>Maks. Alan say\u0131s\u0131\u00a0geni\u015fletme birimi say\u0131s\u0131<\/td>\n<td>0<\/td>\n<\/tr>\n<tr>\n<td>Dahili yard\u0131mc\u0131 24 VDC \u00e7\u0131k\u0131\u015f<\/td>\n<td>0 mA<\/td>\n<\/tr>\n<tr>\n<td>\u00c7al\u0131\u015fma s\u0131cakl\u0131\u011f\u0131 aral\u0131\u011f\u0131<\/td>\n<td>0-55 \u00b0 C<\/td>\n<\/tr>\n<tr>\n<td>Y\u00fckseklik<\/td>\n<td>90 mm<\/td>\n<\/tr>\n<tr>\n<td>Geni\u015flik<\/td>\n<td>66 mm<\/td>\n<\/tr>\n<tr>\n<td>Derinlik<\/td>\n<td>85 mm<\/td>\n<\/tr>\n<\/tbody>\n<\/table>\n","protected":false},"excerpt":{"rendered":"<h2>PLC, 24 VDC besleme,<\/h2>\n<h3>6 x 24 VDC giri\u015f, 4 x NPN \u00e7\u0131k\u0131\u015f\u0131 0,3 A, 2K ad\u0131m program\u0131 + 2K word veri belle\u011fi<\/h3>\n","protected":false},"featured_media":6423,"comment_status":"open","ping_status":"closed","template":"","meta":[],"product_brand":[],"product_cat":[438,440],"product_tag":[],"class_list":{"0":"post-6424","1":"product","2":"type-product","3":"status-publish","4":"has-post-thumbnail","6":"product_cat-omron-2","7":"product_cat-plc-omron-2","9":"first","10":"instock","11":"shipping-taxable","12":"product-type-simple"},"yoast_head":"<!-- This site is optimized with the Yoast SEO plugin v24.3 - https:\/\/yoast.com\/wordpress\/plugins\/seo\/ -->\n<title>CP1E-E10DT-D - \u0130ntegral Elektronik<\/title>\n<meta name=\"robots\" content=\"index, follow, max-snippet:-1, max-image-preview:large, max-video-preview:-1\" \/>\n<link rel=\"canonical\" href=\"https:\/\/integralelektronik.com\/tr\/product\/cp1e-e10dt-d\/\" \/>\n<meta property=\"og:locale\" content=\"tr_TR\" \/>\n<meta property=\"og:type\" content=\"article\" \/>\n<meta property=\"og:title\" content=\"CP1E-E10DT-D - \u0130ntegral Elektronik\" \/>\n<meta property=\"og:description\" content=\"PLC, 24 VDC besleme, 6 x 24 VDC giri\u015f, 4 x NPN \u00e7\u0131k\u0131\u015f\u0131 0,3 A, 2K ad\u0131m program\u0131 + 2K word veri belle\u011fi\" \/>\n<meta property=\"og:url\" content=\"https:\/\/integralelektronik.com\/tr\/product\/cp1e-e10dt-d\/\" \/>\n<meta property=\"og:site_name\" content=\"\u0130ntegral Elektronik\" \/>\n<meta property=\"article:modified_time\" content=\"2020-11-21T07:06:51+00:00\" \/>\n<meta property=\"og:image\" content=\"https:\/\/integralelektronik.com\/wp-content\/uploads\/2020\/11\/CP1E-E10-400x400-1.jpg\" \/>\n\t<meta property=\"og:image:width\" content=\"400\" \/>\n\t<meta property=\"og:image:height\" content=\"400\" \/>\n\t<meta property=\"og:image:type\" content=\"image\/jpeg\" \/>\n<meta name=\"twitter:card\" content=\"summary_large_image\" \/>\n<meta name=\"twitter:label1\" content=\"Tahmini okuma s\u00fcresi\" \/>\n\t<meta name=\"twitter:data1\" content=\"1 dakika\" \/>\n<script type=\"application\/ld+json\" class=\"yoast-schema-graph\">{\"@context\":\"https:\/\/schema.org\",\"@graph\":[{\"@type\":\"WebPage\",\"@id\":\"https:\/\/integralelektronik.com\/tr\/product\/cp1e-e10dt-d\/\",\"url\":\"https:\/\/integralelektronik.com\/tr\/product\/cp1e-e10dt-d\/\",\"name\":\"CP1E-E10DT-D - \u0130ntegral Elektronik\",\"isPartOf\":{\"@id\":\"https:\/\/integralelektronik.com\/#website\"},\"primaryImageOfPage\":{\"@id\":\"https:\/\/integralelektronik.com\/tr\/product\/cp1e-e10dt-d\/#primaryimage\"},\"image\":{\"@id\":\"https:\/\/integralelektronik.com\/tr\/product\/cp1e-e10dt-d\/#primaryimage\"},\"thumbnailUrl\":\"https:\/\/integralelektronik.com\/wp-content\/uploads\/2020\/11\/CP1E-E10-400x400-1.jpg\",\"datePublished\":\"2020-11-14T19:14:13+00:00\",\"dateModified\":\"2020-11-21T07:06:51+00:00\",\"breadcrumb\":{\"@id\":\"https:\/\/integralelektronik.com\/tr\/product\/cp1e-e10dt-d\/#breadcrumb\"},\"inLanguage\":\"tr\",\"potentialAction\":[{\"@type\":\"ReadAction\",\"target\":[\"https:\/\/integralelektronik.com\/tr\/product\/cp1e-e10dt-d\/\"]}]},{\"@type\":\"ImageObject\",\"inLanguage\":\"tr\",\"@id\":\"https:\/\/integralelektronik.com\/tr\/product\/cp1e-e10dt-d\/#primaryimage\",\"url\":\"https:\/\/integralelektronik.com\/wp-content\/uploads\/2020\/11\/CP1E-E10-400x400-1.jpg\",\"contentUrl\":\"https:\/\/integralelektronik.com\/wp-content\/uploads\/2020\/11\/CP1E-E10-400x400-1.jpg\",\"width\":400,\"height\":400},{\"@type\":\"BreadcrumbList\",\"@id\":\"https:\/\/integralelektronik.com\/tr\/product\/cp1e-e10dt-d\/#breadcrumb\",\"itemListElement\":[{\"@type\":\"ListItem\",\"position\":1,\"name\":\"Home\",\"item\":\"https:\/\/integralelektronik.com\/tr\/\"},{\"@type\":\"ListItem\",\"position\":2,\"name\":\"Shop\",\"item\":\"https:\/\/integralelektronik.com\/shop\/\"},{\"@type\":\"ListItem\",\"position\":3,\"name\":\"CP1E-E10DT-D\"}]},{\"@type\":\"WebSite\",\"@id\":\"https:\/\/integralelektronik.com\/#website\",\"url\":\"https:\/\/integralelektronik.com\/\",\"name\":\"\u0130ntegral Elektronik\",\"description\":\"\",\"publisher\":{\"@id\":\"https:\/\/integralelektronik.com\/#organization\"},\"potentialAction\":[{\"@type\":\"SearchAction\",\"target\":{\"@type\":\"EntryPoint\",\"urlTemplate\":\"https:\/\/integralelektronik.com\/?s={search_term_string}\"},\"query-input\":{\"@type\":\"PropertyValueSpecification\",\"valueRequired\":true,\"valueName\":\"search_term_string\"}}],\"inLanguage\":\"tr\"},{\"@type\":\"Organization\",\"@id\":\"https:\/\/integralelektronik.com\/#organization\",\"name\":\"\u0130ntegral Elektronik\",\"url\":\"https:\/\/integralelektronik.com\/\",\"logo\":{\"@type\":\"ImageObject\",\"inLanguage\":\"tr\",\"@id\":\"https:\/\/integralelektronik.com\/#\/schema\/logo\/image\/\",\"url\":\"https:\/\/integralelektronik.com\/wp-content\/uploads\/2020\/10\/logo.png\",\"contentUrl\":\"https:\/\/integralelektronik.com\/wp-content\/uploads\/2020\/10\/logo.png\",\"width\":180,\"height\":90,\"caption\":\"\u0130ntegral Elektronik\"},\"image\":{\"@id\":\"https:\/\/integralelektronik.com\/#\/schema\/logo\/image\/\"}}]}<\/script>\n<!-- \/ Yoast SEO plugin. -->","yoast_head_json":{"title":"CP1E-E10DT-D - \u0130ntegral Elektronik","robots":{"index":"index","follow":"follow","max-snippet":"max-snippet:-1","max-image-preview":"max-image-preview:large","max-video-preview":"max-video-preview:-1"},"canonical":"https:\/\/integralelektronik.com\/tr\/product\/cp1e-e10dt-d\/","og_locale":"tr_TR","og_type":"article","og_title":"CP1E-E10DT-D - \u0130ntegral Elektronik","og_description":"PLC, 24 VDC besleme, 6 x 24 VDC giri\u015f, 4 x NPN \u00e7\u0131k\u0131\u015f\u0131 0,3 A, 2K ad\u0131m program\u0131 + 2K word veri belle\u011fi","og_url":"https:\/\/integralelektronik.com\/tr\/product\/cp1e-e10dt-d\/","og_site_name":"\u0130ntegral Elektronik","article_modified_time":"2020-11-21T07:06:51+00:00","og_image":[{"width":400,"height":400,"url":"https:\/\/integralelektronik.com\/wp-content\/uploads\/2020\/11\/CP1E-E10-400x400-1.jpg","type":"image\/jpeg"}],"twitter_card":"summary_large_image","twitter_misc":{"Tahmini okuma s\u00fcresi":"1 dakika"},"schema":{"@context":"https:\/\/schema.org","@graph":[{"@type":"WebPage","@id":"https:\/\/integralelektronik.com\/tr\/product\/cp1e-e10dt-d\/","url":"https:\/\/integralelektronik.com\/tr\/product\/cp1e-e10dt-d\/","name":"CP1E-E10DT-D - \u0130ntegral Elektronik","isPartOf":{"@id":"https:\/\/integralelektronik.com\/#website"},"primaryImageOfPage":{"@id":"https:\/\/integralelektronik.com\/tr\/product\/cp1e-e10dt-d\/#primaryimage"},"image":{"@id":"https:\/\/integralelektronik.com\/tr\/product\/cp1e-e10dt-d\/#primaryimage"},"thumbnailUrl":"https:\/\/integralelektronik.com\/wp-content\/uploads\/2020\/11\/CP1E-E10-400x400-1.jpg","datePublished":"2020-11-14T19:14:13+00:00","dateModified":"2020-11-21T07:06:51+00:00","breadcrumb":{"@id":"https:\/\/integralelektronik.com\/tr\/product\/cp1e-e10dt-d\/#breadcrumb"},"inLanguage":"tr","potentialAction":[{"@type":"ReadAction","target":["https:\/\/integralelektronik.com\/tr\/product\/cp1e-e10dt-d\/"]}]},{"@type":"ImageObject","inLanguage":"tr","@id":"https:\/\/integralelektronik.com\/tr\/product\/cp1e-e10dt-d\/#primaryimage","url":"https:\/\/integralelektronik.com\/wp-content\/uploads\/2020\/11\/CP1E-E10-400x400-1.jpg","contentUrl":"https:\/\/integralelektronik.com\/wp-content\/uploads\/2020\/11\/CP1E-E10-400x400-1.jpg","width":400,"height":400},{"@type":"BreadcrumbList","@id":"https:\/\/integralelektronik.com\/tr\/product\/cp1e-e10dt-d\/#breadcrumb","itemListElement":[{"@type":"ListItem","position":1,"name":"Home","item":"https:\/\/integralelektronik.com\/tr\/"},{"@type":"ListItem","position":2,"name":"Shop","item":"https:\/\/integralelektronik.com\/shop\/"},{"@type":"ListItem","position":3,"name":"CP1E-E10DT-D"}]},{"@type":"WebSite","@id":"https:\/\/integralelektronik.com\/#website","url":"https:\/\/integralelektronik.com\/","name":"\u0130ntegral Elektronik","description":"","publisher":{"@id":"https:\/\/integralelektronik.com\/#organization"},"potentialAction":[{"@type":"SearchAction","target":{"@type":"EntryPoint","urlTemplate":"https:\/\/integralelektronik.com\/?s={search_term_string}"},"query-input":{"@type":"PropertyValueSpecification","valueRequired":true,"valueName":"search_term_string"}}],"inLanguage":"tr"},{"@type":"Organization","@id":"https:\/\/integralelektronik.com\/#organization","name":"\u0130ntegral Elektronik","url":"https:\/\/integralelektronik.com\/","logo":{"@type":"ImageObject","inLanguage":"tr","@id":"https:\/\/integralelektronik.com\/#\/schema\/logo\/image\/","url":"https:\/\/integralelektronik.com\/wp-content\/uploads\/2020\/10\/logo.png","contentUrl":"https:\/\/integralelektronik.com\/wp-content\/uploads\/2020\/10\/logo.png","width":180,"height":90,"caption":"\u0130ntegral Elektronik"},"image":{"@id":"https:\/\/integralelektronik.com\/#\/schema\/logo\/image\/"}}]}},"_links":{"self":[{"href":"https:\/\/integralelektronik.com\/tr\/wp-json\/wp\/v2\/product\/6424"}],"collection":[{"href":"https:\/\/integralelektronik.com\/tr\/wp-json\/wp\/v2\/product"}],"about":[{"href":"https:\/\/integralelektronik.com\/tr\/wp-json\/wp\/v2\/types\/product"}],"replies":[{"embeddable":true,"href":"https:\/\/integralelektronik.com\/tr\/wp-json\/wp\/v2\/comments?post=6424"}],"wp:featuredmedia":[{"embeddable":true,"href":"https:\/\/integralelektronik.com\/tr\/wp-json\/wp\/v2\/media\/6423"}],"wp:attachment":[{"href":"https:\/\/integralelektronik.com\/tr\/wp-json\/wp\/v2\/media?parent=6424"}],"wp:term":[{"taxonomy":"product_brand","embeddable":true,"href":"https:\/\/integralelektronik.com\/tr\/wp-json\/wp\/v2\/product_brand?post=6424"},{"taxonomy":"product_cat","embeddable":true,"href":"https:\/\/integralelektronik.com\/tr\/wp-json\/wp\/v2\/product_cat?post=6424"},{"taxonomy":"product_tag","embeddable":true,"href":"https:\/\/integralelektronik.com\/tr\/wp-json\/wp\/v2\/product_tag?post=6424"}],"curies":[{"name":"wp","href":"https:\/\/api.w.org\/{rel}","templated":true}]}}