{"id":6408,"date":"2020-11-14T21:58:35","date_gmt":"2020-11-14T18:58:35","guid":{"rendered":"http:\/\/integralelektronik.com\/?post_type=product&#038;p=6408"},"modified":"2020-11-21T10:07:08","modified_gmt":"2020-11-21T07:07:08","slug":"nyp17-313k1-15wc1000","status":"publish","type":"product","link":"https:\/\/integralelektronik.com\/tr\/product\/nyp17-313k1-15wc1000\/","title":{"rendered":"NYP17-313K1-15WC1000"},"content":{"rendered":"<h2>Teknik \u00d6zellikler<\/h2>\n<h3><\/h3>\n<table class=\"one\">\n<tbody>\n<tr>\n<td>Ekran k\u00f6\u015fegen<\/td>\n<td>15,4 in\u00e7<\/td>\n<\/tr>\n<tr>\n<td>Maks. Alan say\u0131s\u0131\u00a0hareket ekseni say\u0131s\u0131<\/td>\n<td>0 eksen<\/td>\n<\/tr>\n<tr>\n<td>\u0130\u015flemci ailesi<\/td>\n<td>Intel\u00ae Core \u2122 i7<\/td>\n<\/tr>\n<tr>\n<td>\u0130\u015flemci \u00f6zellikleri<\/td>\n<td>4700EQ (2,4 GHz)<\/td>\n<\/tr>\n<tr>\n<td>So\u011futma y\u00f6ntemi<\/td>\n<td>Aktif so\u011futma (fan)<\/td>\n<\/tr>\n<tr>\n<td>Haf\u0131za<\/td>\n<td>8 GB RAM (ECC de\u011fil)<\/td>\n<\/tr>\n<tr>\n<td>Depolama<\/td>\n<td>128 GB SSD<\/td>\n<\/tr>\n<tr>\n<td>\u0130\u015fletim sistemi<\/td>\n<td>Windows 10 (64 bit)<\/td>\n<\/tr>\n<tr>\n<td>Geni\u015fletme yuvas\u0131<\/td>\n<td>1 x PCIe yuvas\u0131 (X4 \u015feritleri)<\/td>\n<\/tr>\n<tr>\n<td>Mod\u00fcler ba\u011flant\u0131 noktas\u0131<\/td>\n<td>RS-232<\/td>\n<\/tr>\n<tr>\n<td>\u0130leti\u015fim ba\u011flant\u0131 noktalar\u0131<\/td>\n<td>EtherNet \/ IP, Ethernet TCP \/ IP, Seri RS-232C, USB<\/td>\n<\/tr>\n<tr>\n<td>Video \u00e7\u0131k\u0131\u015f\u0131<\/td>\n<td>DVI-I<\/td>\n<\/tr>\n<tr>\n<td>G\u00f6r\u00fcnt\u00fc oran\u0131<\/td>\n<td>16:10<\/td>\n<\/tr>\n<tr>\n<td>Malzeme muhafazas\u0131<\/td>\n<td>Al\u00fcminyum, siyah<\/td>\n<\/tr>\n<tr>\n<td>Piksel say\u0131s\u0131, yatay<\/td>\n<td>1280<\/td>\n<\/tr>\n<tr>\n<td>Piksel say\u0131s\u0131, dikey<\/td>\n<td>800<\/td>\n<\/tr>\n<tr>\n<td>Ekran t\u00fcr\u00fc<\/td>\n<td>TFT<\/td>\n<\/tr>\n<tr>\n<td>Dokunmatik ekran teknolojisi<\/td>\n<td>\u00d6ng\u00f6r\u00fclen kapasitif<\/td>\n<\/tr>\n<tr>\n<td>Montaj y\u00f6ntemi<\/td>\n<td>\u0130n\u015fa<\/td>\n<\/tr>\n<tr>\n<td>Koruma derecesi (IP), \u00f6n taraf<\/td>\n<td>IP65<\/td>\n<\/tr>\n<tr>\n<td>\u00c7al\u0131\u015fma s\u0131cakl\u0131\u011f\u0131<\/td>\n<td>0-55 \u00b0 C<\/td>\n<\/tr>\n<tr>\n<td>DC besleme gerilimi<\/td>\n<td>20.4-28.8V<\/td>\n<\/tr>\n<tr>\n<td>\u00d6n y\u00fckseklik<\/td>\n<td>277 mm<\/td>\n<\/tr>\n<tr>\n<td>\u00d6n geni\u015flik<\/td>\n<td>401 mm<\/td>\n<\/tr>\n<tr>\n<td>Panel kesmesinin y\u00fcksekli\u011fi<\/td>\n<td>259 mm<\/td>\n<\/tr>\n<tr>\n<td>Panel kesiminin geni\u015fli\u011fi<\/td>\n<td>383 mm<\/td>\n<\/tr>\n<tr>\n<td>Yerle\u015fik derinlik<\/td>\n<td>113 mm<\/td>\n<\/tr>\n<\/tbody>\n<\/table>\n","protected":false},"excerpt":{"rendered":"<h2>Intel\u00ae Core \u2122 \u00f6zellikli End\u00fcstriyel Panel PC<\/h2>\n<h3>i7-4700EQ, 8 GB DRAM (ECC olmayan), 128 GB SSD-iMLC, WIN 10 IoT Ent.\u00a0(64-bit), PCIe yuvas\u0131, RS-232, kapasitif dokunmatik ekranl\u0131 15,4 &#8216;ekran<\/h3>\n","protected":false},"featured_media":6407,"comment_status":"open","ping_status":"closed","template":"","meta":[],"product_brand":[],"product_cat":[439,438],"product_tag":[],"class_list":{"0":"post-6408","1":"product","2":"type-product","3":"status-publish","4":"has-post-thumbnail","6":"product_cat-endustriyel-pc","7":"product_cat-omron-2","9":"first","10":"instock","11":"shipping-taxable","12":"product-type-simple"},"yoast_head":"<!-- This site is optimized with the Yoast SEO plugin v24.3 - https:\/\/yoast.com\/wordpress\/plugins\/seo\/ -->\n<title>NYP17-313K1-15WC1000 - \u0130ntegral Elektronik<\/title>\n<meta name=\"robots\" content=\"index, follow, max-snippet:-1, max-image-preview:large, max-video-preview:-1\" \/>\n<link rel=\"canonical\" href=\"https:\/\/integralelektronik.com\/tr\/product\/nyp17-313k1-15wc1000\/\" \/>\n<meta property=\"og:locale\" content=\"tr_TR\" \/>\n<meta property=\"og:type\" content=\"article\" \/>\n<meta property=\"og:title\" content=\"NYP17-313K1-15WC1000 - \u0130ntegral Elektronik\" \/>\n<meta property=\"og:description\" content=\"Intel\u00ae Core \u2122 \u00f6zellikli End\u00fcstriyel Panel PC i7-4700EQ, 8 GB DRAM (ECC olmayan), 128 GB SSD-iMLC, WIN 10 IoT Ent.\u00a0(64-bit), PCIe yuvas\u0131, RS-232, kapasitif dokunmatik ekranl\u0131 15,4 &#039;ekran\" \/>\n<meta property=\"og:url\" content=\"https:\/\/integralelektronik.com\/tr\/product\/nyp17-313k1-15wc1000\/\" \/>\n<meta property=\"og:site_name\" content=\"\u0130ntegral Elektronik\" \/>\n<meta property=\"article:modified_time\" content=\"2020-11-21T07:07:08+00:00\" \/>\n<meta property=\"og:image\" content=\"https:\/\/integralelektronik.com\/wp-content\/uploads\/2020\/11\/NY_Panel_PC_15_alt01-400x400-2.jpg\" \/>\n\t<meta property=\"og:image:width\" content=\"400\" \/>\n\t<meta property=\"og:image:height\" content=\"400\" \/>\n\t<meta property=\"og:image:type\" content=\"image\/jpeg\" \/>\n<meta name=\"twitter:card\" content=\"summary_large_image\" \/>\n<meta name=\"twitter:label1\" content=\"Tahmini okuma s\u00fcresi\" \/>\n\t<meta name=\"twitter:data1\" content=\"1 dakika\" \/>\n<script type=\"application\/ld+json\" class=\"yoast-schema-graph\">{\"@context\":\"https:\/\/schema.org\",\"@graph\":[{\"@type\":\"WebPage\",\"@id\":\"https:\/\/integralelektronik.com\/tr\/product\/nyp17-313k1-15wc1000\/\",\"url\":\"https:\/\/integralelektronik.com\/tr\/product\/nyp17-313k1-15wc1000\/\",\"name\":\"NYP17-313K1-15WC1000 - \u0130ntegral Elektronik\",\"isPartOf\":{\"@id\":\"https:\/\/integralelektronik.com\/#website\"},\"primaryImageOfPage\":{\"@id\":\"https:\/\/integralelektronik.com\/tr\/product\/nyp17-313k1-15wc1000\/#primaryimage\"},\"image\":{\"@id\":\"https:\/\/integralelektronik.com\/tr\/product\/nyp17-313k1-15wc1000\/#primaryimage\"},\"thumbnailUrl\":\"https:\/\/integralelektronik.com\/wp-content\/uploads\/2020\/11\/NY_Panel_PC_15_alt01-400x400-2.jpg\",\"datePublished\":\"2020-11-14T18:58:35+00:00\",\"dateModified\":\"2020-11-21T07:07:08+00:00\",\"breadcrumb\":{\"@id\":\"https:\/\/integralelektronik.com\/tr\/product\/nyp17-313k1-15wc1000\/#breadcrumb\"},\"inLanguage\":\"tr\",\"potentialAction\":[{\"@type\":\"ReadAction\",\"target\":[\"https:\/\/integralelektronik.com\/tr\/product\/nyp17-313k1-15wc1000\/\"]}]},{\"@type\":\"ImageObject\",\"inLanguage\":\"tr\",\"@id\":\"https:\/\/integralelektronik.com\/tr\/product\/nyp17-313k1-15wc1000\/#primaryimage\",\"url\":\"https:\/\/integralelektronik.com\/wp-content\/uploads\/2020\/11\/NY_Panel_PC_15_alt01-400x400-2.jpg\",\"contentUrl\":\"https:\/\/integralelektronik.com\/wp-content\/uploads\/2020\/11\/NY_Panel_PC_15_alt01-400x400-2.jpg\",\"width\":400,\"height\":400},{\"@type\":\"BreadcrumbList\",\"@id\":\"https:\/\/integralelektronik.com\/tr\/product\/nyp17-313k1-15wc1000\/#breadcrumb\",\"itemListElement\":[{\"@type\":\"ListItem\",\"position\":1,\"name\":\"Home\",\"item\":\"https:\/\/integralelektronik.com\/tr\/\"},{\"@type\":\"ListItem\",\"position\":2,\"name\":\"Shop\",\"item\":\"https:\/\/integralelektronik.com\/shop\/\"},{\"@type\":\"ListItem\",\"position\":3,\"name\":\"NYP17-313K1-15WC1000\"}]},{\"@type\":\"WebSite\",\"@id\":\"https:\/\/integralelektronik.com\/#website\",\"url\":\"https:\/\/integralelektronik.com\/\",\"name\":\"\u0130ntegral Elektronik\",\"description\":\"\",\"publisher\":{\"@id\":\"https:\/\/integralelektronik.com\/#organization\"},\"potentialAction\":[{\"@type\":\"SearchAction\",\"target\":{\"@type\":\"EntryPoint\",\"urlTemplate\":\"https:\/\/integralelektronik.com\/?s={search_term_string}\"},\"query-input\":{\"@type\":\"PropertyValueSpecification\",\"valueRequired\":true,\"valueName\":\"search_term_string\"}}],\"inLanguage\":\"tr\"},{\"@type\":\"Organization\",\"@id\":\"https:\/\/integralelektronik.com\/#organization\",\"name\":\"\u0130ntegral Elektronik\",\"url\":\"https:\/\/integralelektronik.com\/\",\"logo\":{\"@type\":\"ImageObject\",\"inLanguage\":\"tr\",\"@id\":\"https:\/\/integralelektronik.com\/#\/schema\/logo\/image\/\",\"url\":\"https:\/\/integralelektronik.com\/wp-content\/uploads\/2020\/10\/logo.png\",\"contentUrl\":\"https:\/\/integralelektronik.com\/wp-content\/uploads\/2020\/10\/logo.png\",\"width\":180,\"height\":90,\"caption\":\"\u0130ntegral Elektronik\"},\"image\":{\"@id\":\"https:\/\/integralelektronik.com\/#\/schema\/logo\/image\/\"}}]}<\/script>\n<!-- \/ Yoast SEO plugin. -->","yoast_head_json":{"title":"NYP17-313K1-15WC1000 - \u0130ntegral Elektronik","robots":{"index":"index","follow":"follow","max-snippet":"max-snippet:-1","max-image-preview":"max-image-preview:large","max-video-preview":"max-video-preview:-1"},"canonical":"https:\/\/integralelektronik.com\/tr\/product\/nyp17-313k1-15wc1000\/","og_locale":"tr_TR","og_type":"article","og_title":"NYP17-313K1-15WC1000 - \u0130ntegral Elektronik","og_description":"Intel\u00ae Core \u2122 \u00f6zellikli End\u00fcstriyel Panel PC i7-4700EQ, 8 GB DRAM (ECC olmayan), 128 GB SSD-iMLC, WIN 10 IoT Ent.\u00a0(64-bit), PCIe yuvas\u0131, RS-232, kapasitif dokunmatik ekranl\u0131 15,4 'ekran","og_url":"https:\/\/integralelektronik.com\/tr\/product\/nyp17-313k1-15wc1000\/","og_site_name":"\u0130ntegral Elektronik","article_modified_time":"2020-11-21T07:07:08+00:00","og_image":[{"width":400,"height":400,"url":"https:\/\/integralelektronik.com\/wp-content\/uploads\/2020\/11\/NY_Panel_PC_15_alt01-400x400-2.jpg","type":"image\/jpeg"}],"twitter_card":"summary_large_image","twitter_misc":{"Tahmini okuma s\u00fcresi":"1 dakika"},"schema":{"@context":"https:\/\/schema.org","@graph":[{"@type":"WebPage","@id":"https:\/\/integralelektronik.com\/tr\/product\/nyp17-313k1-15wc1000\/","url":"https:\/\/integralelektronik.com\/tr\/product\/nyp17-313k1-15wc1000\/","name":"NYP17-313K1-15WC1000 - \u0130ntegral Elektronik","isPartOf":{"@id":"https:\/\/integralelektronik.com\/#website"},"primaryImageOfPage":{"@id":"https:\/\/integralelektronik.com\/tr\/product\/nyp17-313k1-15wc1000\/#primaryimage"},"image":{"@id":"https:\/\/integralelektronik.com\/tr\/product\/nyp17-313k1-15wc1000\/#primaryimage"},"thumbnailUrl":"https:\/\/integralelektronik.com\/wp-content\/uploads\/2020\/11\/NY_Panel_PC_15_alt01-400x400-2.jpg","datePublished":"2020-11-14T18:58:35+00:00","dateModified":"2020-11-21T07:07:08+00:00","breadcrumb":{"@id":"https:\/\/integralelektronik.com\/tr\/product\/nyp17-313k1-15wc1000\/#breadcrumb"},"inLanguage":"tr","potentialAction":[{"@type":"ReadAction","target":["https:\/\/integralelektronik.com\/tr\/product\/nyp17-313k1-15wc1000\/"]}]},{"@type":"ImageObject","inLanguage":"tr","@id":"https:\/\/integralelektronik.com\/tr\/product\/nyp17-313k1-15wc1000\/#primaryimage","url":"https:\/\/integralelektronik.com\/wp-content\/uploads\/2020\/11\/NY_Panel_PC_15_alt01-400x400-2.jpg","contentUrl":"https:\/\/integralelektronik.com\/wp-content\/uploads\/2020\/11\/NY_Panel_PC_15_alt01-400x400-2.jpg","width":400,"height":400},{"@type":"BreadcrumbList","@id":"https:\/\/integralelektronik.com\/tr\/product\/nyp17-313k1-15wc1000\/#breadcrumb","itemListElement":[{"@type":"ListItem","position":1,"name":"Home","item":"https:\/\/integralelektronik.com\/tr\/"},{"@type":"ListItem","position":2,"name":"Shop","item":"https:\/\/integralelektronik.com\/shop\/"},{"@type":"ListItem","position":3,"name":"NYP17-313K1-15WC1000"}]},{"@type":"WebSite","@id":"https:\/\/integralelektronik.com\/#website","url":"https:\/\/integralelektronik.com\/","name":"\u0130ntegral Elektronik","description":"","publisher":{"@id":"https:\/\/integralelektronik.com\/#organization"},"potentialAction":[{"@type":"SearchAction","target":{"@type":"EntryPoint","urlTemplate":"https:\/\/integralelektronik.com\/?s={search_term_string}"},"query-input":{"@type":"PropertyValueSpecification","valueRequired":true,"valueName":"search_term_string"}}],"inLanguage":"tr"},{"@type":"Organization","@id":"https:\/\/integralelektronik.com\/#organization","name":"\u0130ntegral Elektronik","url":"https:\/\/integralelektronik.com\/","logo":{"@type":"ImageObject","inLanguage":"tr","@id":"https:\/\/integralelektronik.com\/#\/schema\/logo\/image\/","url":"https:\/\/integralelektronik.com\/wp-content\/uploads\/2020\/10\/logo.png","contentUrl":"https:\/\/integralelektronik.com\/wp-content\/uploads\/2020\/10\/logo.png","width":180,"height":90,"caption":"\u0130ntegral Elektronik"},"image":{"@id":"https:\/\/integralelektronik.com\/#\/schema\/logo\/image\/"}}]}},"_links":{"self":[{"href":"https:\/\/integralelektronik.com\/tr\/wp-json\/wp\/v2\/product\/6408"}],"collection":[{"href":"https:\/\/integralelektronik.com\/tr\/wp-json\/wp\/v2\/product"}],"about":[{"href":"https:\/\/integralelektronik.com\/tr\/wp-json\/wp\/v2\/types\/product"}],"replies":[{"embeddable":true,"href":"https:\/\/integralelektronik.com\/tr\/wp-json\/wp\/v2\/comments?post=6408"}],"wp:featuredmedia":[{"embeddable":true,"href":"https:\/\/integralelektronik.com\/tr\/wp-json\/wp\/v2\/media\/6407"}],"wp:attachment":[{"href":"https:\/\/integralelektronik.com\/tr\/wp-json\/wp\/v2\/media?parent=6408"}],"wp:term":[{"taxonomy":"product_brand","embeddable":true,"href":"https:\/\/integralelektronik.com\/tr\/wp-json\/wp\/v2\/product_brand?post=6408"},{"taxonomy":"product_cat","embeddable":true,"href":"https:\/\/integralelektronik.com\/tr\/wp-json\/wp\/v2\/product_cat?post=6408"},{"taxonomy":"product_tag","embeddable":true,"href":"https:\/\/integralelektronik.com\/tr\/wp-json\/wp\/v2\/product_tag?post=6408"}],"curies":[{"name":"wp","href":"https:\/\/api.w.org\/{rel}","templated":true}]}}