{"id":8674,"date":"2020-12-22T00:25:43","date_gmt":"2020-12-21T21:25:43","guid":{"rendered":"https:\/\/integralelektronik.com\/?page_id=8674"},"modified":"2020-12-22T01:27:07","modified_gmt":"2020-12-21T22:27:07","slug":"odeme-yontemleri","status":"publish","type":"page","link":"https:\/\/integralelektronik.com\/tr\/odeme-yontemleri\/","title":{"rendered":"\u00d6deme Y\u00f6ntemleri"},"content":{"rendered":"<section class=\"wpb-content-wrapper\"><p>[vc_row][vc_column width=&#8221;1\/2&#8243;][vc_single_image image=&#8221;8668&#8243; img_size=&#8221;full&#8221; alignment=&#8221;center&#8221;][\/vc_column][vc_column width=&#8221;1\/2&#8243; css=&#8221;.vc_custom_1608585639435{padding-top: 55px !important;}&#8221;][vc_column_text]<span style=\"color: #000000;\">\u00d6demeleriniz i\u00e7in sat\u0131\u015f s\u00f6zle\u015fmesinde bildirilen \u201c \u0130ntegral Otomasyon Enerji Limited \u015eirketi \u201d banka hesap numaralar\u0131m\u0131z referans al\u0131nacakt\u0131r.<\/span>[\/vc_column_text][vc_custom_heading text=&#8221;Sat\u0131\u015f S\u00f6zle\u015fmesi&#8221; font_container=&#8221;tag:h2|text_align:center&#8221;][vc_column_text]Sipari\u015fler i\u00e7in referans imza ve onayl\u0131 sat\u0131\u015f teklif s\u00f6zle\u015fmeleridir. M\u00fc\u015fterilerimiz sipari\u015fleri onaylad\u0131\u011f\u0131 anda bu s\u00f6zle\u015fme h\u00fck\u00fcmlerini kabul etmi\u015f say\u0131l\u0131r.[\/vc_column_text][vc_custom_heading text=&#8221;Sevkiyat&#8221; font_container=&#8221;tag:h2|text_align:center&#8221;][vc_column_text]Teslim s\u00fcreleri farkl\u0131 \u00fcr\u00fcnlerin ayn\u0131 sipari\u015f i\u00e7inde sat\u0131n al\u0131nmas\u0131 durumunda, belirtilmi\u015f en uzun teslim s\u00fcresi baz al\u0131n\u0131r, \u00fcr\u00fcnler sto\u011fa girer girmez tek seferde sevk edilir.<\/p>\n<p>Sipari\u015f ve fatura teslim adresleri, ileti\u015fim numaralar\u0131; m\u00fc\u015fteri taraf\u0131ndan a\u00e7\u0131k\u00e7a ve do\u011fru olarak belirtilmelidir.[\/vc_column_text][\/vc_column][\/vc_row][vc_row][vc_column width=&#8221;1\/2&#8243; css=&#8221;.vc_custom_1608586077543{padding-top: 75px !important;}&#8221;][vc_custom_heading text=&#8221;Garanti&#8221; font_container=&#8221;tag:h2|text_align:center&#8221;][vc_column_text]Sitemizde sat\u0131n al\u0131nan \u00fcr\u00fcnler garanti ko\u015fullar\u0131 i\u00e7in \u00fcretici firma irtibata ge\u00e7ilmelidir.[\/vc_column_text][vc_custom_heading text=&#8221;Teslimat&#8221; font_container=&#8221;tag:h2|text_align:center&#8221; css=&#8221;.vc_custom_1608589619821{padding-top: 15px !important;}&#8221;][vc_column_text]Sat\u0131n alm\u0131\u015f oldu\u011funuz \u00fcr\u00fcn kargo \u015firketi arac\u0131l\u0131\u011f\u0131 ile size ula\u015ft\u0131r\u0131lm\u0131\u015f ise teslim alma s\u0131ras\u0131nda kutusuna zarar vermeden a\u00e7arak kontrol\u00fcn\u00fc yapt\u0131ktan sonra teslim al\u0131n\u0131z. Kargoda meydana gelmi\u015f bir eksiklik veya hasar var ise kargo g\u00f6revlisine mutlaka tutanak tutturmal\u0131d\u0131r. Kargo kaynakl\u0131 olu\u015fabilecek problemlerden firmam\u0131z sorumlu tutulamaz. Sat\u0131n al\u0131nan \u00fcr\u00fcn\u00fcn teslim al\u0131nmas\u0131ndan sonra, kargo taraf\u0131ndan \u00fcr\u00fcne zarar verildi\u011fi iddias\u0131yla yap\u0131lan iade talepleri kabul edilmeyecektir.[\/vc_column_text][\/vc_column][vc_column width=&#8221;1\/2&#8243; css=&#8221;.vc_custom_1608585810481{padding-top: 0px !important;}&#8221;][vc_single_image image=&#8221;8670&#8243; img_size=&#8221;full&#8221; alignment=&#8221;center&#8221;][\/vc_column][\/vc_row]<\/p>\n<\/section>","protected":false},"excerpt":{"rendered":"<p>[vc_row][vc_column width=&#8221;1\/2&#8243;][vc_single_image image=&#8221;8668&#8243; img_size=&#8221;full&#8221; alignment=&#8221;center&#8221;][\/vc_column][vc_column width=&#8221;1\/2&#8243; css=&#8221;.vc_custom_1608585639435{padding-top: 55px !important;}&#8221;][vc_column_text]\u00d6demeleriniz i\u00e7in sat\u0131\u015f s\u00f6zle\u015fmesinde bildirilen \u201c \u0130ntegral Otomasyon Enerji Limited \u015eirketi \u201d banka hesap numaralar\u0131m\u0131z referans al\u0131nacakt\u0131r.[\/vc_column_text][vc_custom_heading text=&#8221;Sat\u0131\u015f S\u00f6zle\u015fmesi&#8221; font_container=&#8221;tag:h2|text_align:center&#8221;][vc_column_text]Sipari\u015fler i\u00e7in referans<\/p>\n","protected":false},"author":1,"featured_media":0,"parent":0,"menu_order":0,"comment_status":"closed","ping_status":"closed","template":"","meta":{"footnotes":""},"class_list":["post-8674","page","type-page","status-publish","hentry"],"yoast_head":"<!-- This site is optimized with the Yoast SEO plugin v24.3 - https:\/\/yoast.com\/wordpress\/plugins\/seo\/ -->\n<title>\u00d6deme Y\u00f6ntemleri - \u0130ntegral Elektronik<\/title>\n<meta name=\"robots\" content=\"index, follow, max-snippet:-1, max-image-preview:large, max-video-preview:-1\" \/>\n<link rel=\"canonical\" href=\"https:\/\/integralelektronik.com\/tr\/odeme-yontemleri\/\" \/>\n<meta property=\"og:locale\" content=\"tr_TR\" \/>\n<meta property=\"og:type\" content=\"article\" \/>\n<meta property=\"og:title\" content=\"\u00d6deme Y\u00f6ntemleri - \u0130ntegral Elektronik\" \/>\n<meta property=\"og:description\" content=\"[vc_row][vc_column width=&#8221;1\/2&#8243;][vc_single_image image=&#8221;8668&#8243; img_size=&#8221;full&#8221; alignment=&#8221;center&#8221;][\/vc_column][vc_column width=&#8221;1\/2&#8243; css=&#8221;.vc_custom_1608585639435{padding-top: 55px !important;}&#8221;][vc_column_text]\u00d6demeleriniz i\u00e7in sat\u0131\u015f s\u00f6zle\u015fmesinde bildirilen \u201c \u0130ntegral Otomasyon Enerji Limited \u015eirketi \u201d banka hesap numaralar\u0131m\u0131z referans al\u0131nacakt\u0131r.[\/vc_column_text][vc_custom_heading text=&#8221;Sat\u0131\u015f S\u00f6zle\u015fmesi&#8221; font_container=&#8221;tag:h2|text_align:center&#8221;][vc_column_text]Sipari\u015fler i\u00e7in referans\" \/>\n<meta property=\"og:url\" content=\"https:\/\/integralelektronik.com\/tr\/odeme-yontemleri\/\" \/>\n<meta property=\"og:site_name\" content=\"\u0130ntegral Elektronik\" \/>\n<meta property=\"article:modified_time\" content=\"2020-12-21T22:27:07+00:00\" \/>\n<meta name=\"twitter:card\" content=\"summary_large_image\" \/>\n<meta name=\"twitter:label1\" content=\"Tahmini okuma s\u00fcresi\" \/>\n\t<meta name=\"twitter:data1\" content=\"2 dakika\" \/>\n<script type=\"application\/ld+json\" class=\"yoast-schema-graph\">{\"@context\":\"https:\/\/schema.org\",\"@graph\":[{\"@type\":\"WebPage\",\"@id\":\"https:\/\/integralelektronik.com\/tr\/odeme-yontemleri\/\",\"url\":\"https:\/\/integralelektronik.com\/tr\/odeme-yontemleri\/\",\"name\":\"\u00d6deme Y\u00f6ntemleri - \u0130ntegral Elektronik\",\"isPartOf\":{\"@id\":\"https:\/\/integralelektronik.com\/#website\"},\"datePublished\":\"2020-12-21T21:25:43+00:00\",\"dateModified\":\"2020-12-21T22:27:07+00:00\",\"breadcrumb\":{\"@id\":\"https:\/\/integralelektronik.com\/tr\/odeme-yontemleri\/#breadcrumb\"},\"inLanguage\":\"tr\",\"potentialAction\":[{\"@type\":\"ReadAction\",\"target\":[\"https:\/\/integralelektronik.com\/tr\/odeme-yontemleri\/\"]}]},{\"@type\":\"BreadcrumbList\",\"@id\":\"https:\/\/integralelektronik.com\/tr\/odeme-yontemleri\/#breadcrumb\",\"itemListElement\":[{\"@type\":\"ListItem\",\"position\":1,\"name\":\"Home\",\"item\":\"https:\/\/integralelektronik.com\/tr\/\"},{\"@type\":\"ListItem\",\"position\":2,\"name\":\"\u00d6deme Y\u00f6ntemleri\"}]},{\"@type\":\"WebSite\",\"@id\":\"https:\/\/integralelektronik.com\/#website\",\"url\":\"https:\/\/integralelektronik.com\/\",\"name\":\"\u0130ntegral Elektronik\",\"description\":\"\",\"publisher\":{\"@id\":\"https:\/\/integralelektronik.com\/#organization\"},\"potentialAction\":[{\"@type\":\"SearchAction\",\"target\":{\"@type\":\"EntryPoint\",\"urlTemplate\":\"https:\/\/integralelektronik.com\/?s={search_term_string}\"},\"query-input\":{\"@type\":\"PropertyValueSpecification\",\"valueRequired\":true,\"valueName\":\"search_term_string\"}}],\"inLanguage\":\"tr\"},{\"@type\":\"Organization\",\"@id\":\"https:\/\/integralelektronik.com\/#organization\",\"name\":\"\u0130ntegral Elektronik\",\"url\":\"https:\/\/integralelektronik.com\/\",\"logo\":{\"@type\":\"ImageObject\",\"inLanguage\":\"tr\",\"@id\":\"https:\/\/integralelektronik.com\/#\/schema\/logo\/image\/\",\"url\":\"https:\/\/integralelektronik.com\/wp-content\/uploads\/2020\/10\/logo.png\",\"contentUrl\":\"https:\/\/integralelektronik.com\/wp-content\/uploads\/2020\/10\/logo.png\",\"width\":180,\"height\":90,\"caption\":\"\u0130ntegral Elektronik\"},\"image\":{\"@id\":\"https:\/\/integralelektronik.com\/#\/schema\/logo\/image\/\"}}]}<\/script>\n<!-- \/ Yoast SEO plugin. -->","yoast_head_json":{"title":"\u00d6deme Y\u00f6ntemleri - \u0130ntegral Elektronik","robots":{"index":"index","follow":"follow","max-snippet":"max-snippet:-1","max-image-preview":"max-image-preview:large","max-video-preview":"max-video-preview:-1"},"canonical":"https:\/\/integralelektronik.com\/tr\/odeme-yontemleri\/","og_locale":"tr_TR","og_type":"article","og_title":"\u00d6deme Y\u00f6ntemleri - \u0130ntegral Elektronik","og_description":"[vc_row][vc_column width=&#8221;1\/2&#8243;][vc_single_image image=&#8221;8668&#8243; img_size=&#8221;full&#8221; alignment=&#8221;center&#8221;][\/vc_column][vc_column width=&#8221;1\/2&#8243; css=&#8221;.vc_custom_1608585639435{padding-top: 55px !important;}&#8221;][vc_column_text]\u00d6demeleriniz i\u00e7in sat\u0131\u015f s\u00f6zle\u015fmesinde bildirilen \u201c \u0130ntegral Otomasyon Enerji Limited \u015eirketi \u201d banka hesap numaralar\u0131m\u0131z referans al\u0131nacakt\u0131r.[\/vc_column_text][vc_custom_heading text=&#8221;Sat\u0131\u015f S\u00f6zle\u015fmesi&#8221; font_container=&#8221;tag:h2|text_align:center&#8221;][vc_column_text]Sipari\u015fler i\u00e7in referans","og_url":"https:\/\/integralelektronik.com\/tr\/odeme-yontemleri\/","og_site_name":"\u0130ntegral Elektronik","article_modified_time":"2020-12-21T22:27:07+00:00","twitter_card":"summary_large_image","twitter_misc":{"Tahmini okuma s\u00fcresi":"2 dakika"},"schema":{"@context":"https:\/\/schema.org","@graph":[{"@type":"WebPage","@id":"https:\/\/integralelektronik.com\/tr\/odeme-yontemleri\/","url":"https:\/\/integralelektronik.com\/tr\/odeme-yontemleri\/","name":"\u00d6deme Y\u00f6ntemleri - \u0130ntegral Elektronik","isPartOf":{"@id":"https:\/\/integralelektronik.com\/#website"},"datePublished":"2020-12-21T21:25:43+00:00","dateModified":"2020-12-21T22:27:07+00:00","breadcrumb":{"@id":"https:\/\/integralelektronik.com\/tr\/odeme-yontemleri\/#breadcrumb"},"inLanguage":"tr","potentialAction":[{"@type":"ReadAction","target":["https:\/\/integralelektronik.com\/tr\/odeme-yontemleri\/"]}]},{"@type":"BreadcrumbList","@id":"https:\/\/integralelektronik.com\/tr\/odeme-yontemleri\/#breadcrumb","itemListElement":[{"@type":"ListItem","position":1,"name":"Home","item":"https:\/\/integralelektronik.com\/tr\/"},{"@type":"ListItem","position":2,"name":"\u00d6deme Y\u00f6ntemleri"}]},{"@type":"WebSite","@id":"https:\/\/integralelektronik.com\/#website","url":"https:\/\/integralelektronik.com\/","name":"\u0130ntegral Elektronik","description":"","publisher":{"@id":"https:\/\/integralelektronik.com\/#organization"},"potentialAction":[{"@type":"SearchAction","target":{"@type":"EntryPoint","urlTemplate":"https:\/\/integralelektronik.com\/?s={search_term_string}"},"query-input":{"@type":"PropertyValueSpecification","valueRequired":true,"valueName":"search_term_string"}}],"inLanguage":"tr"},{"@type":"Organization","@id":"https:\/\/integralelektronik.com\/#organization","name":"\u0130ntegral Elektronik","url":"https:\/\/integralelektronik.com\/","logo":{"@type":"ImageObject","inLanguage":"tr","@id":"https:\/\/integralelektronik.com\/#\/schema\/logo\/image\/","url":"https:\/\/integralelektronik.com\/wp-content\/uploads\/2020\/10\/logo.png","contentUrl":"https:\/\/integralelektronik.com\/wp-content\/uploads\/2020\/10\/logo.png","width":180,"height":90,"caption":"\u0130ntegral Elektronik"},"image":{"@id":"https:\/\/integralelektronik.com\/#\/schema\/logo\/image\/"}}]}},"_links":{"self":[{"href":"https:\/\/integralelektronik.com\/tr\/wp-json\/wp\/v2\/pages\/8674"}],"collection":[{"href":"https:\/\/integralelektronik.com\/tr\/wp-json\/wp\/v2\/pages"}],"about":[{"href":"https:\/\/integralelektronik.com\/tr\/wp-json\/wp\/v2\/types\/page"}],"author":[{"embeddable":true,"href":"https:\/\/integralelektronik.com\/tr\/wp-json\/wp\/v2\/users\/1"}],"replies":[{"embeddable":true,"href":"https:\/\/integralelektronik.com\/tr\/wp-json\/wp\/v2\/comments?post=8674"}],"version-history":[{"count":5,"href":"https:\/\/integralelektronik.com\/tr\/wp-json\/wp\/v2\/pages\/8674\/revisions"}],"predecessor-version":[{"id":8682,"href":"https:\/\/integralelektronik.com\/tr\/wp-json\/wp\/v2\/pages\/8674\/revisions\/8682"}],"wp:attachment":[{"href":"https:\/\/integralelektronik.com\/tr\/wp-json\/wp\/v2\/media?parent=8674"}],"curies":[{"name":"wp","href":"https:\/\/api.w.org\/{rel}","templated":true}]}}