{"id":8126,"date":"2020-12-10T23:26:14","date_gmt":"2020-12-10T20:26:14","guid":{"rendered":"https:\/\/integralelektronik.com\/?page_id=8126"},"modified":"2020-12-12T21:33:46","modified_gmt":"2020-12-12T18:33:46","slug":"saha-calismalarimiz","status":"publish","type":"page","link":"https:\/\/integralelektronik.com\/tr\/saha-calismalarimiz\/","title":{"rendered":"Saha \u00c7al\u0131\u015fmalar\u0131m\u0131z"},"content":{"rendered":"<section class=\"wpb-content-wrapper\"><p>[vc_row full_width=&#8221;stretch_row_content_no_spaces&#8221;][vc_column][vc_single_image image=&#8221;8152&#8243; img_size=&#8221;full&#8221; alignment=&#8221;center&#8221; style=&#8221;vc_box_rounded&#8221;][\/vc_column][\/vc_row][vc_row][vc_column width=&#8221;1\/2&#8243;][vc_single_image image=&#8221;8154&#8243; img_size=&#8221;full&#8221; alignment=&#8221;center&#8221;][\/vc_column][vc_column width=&#8221;1\/2&#8243;][vc_column_text css_animation=&#8221;fadeIn&#8221; css=&#8221;.vc_custom_1607798023191{padding-top: 75px !important;}&#8221;]<\/p>\n<h5 style=\"text-align: justify;\"><span style=\"color: #000000;\">Integral Elektronik olarak temel \u00e7al\u0131\u015fma alanlar\u0131m\u0131z;<\/span><\/h5>\n<p>&nbsp;<\/p>\n<h5 style=\"text-align: justify;\"><span style=\"color: #000000;\">Do\u011falgaz \u00c7evrim Santrallar\u0131, Petrol Rafinerileri, Termik Elektrik Santrallar\u0131, \u00c7imento, Demir \u00c7elik, G\u0131da, Tekstil, sekt\u00f6rleridir. Bu uygulamalar\u0131n s\u0131cakl\u0131k, bas\u0131n\u00e7, seviye, debi, nem prosesleri otomasyonu ve enstr\u00fcmanlar\u0131 uzmanl\u0131k alanlar\u0131m\u0131zd\u0131r.<\/span><\/h5>\n<p>&nbsp;<\/p>\n<h5 style=\"text-align: justify;\"><span style=\"color: #000000;\">Integral Elektronik proses kontrol ve otomasyon \u00fcr\u00fcnleri gam\u0131nda Sens\u00f6rler, transmitterler, valfler, kontrol cihazlar\u0131, akt\u00fcat\u00f6rler, reg\u00fclat\u00f6rler, al\u00e7ak ve orta gerilim elektrik \u00fcr\u00fcnleri sat\u0131\u015f\u0131. Sat\u0131\u015f \u00f6ncesi ve sonras\u0131 teknik destek faaliyetleri d\u0131\u015f\u0131nda; mevcut sistem ve \u00fcr\u00fcn revizyonu konular\u0131nda \u00e7al\u0131\u015fmaktad\u0131r.<br \/>\n<\/span><\/h5>\n<p>[\/vc_column_text][\/vc_column][\/vc_row][vc_row][vc_column width=&#8221;1\/2&#8243; css=&#8221;.vc_custom_1607795075577{padding-top: 100px !important;}&#8221;][vc_column_text css_animation=&#8221;fadeIn&#8221; css=&#8221;.vc_custom_1607798017860{margin-top: 100px !important;}&#8221;]<\/p>\n<h5 style=\"text-align: justify;\"><span style=\"color: #000000;\">Sisteminize uygun \u00e7\u00f6z\u00fcmleri, uzmanl\u0131k alanlar\u0131m\u0131z dahilinde ve sekt\u00f6r\u00fcnde lider partner markalar\u0131m\u0131zla \u00f6neriyoruz.<\/span><\/h5>\n<h5 style=\"text-align: justify;\"><span style=\"color: #000000;\"><br \/>\nMalzeme dayan\u0131m\u0131 ve proses uygunlu\u011fu, kontrol hassasiyeti ve sistem gereksinimleri, kontrol enstr\u00fcmanlar\u0131n\u0131n adaptasyonlar\u0131 ayr\u0131 ayr\u0131 de\u011ferlendirilerek sizlere optimal \u00e7\u00f6z\u00fcm \u00f6nerilerimizi sunuyoruz.<br \/>\nPaketleme, dolum, g\u0131da makineleri ve f\u0131r\u0131n imalat\u0131 gibi sekt\u00f6rlerin yan\u0131 s\u0131ra fabrika otomasyonu, jenerat\u00f6r imalat\u00e7\u0131lar\u0131, Sera ve kulu\u00e7ka&amp;tavuk \u00e7ifti\u011fi uygulamalar\u0131nda hizmet vermekteyiz<\/span><\/h5>\n<p>[\/vc_column_text][\/vc_column][vc_column width=&#8221;1\/2&#8243;][vc_single_image image=&#8221;8156&#8243; img_size=&#8221;1500&#215;900&#8243; alignment=&#8221;center&#8221;][\/vc_column][\/vc_row][vc_row][vc_column width=&#8221;1\/3&#8243;][vc_single_image image=&#8221;8433&#8243; img_size=&#8221;447&#215;403&#8243; alignment=&#8221;center&#8221;][\/vc_column][vc_column width=&#8221;1\/3&#8243;][vc_single_image image=&#8221;8435&#8243; img_size=&#8221;447&#215;403&#8243; alignment=&#8221;center&#8221;][\/vc_column][vc_column width=&#8221;1\/3&#8243;][vc_single_image image=&#8221;8437&#8243; img_size=&#8221;447&#215;403&#8243; alignment=&#8221;center&#8221;][\/vc_column][\/vc_row]<\/p>\n<\/section>","protected":false},"excerpt":{"rendered":"<p>[vc_row full_width=&#8221;stretch_row_content_no_spaces&#8221;][vc_column][vc_single_image image=&#8221;8152&#8243; img_size=&#8221;full&#8221; alignment=&#8221;center&#8221; style=&#8221;vc_box_rounded&#8221;][\/vc_column][\/vc_row][vc_row][vc_column width=&#8221;1\/2&#8243;][vc_single_image image=&#8221;8154&#8243; img_size=&#8221;full&#8221; alignment=&#8221;center&#8221;][\/vc_column][vc_column width=&#8221;1\/2&#8243;][vc_column_text css_animation=&#8221;fadeIn&#8221; css=&#8221;.vc_custom_1607798023191{padding-top: 75px !important;}&#8221;] Integral Elektronik olarak temel \u00e7al\u0131\u015fma alanlar\u0131m\u0131z; &nbsp; Do\u011falgaz \u00c7evrim Santrallar\u0131, Petrol Rafinerileri, Termik Elektrik Santrallar\u0131,<\/p>\n","protected":false},"author":1,"featured_media":0,"parent":0,"menu_order":0,"comment_status":"closed","ping_status":"closed","template":"","meta":{"footnotes":""},"class_list":["post-8126","page","type-page","status-publish","hentry"],"yoast_head":"<!-- This site is optimized with the Yoast SEO plugin v24.3 - https:\/\/yoast.com\/wordpress\/plugins\/seo\/ -->\n<title>Saha \u00c7al\u0131\u015fmalar\u0131m\u0131z - \u0130ntegral Elektronik<\/title>\n<meta name=\"robots\" content=\"index, follow, max-snippet:-1, max-image-preview:large, max-video-preview:-1\" \/>\n<link rel=\"canonical\" href=\"https:\/\/integralelektronik.com\/tr\/saha-calismalarimiz\/\" \/>\n<meta property=\"og:locale\" content=\"tr_TR\" \/>\n<meta property=\"og:type\" content=\"article\" \/>\n<meta property=\"og:title\" content=\"Saha \u00c7al\u0131\u015fmalar\u0131m\u0131z - \u0130ntegral Elektronik\" \/>\n<meta property=\"og:description\" content=\"[vc_row full_width=&#8221;stretch_row_content_no_spaces&#8221;][vc_column][vc_single_image image=&#8221;8152&#8243; img_size=&#8221;full&#8221; alignment=&#8221;center&#8221; style=&#8221;vc_box_rounded&#8221;][\/vc_column][\/vc_row][vc_row][vc_column width=&#8221;1\/2&#8243;][vc_single_image image=&#8221;8154&#8243; img_size=&#8221;full&#8221; alignment=&#8221;center&#8221;][\/vc_column][vc_column width=&#8221;1\/2&#8243;][vc_column_text css_animation=&#8221;fadeIn&#8221; css=&#8221;.vc_custom_1607798023191{padding-top: 75px !important;}&#8221;] Integral Elektronik olarak temel \u00e7al\u0131\u015fma alanlar\u0131m\u0131z; &nbsp; Do\u011falgaz \u00c7evrim Santrallar\u0131, Petrol Rafinerileri, Termik Elektrik Santrallar\u0131,\" \/>\n<meta property=\"og:url\" content=\"https:\/\/integralelektronik.com\/tr\/saha-calismalarimiz\/\" \/>\n<meta property=\"og:site_name\" content=\"\u0130ntegral Elektronik\" \/>\n<meta property=\"article:modified_time\" content=\"2020-12-12T18:33:46+00:00\" \/>\n<meta name=\"twitter:card\" content=\"summary_large_image\" \/>\n<meta name=\"twitter:label1\" content=\"Tahmini okuma s\u00fcresi\" \/>\n\t<meta name=\"twitter:data1\" content=\"2 dakika\" \/>\n<script type=\"application\/ld+json\" class=\"yoast-schema-graph\">{\"@context\":\"https:\/\/schema.org\",\"@graph\":[{\"@type\":\"WebPage\",\"@id\":\"https:\/\/integralelektronik.com\/tr\/saha-calismalarimiz\/\",\"url\":\"https:\/\/integralelektronik.com\/tr\/saha-calismalarimiz\/\",\"name\":\"Saha \u00c7al\u0131\u015fmalar\u0131m\u0131z - \u0130ntegral Elektronik\",\"isPartOf\":{\"@id\":\"https:\/\/integralelektronik.com\/#website\"},\"datePublished\":\"2020-12-10T20:26:14+00:00\",\"dateModified\":\"2020-12-12T18:33:46+00:00\",\"breadcrumb\":{\"@id\":\"https:\/\/integralelektronik.com\/tr\/saha-calismalarimiz\/#breadcrumb\"},\"inLanguage\":\"tr\",\"potentialAction\":[{\"@type\":\"ReadAction\",\"target\":[\"https:\/\/integralelektronik.com\/tr\/saha-calismalarimiz\/\"]}]},{\"@type\":\"BreadcrumbList\",\"@id\":\"https:\/\/integralelektronik.com\/tr\/saha-calismalarimiz\/#breadcrumb\",\"itemListElement\":[{\"@type\":\"ListItem\",\"position\":1,\"name\":\"Home\",\"item\":\"https:\/\/integralelektronik.com\/tr\/\"},{\"@type\":\"ListItem\",\"position\":2,\"name\":\"Saha \u00c7al\u0131\u015fmalar\u0131m\u0131z\"}]},{\"@type\":\"WebSite\",\"@id\":\"https:\/\/integralelektronik.com\/#website\",\"url\":\"https:\/\/integralelektronik.com\/\",\"name\":\"\u0130ntegral Elektronik\",\"description\":\"\",\"publisher\":{\"@id\":\"https:\/\/integralelektronik.com\/#organization\"},\"potentialAction\":[{\"@type\":\"SearchAction\",\"target\":{\"@type\":\"EntryPoint\",\"urlTemplate\":\"https:\/\/integralelektronik.com\/?s={search_term_string}\"},\"query-input\":{\"@type\":\"PropertyValueSpecification\",\"valueRequired\":true,\"valueName\":\"search_term_string\"}}],\"inLanguage\":\"tr\"},{\"@type\":\"Organization\",\"@id\":\"https:\/\/integralelektronik.com\/#organization\",\"name\":\"\u0130ntegral Elektronik\",\"url\":\"https:\/\/integralelektronik.com\/\",\"logo\":{\"@type\":\"ImageObject\",\"inLanguage\":\"tr\",\"@id\":\"https:\/\/integralelektronik.com\/#\/schema\/logo\/image\/\",\"url\":\"https:\/\/integralelektronik.com\/wp-content\/uploads\/2020\/10\/logo.png\",\"contentUrl\":\"https:\/\/integralelektronik.com\/wp-content\/uploads\/2020\/10\/logo.png\",\"width\":180,\"height\":90,\"caption\":\"\u0130ntegral Elektronik\"},\"image\":{\"@id\":\"https:\/\/integralelektronik.com\/#\/schema\/logo\/image\/\"}}]}<\/script>\n<!-- \/ Yoast SEO plugin. -->","yoast_head_json":{"title":"Saha \u00c7al\u0131\u015fmalar\u0131m\u0131z - \u0130ntegral Elektronik","robots":{"index":"index","follow":"follow","max-snippet":"max-snippet:-1","max-image-preview":"max-image-preview:large","max-video-preview":"max-video-preview:-1"},"canonical":"https:\/\/integralelektronik.com\/tr\/saha-calismalarimiz\/","og_locale":"tr_TR","og_type":"article","og_title":"Saha \u00c7al\u0131\u015fmalar\u0131m\u0131z - \u0130ntegral Elektronik","og_description":"[vc_row full_width=&#8221;stretch_row_content_no_spaces&#8221;][vc_column][vc_single_image image=&#8221;8152&#8243; img_size=&#8221;full&#8221; alignment=&#8221;center&#8221; style=&#8221;vc_box_rounded&#8221;][\/vc_column][\/vc_row][vc_row][vc_column width=&#8221;1\/2&#8243;][vc_single_image image=&#8221;8154&#8243; img_size=&#8221;full&#8221; alignment=&#8221;center&#8221;][\/vc_column][vc_column width=&#8221;1\/2&#8243;][vc_column_text css_animation=&#8221;fadeIn&#8221; css=&#8221;.vc_custom_1607798023191{padding-top: 75px !important;}&#8221;] Integral Elektronik olarak temel \u00e7al\u0131\u015fma alanlar\u0131m\u0131z; &nbsp; Do\u011falgaz \u00c7evrim Santrallar\u0131, Petrol Rafinerileri, Termik Elektrik Santrallar\u0131,","og_url":"https:\/\/integralelektronik.com\/tr\/saha-calismalarimiz\/","og_site_name":"\u0130ntegral Elektronik","article_modified_time":"2020-12-12T18:33:46+00:00","twitter_card":"summary_large_image","twitter_misc":{"Tahmini okuma s\u00fcresi":"2 dakika"},"schema":{"@context":"https:\/\/schema.org","@graph":[{"@type":"WebPage","@id":"https:\/\/integralelektronik.com\/tr\/saha-calismalarimiz\/","url":"https:\/\/integralelektronik.com\/tr\/saha-calismalarimiz\/","name":"Saha \u00c7al\u0131\u015fmalar\u0131m\u0131z - \u0130ntegral Elektronik","isPartOf":{"@id":"https:\/\/integralelektronik.com\/#website"},"datePublished":"2020-12-10T20:26:14+00:00","dateModified":"2020-12-12T18:33:46+00:00","breadcrumb":{"@id":"https:\/\/integralelektronik.com\/tr\/saha-calismalarimiz\/#breadcrumb"},"inLanguage":"tr","potentialAction":[{"@type":"ReadAction","target":["https:\/\/integralelektronik.com\/tr\/saha-calismalarimiz\/"]}]},{"@type":"BreadcrumbList","@id":"https:\/\/integralelektronik.com\/tr\/saha-calismalarimiz\/#breadcrumb","itemListElement":[{"@type":"ListItem","position":1,"name":"Home","item":"https:\/\/integralelektronik.com\/tr\/"},{"@type":"ListItem","position":2,"name":"Saha \u00c7al\u0131\u015fmalar\u0131m\u0131z"}]},{"@type":"WebSite","@id":"https:\/\/integralelektronik.com\/#website","url":"https:\/\/integralelektronik.com\/","name":"\u0130ntegral Elektronik","description":"","publisher":{"@id":"https:\/\/integralelektronik.com\/#organization"},"potentialAction":[{"@type":"SearchAction","target":{"@type":"EntryPoint","urlTemplate":"https:\/\/integralelektronik.com\/?s={search_term_string}"},"query-input":{"@type":"PropertyValueSpecification","valueRequired":true,"valueName":"search_term_string"}}],"inLanguage":"tr"},{"@type":"Organization","@id":"https:\/\/integralelektronik.com\/#organization","name":"\u0130ntegral Elektronik","url":"https:\/\/integralelektronik.com\/","logo":{"@type":"ImageObject","inLanguage":"tr","@id":"https:\/\/integralelektronik.com\/#\/schema\/logo\/image\/","url":"https:\/\/integralelektronik.com\/wp-content\/uploads\/2020\/10\/logo.png","contentUrl":"https:\/\/integralelektronik.com\/wp-content\/uploads\/2020\/10\/logo.png","width":180,"height":90,"caption":"\u0130ntegral Elektronik"},"image":{"@id":"https:\/\/integralelektronik.com\/#\/schema\/logo\/image\/"}}]}},"_links":{"self":[{"href":"https:\/\/integralelektronik.com\/tr\/wp-json\/wp\/v2\/pages\/8126"}],"collection":[{"href":"https:\/\/integralelektronik.com\/tr\/wp-json\/wp\/v2\/pages"}],"about":[{"href":"https:\/\/integralelektronik.com\/tr\/wp-json\/wp\/v2\/types\/page"}],"author":[{"embeddable":true,"href":"https:\/\/integralelektronik.com\/tr\/wp-json\/wp\/v2\/users\/1"}],"replies":[{"embeddable":true,"href":"https:\/\/integralelektronik.com\/tr\/wp-json\/wp\/v2\/comments?post=8126"}],"version-history":[{"count":9,"href":"https:\/\/integralelektronik.com\/tr\/wp-json\/wp\/v2\/pages\/8126\/revisions"}],"predecessor-version":[{"id":8451,"href":"https:\/\/integralelektronik.com\/tr\/wp-json\/wp\/v2\/pages\/8126\/revisions\/8451"}],"wp:attachment":[{"href":"https:\/\/integralelektronik.com\/tr\/wp-json\/wp\/v2\/media?parent=8126"}],"curies":[{"name":"wp","href":"https:\/\/api.w.org\/{rel}","templated":true}]}}