{"id":8115,"date":"2020-12-10T23:25:03","date_gmt":"2020-12-10T20:25:03","guid":{"rendered":"https:\/\/integralelektronik.com\/?page_id=8115"},"modified":"2020-12-10T23:51:24","modified_gmt":"2020-12-10T20:51:24","slug":"fuarlar-ve-seminerler","status":"publish","type":"page","link":"https:\/\/integralelektronik.com\/tr\/fuarlar-ve-seminerler\/","title":{"rendered":"Fuarlar ve Seminerler"},"content":{"rendered":"<section class=\"wpb-content-wrapper\"><p>[vc_row full_width=&#8221;stretch_row_content_no_spaces&#8221;][vc_column][vc_single_image image=&#8221;8131&#8243; img_size=&#8221;full&#8221; alignment=&#8221;center&#8221; style=&#8221;vc_box_rounded&#8221;][\/vc_column][\/vc_row][vc_row][vc_column width=&#8221;1\/2&#8243;][vc_single_image image=&#8221;8134&#8243; img_size=&#8221;full&#8221; alignment=&#8221;center&#8221;][\/vc_column][vc_column width=&#8221;1\/2&#8243;][vc_column_text css_animation=&#8221;fadeIn&#8221; css=&#8221;.vc_custom_1607633441009{padding-top: 75px !important;}&#8221;]<\/p>\n<h5 style=\"text-align: justify;\"><span style=\"color: #000000;\">Integral Elektronik, teknolojik geli\u015fmelerin takibi ve partner firmalarla yak\u0131n ileti\u015fimde bulunmak maksad\u0131yla Fuar ve seminer faaliyetlerinde bulunmaktad\u0131r.<\/span><\/h5>\n<p>&nbsp;<\/p>\n<h5 style=\"text-align: justify;\"><span style=\"color: #000000;\">Seminer faaliyetlerimiz kapsam\u0131nda;<\/span><\/h5>\n<p>&nbsp;<\/p>\n<h5 style=\"text-align: justify;\"><span style=\"color: #000000;\">Markalar\u0131m\u0131za ait \u00fcr\u00fcnlerin teknik \u00f6zellikleri, uygulamalar\u0131 ve kullan\u0131mlar\u0131 ile ilgili sunumlar yap\u0131lmaktad\u0131r.<\/span><\/h5>\n<p>&nbsp;<\/p>\n<h5 style=\"text-align: justify;\"><span style=\"color: #000000;\">Firmam\u0131z b\u00fcnyesinde yap\u0131lan sunumlar d\u0131\u015f\u0131nda, teknik kadrolara kendi i\u015fletmelerinde sunum ve teknik e\u011fitim verilmektedir.<\/span><\/h5>\n<p>[\/vc_column_text][\/vc_column][\/vc_row][vc_row][vc_column][vc_column_text css_animation=&#8221;fadeIn&#8221;]<\/p>\n<h5 style=\"text-align: center;\"><span style=\"color: #000000;\">Yurt i\u00e7i ve yurtd\u0131\u015f\u0131 fuar kat\u0131l\u0131mlar\u0131, fuar ziyaretleri ve yurtd\u0131\u015f\u0131 pazar ara\u015ft\u0131rmas\u0131 faaliyetleri yan\u0131nda, m\u00fc\u015fteri ziyaretleri ile sistem gereksinimleri yerinde incelenmektedir. Teknik kadrolar ve sat\u0131n alma departmanlar\u0131 ile proje uygulamalar\u0131, bak\u0131m ve \u00fcr\u00fcn yenileme anla\u015fmalar\u0131 yap\u0131lmaktad\u0131r.<\/span><\/h5>\n<h5 style=\"text-align: center;\"><span style=\"color: #000000;\">Otomasyon ve kontrol sistemlerinin verimlili\u011fi, kullan\u0131lan \u00fcr\u00fcnlerin sistem gereksinimleri a\u00e7\u0131s\u0131ndan yeterlili\u011fi, revizyon ve sistem yenileme \u00e7al\u0131\u015fmalar\u0131 yap\u0131lmaktad\u0131r.<\/span><\/h5>\n<p>[\/vc_column_text][\/vc_column][\/vc_row][vc_row][vc_column width=&#8221;1\/2&#8243;][vc_single_image image=&#8221;8136&#8243; img_size=&#8221;1500&#215;900&#8243; alignment=&#8221;center&#8221;][\/vc_column][vc_column width=&#8221;1\/2&#8243;][vc_single_image image=&#8221;8138&#8243; img_size=&#8221;1500&#215;900&#8243; alignment=&#8221;center&#8221;][\/vc_column][\/vc_row]<\/p>\n<\/section>","protected":false},"excerpt":{"rendered":"<p>[vc_row full_width=&#8221;stretch_row_content_no_spaces&#8221;][vc_column][vc_single_image image=&#8221;8131&#8243; img_size=&#8221;full&#8221; alignment=&#8221;center&#8221; style=&#8221;vc_box_rounded&#8221;][\/vc_column][\/vc_row][vc_row][vc_column width=&#8221;1\/2&#8243;][vc_single_image image=&#8221;8134&#8243; img_size=&#8221;full&#8221; alignment=&#8221;center&#8221;][\/vc_column][vc_column width=&#8221;1\/2&#8243;][vc_column_text css_animation=&#8221;fadeIn&#8221; css=&#8221;.vc_custom_1607633441009{padding-top: 75px !important;}&#8221;] Integral Elektronik, teknolojik geli\u015fmelerin takibi ve partner firmalarla yak\u0131n ileti\u015fimde bulunmak maksad\u0131yla Fuar ve seminer<\/p>\n","protected":false},"author":1,"featured_media":0,"parent":0,"menu_order":0,"comment_status":"closed","ping_status":"closed","template":"","meta":{"footnotes":""},"class_list":["post-8115","page","type-page","status-publish","hentry"],"yoast_head":"<!-- This site is optimized with the Yoast SEO plugin v24.3 - https:\/\/yoast.com\/wordpress\/plugins\/seo\/ -->\n<title>Fuarlar ve Seminerler - \u0130ntegral Elektronik<\/title>\n<meta name=\"robots\" content=\"index, follow, max-snippet:-1, max-image-preview:large, max-video-preview:-1\" \/>\n<link rel=\"canonical\" href=\"https:\/\/integralelektronik.com\/tr\/fuarlar-ve-seminerler\/\" \/>\n<meta property=\"og:locale\" content=\"tr_TR\" \/>\n<meta property=\"og:type\" content=\"article\" \/>\n<meta property=\"og:title\" content=\"Fuarlar ve Seminerler - \u0130ntegral Elektronik\" \/>\n<meta property=\"og:description\" content=\"[vc_row full_width=&#8221;stretch_row_content_no_spaces&#8221;][vc_column][vc_single_image image=&#8221;8131&#8243; img_size=&#8221;full&#8221; alignment=&#8221;center&#8221; style=&#8221;vc_box_rounded&#8221;][\/vc_column][\/vc_row][vc_row][vc_column width=&#8221;1\/2&#8243;][vc_single_image image=&#8221;8134&#8243; img_size=&#8221;full&#8221; alignment=&#8221;center&#8221;][\/vc_column][vc_column width=&#8221;1\/2&#8243;][vc_column_text css_animation=&#8221;fadeIn&#8221; css=&#8221;.vc_custom_1607633441009{padding-top: 75px !important;}&#8221;] Integral Elektronik, teknolojik geli\u015fmelerin takibi ve partner firmalarla yak\u0131n ileti\u015fimde bulunmak maksad\u0131yla Fuar ve seminer\" \/>\n<meta property=\"og:url\" content=\"https:\/\/integralelektronik.com\/tr\/fuarlar-ve-seminerler\/\" \/>\n<meta property=\"og:site_name\" content=\"\u0130ntegral Elektronik\" \/>\n<meta property=\"article:modified_time\" content=\"2020-12-10T20:51:24+00:00\" \/>\n<meta name=\"twitter:card\" content=\"summary_large_image\" \/>\n<meta name=\"twitter:label1\" content=\"Tahmini okuma s\u00fcresi\" \/>\n\t<meta name=\"twitter:data1\" content=\"1 dakika\" \/>\n<script type=\"application\/ld+json\" class=\"yoast-schema-graph\">{\"@context\":\"https:\/\/schema.org\",\"@graph\":[{\"@type\":\"WebPage\",\"@id\":\"https:\/\/integralelektronik.com\/tr\/fuarlar-ve-seminerler\/\",\"url\":\"https:\/\/integralelektronik.com\/tr\/fuarlar-ve-seminerler\/\",\"name\":\"Fuarlar ve Seminerler - \u0130ntegral Elektronik\",\"isPartOf\":{\"@id\":\"https:\/\/integralelektronik.com\/#website\"},\"datePublished\":\"2020-12-10T20:25:03+00:00\",\"dateModified\":\"2020-12-10T20:51:24+00:00\",\"breadcrumb\":{\"@id\":\"https:\/\/integralelektronik.com\/tr\/fuarlar-ve-seminerler\/#breadcrumb\"},\"inLanguage\":\"tr\",\"potentialAction\":[{\"@type\":\"ReadAction\",\"target\":[\"https:\/\/integralelektronik.com\/tr\/fuarlar-ve-seminerler\/\"]}]},{\"@type\":\"BreadcrumbList\",\"@id\":\"https:\/\/integralelektronik.com\/tr\/fuarlar-ve-seminerler\/#breadcrumb\",\"itemListElement\":[{\"@type\":\"ListItem\",\"position\":1,\"name\":\"Home\",\"item\":\"https:\/\/integralelektronik.com\/tr\/\"},{\"@type\":\"ListItem\",\"position\":2,\"name\":\"Fuarlar ve Seminerler\"}]},{\"@type\":\"WebSite\",\"@id\":\"https:\/\/integralelektronik.com\/#website\",\"url\":\"https:\/\/integralelektronik.com\/\",\"name\":\"\u0130ntegral Elektronik\",\"description\":\"\",\"publisher\":{\"@id\":\"https:\/\/integralelektronik.com\/#organization\"},\"potentialAction\":[{\"@type\":\"SearchAction\",\"target\":{\"@type\":\"EntryPoint\",\"urlTemplate\":\"https:\/\/integralelektronik.com\/?s={search_term_string}\"},\"query-input\":{\"@type\":\"PropertyValueSpecification\",\"valueRequired\":true,\"valueName\":\"search_term_string\"}}],\"inLanguage\":\"tr\"},{\"@type\":\"Organization\",\"@id\":\"https:\/\/integralelektronik.com\/#organization\",\"name\":\"\u0130ntegral Elektronik\",\"url\":\"https:\/\/integralelektronik.com\/\",\"logo\":{\"@type\":\"ImageObject\",\"inLanguage\":\"tr\",\"@id\":\"https:\/\/integralelektronik.com\/#\/schema\/logo\/image\/\",\"url\":\"https:\/\/integralelektronik.com\/wp-content\/uploads\/2020\/10\/logo.png\",\"contentUrl\":\"https:\/\/integralelektronik.com\/wp-content\/uploads\/2020\/10\/logo.png\",\"width\":180,\"height\":90,\"caption\":\"\u0130ntegral Elektronik\"},\"image\":{\"@id\":\"https:\/\/integralelektronik.com\/#\/schema\/logo\/image\/\"}}]}<\/script>\n<!-- \/ Yoast SEO plugin. -->","yoast_head_json":{"title":"Fuarlar ve Seminerler - \u0130ntegral Elektronik","robots":{"index":"index","follow":"follow","max-snippet":"max-snippet:-1","max-image-preview":"max-image-preview:large","max-video-preview":"max-video-preview:-1"},"canonical":"https:\/\/integralelektronik.com\/tr\/fuarlar-ve-seminerler\/","og_locale":"tr_TR","og_type":"article","og_title":"Fuarlar ve Seminerler - \u0130ntegral Elektronik","og_description":"[vc_row full_width=&#8221;stretch_row_content_no_spaces&#8221;][vc_column][vc_single_image image=&#8221;8131&#8243; img_size=&#8221;full&#8221; alignment=&#8221;center&#8221; style=&#8221;vc_box_rounded&#8221;][\/vc_column][\/vc_row][vc_row][vc_column width=&#8221;1\/2&#8243;][vc_single_image image=&#8221;8134&#8243; img_size=&#8221;full&#8221; alignment=&#8221;center&#8221;][\/vc_column][vc_column width=&#8221;1\/2&#8243;][vc_column_text css_animation=&#8221;fadeIn&#8221; css=&#8221;.vc_custom_1607633441009{padding-top: 75px !important;}&#8221;] Integral Elektronik, teknolojik geli\u015fmelerin takibi ve partner firmalarla yak\u0131n ileti\u015fimde bulunmak maksad\u0131yla Fuar ve seminer","og_url":"https:\/\/integralelektronik.com\/tr\/fuarlar-ve-seminerler\/","og_site_name":"\u0130ntegral Elektronik","article_modified_time":"2020-12-10T20:51:24+00:00","twitter_card":"summary_large_image","twitter_misc":{"Tahmini okuma s\u00fcresi":"1 dakika"},"schema":{"@context":"https:\/\/schema.org","@graph":[{"@type":"WebPage","@id":"https:\/\/integralelektronik.com\/tr\/fuarlar-ve-seminerler\/","url":"https:\/\/integralelektronik.com\/tr\/fuarlar-ve-seminerler\/","name":"Fuarlar ve Seminerler - \u0130ntegral Elektronik","isPartOf":{"@id":"https:\/\/integralelektronik.com\/#website"},"datePublished":"2020-12-10T20:25:03+00:00","dateModified":"2020-12-10T20:51:24+00:00","breadcrumb":{"@id":"https:\/\/integralelektronik.com\/tr\/fuarlar-ve-seminerler\/#breadcrumb"},"inLanguage":"tr","potentialAction":[{"@type":"ReadAction","target":["https:\/\/integralelektronik.com\/tr\/fuarlar-ve-seminerler\/"]}]},{"@type":"BreadcrumbList","@id":"https:\/\/integralelektronik.com\/tr\/fuarlar-ve-seminerler\/#breadcrumb","itemListElement":[{"@type":"ListItem","position":1,"name":"Home","item":"https:\/\/integralelektronik.com\/tr\/"},{"@type":"ListItem","position":2,"name":"Fuarlar ve Seminerler"}]},{"@type":"WebSite","@id":"https:\/\/integralelektronik.com\/#website","url":"https:\/\/integralelektronik.com\/","name":"\u0130ntegral Elektronik","description":"","publisher":{"@id":"https:\/\/integralelektronik.com\/#organization"},"potentialAction":[{"@type":"SearchAction","target":{"@type":"EntryPoint","urlTemplate":"https:\/\/integralelektronik.com\/?s={search_term_string}"},"query-input":{"@type":"PropertyValueSpecification","valueRequired":true,"valueName":"search_term_string"}}],"inLanguage":"tr"},{"@type":"Organization","@id":"https:\/\/integralelektronik.com\/#organization","name":"\u0130ntegral Elektronik","url":"https:\/\/integralelektronik.com\/","logo":{"@type":"ImageObject","inLanguage":"tr","@id":"https:\/\/integralelektronik.com\/#\/schema\/logo\/image\/","url":"https:\/\/integralelektronik.com\/wp-content\/uploads\/2020\/10\/logo.png","contentUrl":"https:\/\/integralelektronik.com\/wp-content\/uploads\/2020\/10\/logo.png","width":180,"height":90,"caption":"\u0130ntegral Elektronik"},"image":{"@id":"https:\/\/integralelektronik.com\/#\/schema\/logo\/image\/"}}]}},"_links":{"self":[{"href":"https:\/\/integralelektronik.com\/tr\/wp-json\/wp\/v2\/pages\/8115"}],"collection":[{"href":"https:\/\/integralelektronik.com\/tr\/wp-json\/wp\/v2\/pages"}],"about":[{"href":"https:\/\/integralelektronik.com\/tr\/wp-json\/wp\/v2\/types\/page"}],"author":[{"embeddable":true,"href":"https:\/\/integralelektronik.com\/tr\/wp-json\/wp\/v2\/users\/1"}],"replies":[{"embeddable":true,"href":"https:\/\/integralelektronik.com\/tr\/wp-json\/wp\/v2\/comments?post=8115"}],"version-history":[{"count":3,"href":"https:\/\/integralelektronik.com\/tr\/wp-json\/wp\/v2\/pages\/8115\/revisions"}],"predecessor-version":[{"id":8142,"href":"https:\/\/integralelektronik.com\/tr\/wp-json\/wp\/v2\/pages\/8115\/revisions\/8142"}],"wp:attachment":[{"href":"https:\/\/integralelektronik.com\/tr\/wp-json\/wp\/v2\/media?parent=8115"}],"curies":[{"name":"wp","href":"https:\/\/api.w.org\/{rel}","templated":true}]}}