{"id":7286,"date":"2020-11-22T20:03:31","date_gmt":"2020-11-22T17:03:31","guid":{"rendered":"http:\/\/integralelektronik.com\/?page_id=7286"},"modified":"2020-11-22T20:03:41","modified_gmt":"2020-11-22T17:03:41","slug":"urun-karsilastirma-2","status":"publish","type":"page","link":"https:\/\/integralelektronik.com\/tr\/urun-karsilastirma-2\/","title":{"rendered":"\u00dcr\u00fcn Kar\u015f\u0131la\u015ft\u0131rma"},"content":{"rendered":"    \r\n\r\n    <div class=\"outer-bottom-vs outer-top-sm compare-empty\">\r\n        <h1 class=\"lead-title text-center cart-empty\">\r\n            No products were added to the compare table        <\/h1>\r\n        \r\n        <p class=\"return-to-shop\">\r\n            <a class=\"wc-backward btn\" href=\"https:\/\/integralelektronik.com\/shop\/\">\r\n                <i class=\"fas fa-reply\"><\/i>\r\n                Return To Shop            <\/a>\r\n        <\/p>\r\n    <\/div>\r\n\r\n","protected":false},"excerpt":{"rendered":"No products were added to the compare table Return To Shop","protected":false},"author":1,"featured_media":0,"parent":0,"menu_order":0,"comment_status":"closed","ping_status":"closed","template":"","meta":{"footnotes":""},"class_list":["post-7286","page","type-page","status-publish","hentry"],"yoast_head":"<!-- This site is optimized with the Yoast SEO plugin v24.3 - https:\/\/yoast.com\/wordpress\/plugins\/seo\/ -->\n<title>\u00dcr\u00fcn Kar\u015f\u0131la\u015ft\u0131rma - \u0130ntegral Elektronik<\/title>\n<meta name=\"robots\" content=\"index, follow, max-snippet:-1, max-image-preview:large, max-video-preview:-1\" \/>\n<link rel=\"canonical\" href=\"https:\/\/integralelektronik.com\/tr\/urun-karsilastirma-2\/\" \/>\n<meta property=\"og:locale\" content=\"tr_TR\" \/>\n<meta property=\"og:type\" content=\"article\" \/>\n<meta property=\"og:title\" content=\"\u00dcr\u00fcn Kar\u015f\u0131la\u015ft\u0131rma - \u0130ntegral Elektronik\" \/>\n<meta property=\"og:url\" content=\"https:\/\/integralelektronik.com\/tr\/urun-karsilastirma-2\/\" \/>\n<meta property=\"og:site_name\" content=\"\u0130ntegral Elektronik\" \/>\n<meta property=\"article:modified_time\" content=\"2020-11-22T17:03:41+00:00\" \/>\n<meta name=\"twitter:card\" content=\"summary_large_image\" \/>\n<script type=\"application\/ld+json\" class=\"yoast-schema-graph\">{\"@context\":\"https:\/\/schema.org\",\"@graph\":[{\"@type\":\"WebPage\",\"@id\":\"https:\/\/integralelektronik.com\/tr\/urun-karsilastirma-2\/\",\"url\":\"https:\/\/integralelektronik.com\/tr\/urun-karsilastirma-2\/\",\"name\":\"\u00dcr\u00fcn Kar\u015f\u0131la\u015ft\u0131rma - \u0130ntegral Elektronik\",\"isPartOf\":{\"@id\":\"https:\/\/integralelektronik.com\/#website\"},\"datePublished\":\"2020-11-22T17:03:31+00:00\",\"dateModified\":\"2020-11-22T17:03:41+00:00\",\"breadcrumb\":{\"@id\":\"https:\/\/integralelektronik.com\/tr\/urun-karsilastirma-2\/#breadcrumb\"},\"inLanguage\":\"tr\",\"potentialAction\":[{\"@type\":\"ReadAction\",\"target\":[\"https:\/\/integralelektronik.com\/tr\/urun-karsilastirma-2\/\"]}]},{\"@type\":\"BreadcrumbList\",\"@id\":\"https:\/\/integralelektronik.com\/tr\/urun-karsilastirma-2\/#breadcrumb\",\"itemListElement\":[{\"@type\":\"ListItem\",\"position\":1,\"name\":\"Home\",\"item\":\"https:\/\/integralelektronik.com\/tr\/\"},{\"@type\":\"ListItem\",\"position\":2,\"name\":\"\u00dcr\u00fcn Kar\u015f\u0131la\u015ft\u0131rma\"}]},{\"@type\":\"WebSite\",\"@id\":\"https:\/\/integralelektronik.com\/#website\",\"url\":\"https:\/\/integralelektronik.com\/\",\"name\":\"\u0130ntegral Elektronik\",\"description\":\"\",\"publisher\":{\"@id\":\"https:\/\/integralelektronik.com\/#organization\"},\"potentialAction\":[{\"@type\":\"SearchAction\",\"target\":{\"@type\":\"EntryPoint\",\"urlTemplate\":\"https:\/\/integralelektronik.com\/?s={search_term_string}\"},\"query-input\":{\"@type\":\"PropertyValueSpecification\",\"valueRequired\":true,\"valueName\":\"search_term_string\"}}],\"inLanguage\":\"tr\"},{\"@type\":\"Organization\",\"@id\":\"https:\/\/integralelektronik.com\/#organization\",\"name\":\"\u0130ntegral Elektronik\",\"url\":\"https:\/\/integralelektronik.com\/\",\"logo\":{\"@type\":\"ImageObject\",\"inLanguage\":\"tr\",\"@id\":\"https:\/\/integralelektronik.com\/#\/schema\/logo\/image\/\",\"url\":\"https:\/\/integralelektronik.com\/wp-content\/uploads\/2020\/10\/logo.png\",\"contentUrl\":\"https:\/\/integralelektronik.com\/wp-content\/uploads\/2020\/10\/logo.png\",\"width\":180,\"height\":90,\"caption\":\"\u0130ntegral Elektronik\"},\"image\":{\"@id\":\"https:\/\/integralelektronik.com\/#\/schema\/logo\/image\/\"}}]}<\/script>\n<!-- \/ Yoast SEO plugin. -->","yoast_head_json":{"title":"\u00dcr\u00fcn Kar\u015f\u0131la\u015ft\u0131rma - \u0130ntegral Elektronik","robots":{"index":"index","follow":"follow","max-snippet":"max-snippet:-1","max-image-preview":"max-image-preview:large","max-video-preview":"max-video-preview:-1"},"canonical":"https:\/\/integralelektronik.com\/tr\/urun-karsilastirma-2\/","og_locale":"tr_TR","og_type":"article","og_title":"\u00dcr\u00fcn Kar\u015f\u0131la\u015ft\u0131rma - \u0130ntegral Elektronik","og_url":"https:\/\/integralelektronik.com\/tr\/urun-karsilastirma-2\/","og_site_name":"\u0130ntegral Elektronik","article_modified_time":"2020-11-22T17:03:41+00:00","twitter_card":"summary_large_image","schema":{"@context":"https:\/\/schema.org","@graph":[{"@type":"WebPage","@id":"https:\/\/integralelektronik.com\/tr\/urun-karsilastirma-2\/","url":"https:\/\/integralelektronik.com\/tr\/urun-karsilastirma-2\/","name":"\u00dcr\u00fcn Kar\u015f\u0131la\u015ft\u0131rma - \u0130ntegral Elektronik","isPartOf":{"@id":"https:\/\/integralelektronik.com\/#website"},"datePublished":"2020-11-22T17:03:31+00:00","dateModified":"2020-11-22T17:03:41+00:00","breadcrumb":{"@id":"https:\/\/integralelektronik.com\/tr\/urun-karsilastirma-2\/#breadcrumb"},"inLanguage":"tr","potentialAction":[{"@type":"ReadAction","target":["https:\/\/integralelektronik.com\/tr\/urun-karsilastirma-2\/"]}]},{"@type":"BreadcrumbList","@id":"https:\/\/integralelektronik.com\/tr\/urun-karsilastirma-2\/#breadcrumb","itemListElement":[{"@type":"ListItem","position":1,"name":"Home","item":"https:\/\/integralelektronik.com\/tr\/"},{"@type":"ListItem","position":2,"name":"\u00dcr\u00fcn Kar\u015f\u0131la\u015ft\u0131rma"}]},{"@type":"WebSite","@id":"https:\/\/integralelektronik.com\/#website","url":"https:\/\/integralelektronik.com\/","name":"\u0130ntegral Elektronik","description":"","publisher":{"@id":"https:\/\/integralelektronik.com\/#organization"},"potentialAction":[{"@type":"SearchAction","target":{"@type":"EntryPoint","urlTemplate":"https:\/\/integralelektronik.com\/?s={search_term_string}"},"query-input":{"@type":"PropertyValueSpecification","valueRequired":true,"valueName":"search_term_string"}}],"inLanguage":"tr"},{"@type":"Organization","@id":"https:\/\/integralelektronik.com\/#organization","name":"\u0130ntegral Elektronik","url":"https:\/\/integralelektronik.com\/","logo":{"@type":"ImageObject","inLanguage":"tr","@id":"https:\/\/integralelektronik.com\/#\/schema\/logo\/image\/","url":"https:\/\/integralelektronik.com\/wp-content\/uploads\/2020\/10\/logo.png","contentUrl":"https:\/\/integralelektronik.com\/wp-content\/uploads\/2020\/10\/logo.png","width":180,"height":90,"caption":"\u0130ntegral Elektronik"},"image":{"@id":"https:\/\/integralelektronik.com\/#\/schema\/logo\/image\/"}}]}},"_links":{"self":[{"href":"https:\/\/integralelektronik.com\/tr\/wp-json\/wp\/v2\/pages\/7286"}],"collection":[{"href":"https:\/\/integralelektronik.com\/tr\/wp-json\/wp\/v2\/pages"}],"about":[{"href":"https:\/\/integralelektronik.com\/tr\/wp-json\/wp\/v2\/types\/page"}],"author":[{"embeddable":true,"href":"https:\/\/integralelektronik.com\/tr\/wp-json\/wp\/v2\/users\/1"}],"replies":[{"embeddable":true,"href":"https:\/\/integralelektronik.com\/tr\/wp-json\/wp\/v2\/comments?post=7286"}],"version-history":[{"count":2,"href":"https:\/\/integralelektronik.com\/tr\/wp-json\/wp\/v2\/pages\/7286\/revisions"}],"predecessor-version":[{"id":7290,"href":"https:\/\/integralelektronik.com\/tr\/wp-json\/wp\/v2\/pages\/7286\/revisions\/7290"}],"wp:attachment":[{"href":"https:\/\/integralelektronik.com\/tr\/wp-json\/wp\/v2\/media?parent=7286"}],"curies":[{"name":"wp","href":"https:\/\/api.w.org\/{rel}","templated":true}]}}