{"id":6851,"date":"2020-11-20T05:31:50","date_gmt":"2020-11-20T02:31:50","guid":{"rendered":"http:\/\/integralelektronik.com\/?page_id=6851"},"modified":"2020-11-20T05:34:02","modified_gmt":"2020-11-20T02:34:02","slug":"hakkimizda","status":"publish","type":"page","link":"https:\/\/integralelektronik.com\/tr\/hakkimizda\/","title":{"rendered":"Hakk\u0131m\u0131zda"},"content":{"rendered":"<section class=\"wpb-content-wrapper\"><p>[vc_row css=&#8221;.vc_custom_1605116390338{padding-top: 50px !important;}&#8221;][vc_column][vc_custom_heading text=&#8221;\u0130ntegral Elektronik&#8221; font_container=&#8221;tag:h2|text_align:center&#8221;][vc_column_text]Integral Elektronik; end\u00fcstriyel kontrol ve otomasyon \u00fcr\u00fcnlerinin, sens\u00f6rlerin, elektrik ve \u015falt malzemelerinin sat\u0131\u015f\u0131 konular\u0131nda faaliyet g\u00f6stermektedir.<\/p>\n<p>Sat\u0131\u015f \u00f6ncesi ve sonras\u0131 teknik destek ile \u00e7ok say\u0131da yerli ve yabanc\u0131 imalat\u00e7\u0131 firman\u0131n distrib\u00fct\u00f6rl\u00fc\u011f\u00fcn\u00fc yapan firmam\u0131z,<\/p>\n<p>15 y\u0131l\u0131n \u00fczerindeki tecr\u00fcbe ve teknik birikimiyle, global teknoloji \u00e7\u00f6z\u00fcm orta\u011f\u0131n\u0131zd\u0131r.<\/p>\n<p>\u00dcr\u00fcn \u00e7e\u015fitlerimiz ve sekt\u00f6rel tecr\u00fcbemiz; Do\u011falgaz \u00c7evrim Santrallar\u0131, Petrol Rafinerileri, Termik Elektrik Santrallar\u0131, \u00c7imento, Demir \u00c7elik, Otomotiv, Kimya, \u0130la\u00e7, G\u0131da, Tekstil, Cam, Plastik ve di\u011fer sekt\u00f6rlerin otomasyon ve proses kontrol malzemeleri tedarik ve teknik hizmet taleplerine cevap vermektedir.[\/vc_column_text][vc_single_image image=&#8221;6034&#8243; img_size=&#8221;full&#8221; alignment=&#8221;center&#8221;][\/vc_column][\/vc_row][vc_row][vc_column width=&#8221;1\/2&#8243;][vc_custom_heading text=&#8221;Misyonumuz&#8221; font_container=&#8221;tag:h2|text_align:center&#8221;][vc_column_text]Do\u011fru, G\u00fcvenilir, H\u0131zl\u0131,<\/p>\n<p>M\u00fc\u015fteri odakl\u0131, Kaliteli hizmetler sunmak<\/p>\n<p>\u0130htiyac\u0131n\u0131z olan \u00fcr\u00fcn ve \u00e7\u00f6z\u00fcmleri, kaliteli ve uygun fiyatl\u0131 se\u00e7eneklerle zaman\u0131nda temin etmenizi sa\u011flamak,<\/p>\n<p>M\u00fc\u015fterilerimizle \u00e7\u00f6z\u00fcm orta\u011f\u0131 olarak uzun vadeli ve kar\u015f\u0131l\u0131kl\u0131 g\u00fcven temelinde \u00e7al\u0131\u015fmak.<\/p>\n<p>\u0130ntegral kelime anlam\u0131yla, sapmalara neden olan hatalar\u0131n olu\u015fumunu engelleyen, s\u00fcre\u00e7teki sapmalar\u0131 ortadan kald\u0131ran optimal matematiksel \u00e7\u00f6z\u00fcmd\u00fcr.<\/p>\n<p>Bu bak\u0131\u015f a\u00e7\u0131s\u0131 ile m\u00fc\u015fterilerimizden gelen talepleri, uygulama alan\u0131 ve teknik detaylar\u0131 ile de\u011ferlendirerek s\u00fcrece en uygun \u00e7\u00f6z\u00fcmleri \u00f6neririz.<\/p>\n<p>Bizim integralimizde hedef =\u00a0 \u0283 m\u00fc\u015fteri memnuniyetinin birikimidir.[\/vc_column_text][\/vc_column][vc_column width=&#8221;1\/2&#8243;][vc_custom_heading text=&#8221;Vizyonumuz&#8221; font_container=&#8221;tag:h2|text_align:center&#8221;][vc_column_text]Sekt\u00f6rel bazda teknolojik geli\u015fmelerin yak\u0131ndan takip edilerek sat\u0131\u015f\u0131 yap\u0131lan \u00fcr\u00fcnlerin s\u00fcrekli g\u00fcncel ve i\u015flevsel tutulmas\u0131.<\/p>\n<p>Yerel teknolojik \u00fcr\u00fcnlerin sat\u0131\u015f\u0131n\u0131 yurt i\u00e7i ve yurtd\u0131\u015f\u0131 pazarlarda geli\u015ftirmek.<\/p>\n<p>Kalite s\u00fcre\u00e7lerinin s\u00fcrekli g\u00fcncellendi\u011fi sistematik prosed\u00fcrler ve d\u00fczenle \u00e7al\u0131\u015fmak.<\/p>\n<p>Tedarik\u00e7isi oldu\u011fumuz \u00fcr\u00fcn gam\u0131 \u00fczerinde uzmanl\u0131k ve teknik yeterlili\u011fin \u00fcst d\u00fczeyde sa\u011flanmas\u0131[\/vc_column_text][vc_single_image image=&#8221;6040&#8243; img_size=&#8221;full&#8221; alignment=&#8221;center&#8221;][\/vc_column][\/vc_row][vc_row][vc_column width=&#8221;1\/2&#8243;][vc_single_image image=&#8221;6044&#8243; img_size=&#8221;full&#8221; alignment=&#8221;center&#8221;][\/vc_column][vc_column width=&#8221;1\/2&#8243;][vc_single_image image=&#8221;6046&#8243; img_size=&#8221;626&#215;494&#8243; alignment=&#8221;center&#8221;][\/vc_column][\/vc_row][vc_row][vc_column][vc_raw_html]JTNDc3R5bGUlMjB0eXBlJTNEJTIydGV4dCUyRmNzcyUyMiUzRS5wYWdlJTIwLmVudHJ5LWhlYWRlci5oZWFkZXItd2l0aC1jb3Zlci1pbWFnZSUyMCU3QiUyMGJhY2tncm91bmQtcG9zaXRpb24lM0ElMjBjZW50ZXIlMjAtMTU3cHglM0IlMjAlN0QlM0MlMkZzdHlsZSUzRQ==[\/vc_raw_html][\/vc_column][\/vc_row]<\/p>\n<\/section>","protected":false},"excerpt":{"rendered":"<p>[vc_row css=&#8221;.vc_custom_1605116390338{padding-top: 50px !important;}&#8221;][vc_column][vc_custom_heading text=&#8221;\u0130ntegral Elektronik&#8221; font_container=&#8221;tag:h2|text_align:center&#8221;][vc_column_text]Integral Elektronik; end\u00fcstriyel kontrol ve otomasyon \u00fcr\u00fcnlerinin, sens\u00f6rlerin, elektrik ve \u015falt malzemelerinin sat\u0131\u015f\u0131 konular\u0131nda faaliyet g\u00f6stermektedir. Sat\u0131\u015f \u00f6ncesi ve sonras\u0131 teknik destek ile \u00e7ok<\/p>\n","protected":false},"author":1,"featured_media":6058,"parent":0,"menu_order":0,"comment_status":"closed","ping_status":"closed","template":"","meta":{"footnotes":""},"class_list":["post-6851","page","type-page","status-publish","has-post-thumbnail","hentry"],"yoast_head":"<!-- This site is optimized with the Yoast SEO plugin v24.3 - https:\/\/yoast.com\/wordpress\/plugins\/seo\/ -->\n<title>Hakk\u0131m\u0131zda - \u0130ntegral Elektronik<\/title>\n<meta name=\"robots\" content=\"index, follow, max-snippet:-1, max-image-preview:large, max-video-preview:-1\" \/>\n<link rel=\"canonical\" href=\"https:\/\/integralelektronik.com\/tr\/hakkimizda\/\" \/>\n<meta property=\"og:locale\" content=\"tr_TR\" \/>\n<meta property=\"og:type\" content=\"article\" \/>\n<meta property=\"og:title\" content=\"Hakk\u0131m\u0131zda - \u0130ntegral Elektronik\" \/>\n<meta property=\"og:description\" content=\"[vc_row css=&#8221;.vc_custom_1605116390338{padding-top: 50px !important;}&#8221;][vc_column][vc_custom_heading text=&#8221;\u0130ntegral Elektronik&#8221; font_container=&#8221;tag:h2|text_align:center&#8221;][vc_column_text]Integral Elektronik; end\u00fcstriyel kontrol ve otomasyon \u00fcr\u00fcnlerinin, sens\u00f6rlerin, elektrik ve \u015falt malzemelerinin sat\u0131\u015f\u0131 konular\u0131nda faaliyet g\u00f6stermektedir. Sat\u0131\u015f \u00f6ncesi ve sonras\u0131 teknik destek ile \u00e7ok\" \/>\n<meta property=\"og:url\" content=\"https:\/\/integralelektronik.com\/tr\/hakkimizda\/\" \/>\n<meta property=\"og:site_name\" content=\"\u0130ntegral Elektronik\" \/>\n<meta property=\"article:modified_time\" content=\"2020-11-20T02:34:02+00:00\" \/>\n<meta property=\"og:image\" content=\"https:\/\/integralelektronik.com\/wp-content\/uploads\/2020\/11\/about-us-scaled.jpg\" \/>\n\t<meta property=\"og:image:width\" content=\"2560\" \/>\n\t<meta property=\"og:image:height\" content=\"1244\" \/>\n\t<meta property=\"og:image:type\" content=\"image\/jpeg\" \/>\n<meta name=\"twitter:card\" content=\"summary_large_image\" \/>\n<meta name=\"twitter:label1\" content=\"Tahmini okuma s\u00fcresi\" \/>\n\t<meta name=\"twitter:data1\" content=\"2 dakika\" \/>\n<script type=\"application\/ld+json\" class=\"yoast-schema-graph\">{\"@context\":\"https:\/\/schema.org\",\"@graph\":[{\"@type\":\"WebPage\",\"@id\":\"https:\/\/integralelektronik.com\/tr\/hakkimizda\/\",\"url\":\"https:\/\/integralelektronik.com\/tr\/hakkimizda\/\",\"name\":\"Hakk\u0131m\u0131zda - \u0130ntegral Elektronik\",\"isPartOf\":{\"@id\":\"https:\/\/integralelektronik.com\/#website\"},\"primaryImageOfPage\":{\"@id\":\"https:\/\/integralelektronik.com\/tr\/hakkimizda\/#primaryimage\"},\"image\":{\"@id\":\"https:\/\/integralelektronik.com\/tr\/hakkimizda\/#primaryimage\"},\"thumbnailUrl\":\"https:\/\/integralelektronik.com\/wp-content\/uploads\/2020\/11\/about-us-scaled.jpg\",\"datePublished\":\"2020-11-20T02:31:50+00:00\",\"dateModified\":\"2020-11-20T02:34:02+00:00\",\"breadcrumb\":{\"@id\":\"https:\/\/integralelektronik.com\/tr\/hakkimizda\/#breadcrumb\"},\"inLanguage\":\"tr\",\"potentialAction\":[{\"@type\":\"ReadAction\",\"target\":[\"https:\/\/integralelektronik.com\/tr\/hakkimizda\/\"]}]},{\"@type\":\"ImageObject\",\"inLanguage\":\"tr\",\"@id\":\"https:\/\/integralelektronik.com\/tr\/hakkimizda\/#primaryimage\",\"url\":\"https:\/\/integralelektronik.com\/wp-content\/uploads\/2020\/11\/about-us-scaled.jpg\",\"contentUrl\":\"https:\/\/integralelektronik.com\/wp-content\/uploads\/2020\/11\/about-us-scaled.jpg\",\"width\":2560,\"height\":1244},{\"@type\":\"BreadcrumbList\",\"@id\":\"https:\/\/integralelektronik.com\/tr\/hakkimizda\/#breadcrumb\",\"itemListElement\":[{\"@type\":\"ListItem\",\"position\":1,\"name\":\"Home\",\"item\":\"https:\/\/integralelektronik.com\/tr\/\"},{\"@type\":\"ListItem\",\"position\":2,\"name\":\"Hakk\u0131m\u0131zda\"}]},{\"@type\":\"WebSite\",\"@id\":\"https:\/\/integralelektronik.com\/#website\",\"url\":\"https:\/\/integralelektronik.com\/\",\"name\":\"\u0130ntegral Elektronik\",\"description\":\"\",\"publisher\":{\"@id\":\"https:\/\/integralelektronik.com\/#organization\"},\"potentialAction\":[{\"@type\":\"SearchAction\",\"target\":{\"@type\":\"EntryPoint\",\"urlTemplate\":\"https:\/\/integralelektronik.com\/?s={search_term_string}\"},\"query-input\":{\"@type\":\"PropertyValueSpecification\",\"valueRequired\":true,\"valueName\":\"search_term_string\"}}],\"inLanguage\":\"tr\"},{\"@type\":\"Organization\",\"@id\":\"https:\/\/integralelektronik.com\/#organization\",\"name\":\"\u0130ntegral Elektronik\",\"url\":\"https:\/\/integralelektronik.com\/\",\"logo\":{\"@type\":\"ImageObject\",\"inLanguage\":\"tr\",\"@id\":\"https:\/\/integralelektronik.com\/#\/schema\/logo\/image\/\",\"url\":\"https:\/\/integralelektronik.com\/wp-content\/uploads\/2020\/10\/logo.png\",\"contentUrl\":\"https:\/\/integralelektronik.com\/wp-content\/uploads\/2020\/10\/logo.png\",\"width\":180,\"height\":90,\"caption\":\"\u0130ntegral Elektronik\"},\"image\":{\"@id\":\"https:\/\/integralelektronik.com\/#\/schema\/logo\/image\/\"}}]}<\/script>\n<!-- \/ Yoast SEO plugin. -->","yoast_head_json":{"title":"Hakk\u0131m\u0131zda - \u0130ntegral Elektronik","robots":{"index":"index","follow":"follow","max-snippet":"max-snippet:-1","max-image-preview":"max-image-preview:large","max-video-preview":"max-video-preview:-1"},"canonical":"https:\/\/integralelektronik.com\/tr\/hakkimizda\/","og_locale":"tr_TR","og_type":"article","og_title":"Hakk\u0131m\u0131zda - \u0130ntegral Elektronik","og_description":"[vc_row css=&#8221;.vc_custom_1605116390338{padding-top: 50px !important;}&#8221;][vc_column][vc_custom_heading text=&#8221;\u0130ntegral Elektronik&#8221; font_container=&#8221;tag:h2|text_align:center&#8221;][vc_column_text]Integral Elektronik; end\u00fcstriyel kontrol ve otomasyon \u00fcr\u00fcnlerinin, sens\u00f6rlerin, elektrik ve \u015falt malzemelerinin sat\u0131\u015f\u0131 konular\u0131nda faaliyet g\u00f6stermektedir. Sat\u0131\u015f \u00f6ncesi ve sonras\u0131 teknik destek ile \u00e7ok","og_url":"https:\/\/integralelektronik.com\/tr\/hakkimizda\/","og_site_name":"\u0130ntegral Elektronik","article_modified_time":"2020-11-20T02:34:02+00:00","og_image":[{"width":2560,"height":1244,"url":"https:\/\/integralelektronik.com\/wp-content\/uploads\/2020\/11\/about-us-scaled.jpg","type":"image\/jpeg"}],"twitter_card":"summary_large_image","twitter_misc":{"Tahmini okuma s\u00fcresi":"2 dakika"},"schema":{"@context":"https:\/\/schema.org","@graph":[{"@type":"WebPage","@id":"https:\/\/integralelektronik.com\/tr\/hakkimizda\/","url":"https:\/\/integralelektronik.com\/tr\/hakkimizda\/","name":"Hakk\u0131m\u0131zda - \u0130ntegral Elektronik","isPartOf":{"@id":"https:\/\/integralelektronik.com\/#website"},"primaryImageOfPage":{"@id":"https:\/\/integralelektronik.com\/tr\/hakkimizda\/#primaryimage"},"image":{"@id":"https:\/\/integralelektronik.com\/tr\/hakkimizda\/#primaryimage"},"thumbnailUrl":"https:\/\/integralelektronik.com\/wp-content\/uploads\/2020\/11\/about-us-scaled.jpg","datePublished":"2020-11-20T02:31:50+00:00","dateModified":"2020-11-20T02:34:02+00:00","breadcrumb":{"@id":"https:\/\/integralelektronik.com\/tr\/hakkimizda\/#breadcrumb"},"inLanguage":"tr","potentialAction":[{"@type":"ReadAction","target":["https:\/\/integralelektronik.com\/tr\/hakkimizda\/"]}]},{"@type":"ImageObject","inLanguage":"tr","@id":"https:\/\/integralelektronik.com\/tr\/hakkimizda\/#primaryimage","url":"https:\/\/integralelektronik.com\/wp-content\/uploads\/2020\/11\/about-us-scaled.jpg","contentUrl":"https:\/\/integralelektronik.com\/wp-content\/uploads\/2020\/11\/about-us-scaled.jpg","width":2560,"height":1244},{"@type":"BreadcrumbList","@id":"https:\/\/integralelektronik.com\/tr\/hakkimizda\/#breadcrumb","itemListElement":[{"@type":"ListItem","position":1,"name":"Home","item":"https:\/\/integralelektronik.com\/tr\/"},{"@type":"ListItem","position":2,"name":"Hakk\u0131m\u0131zda"}]},{"@type":"WebSite","@id":"https:\/\/integralelektronik.com\/#website","url":"https:\/\/integralelektronik.com\/","name":"\u0130ntegral Elektronik","description":"","publisher":{"@id":"https:\/\/integralelektronik.com\/#organization"},"potentialAction":[{"@type":"SearchAction","target":{"@type":"EntryPoint","urlTemplate":"https:\/\/integralelektronik.com\/?s={search_term_string}"},"query-input":{"@type":"PropertyValueSpecification","valueRequired":true,"valueName":"search_term_string"}}],"inLanguage":"tr"},{"@type":"Organization","@id":"https:\/\/integralelektronik.com\/#organization","name":"\u0130ntegral Elektronik","url":"https:\/\/integralelektronik.com\/","logo":{"@type":"ImageObject","inLanguage":"tr","@id":"https:\/\/integralelektronik.com\/#\/schema\/logo\/image\/","url":"https:\/\/integralelektronik.com\/wp-content\/uploads\/2020\/10\/logo.png","contentUrl":"https:\/\/integralelektronik.com\/wp-content\/uploads\/2020\/10\/logo.png","width":180,"height":90,"caption":"\u0130ntegral Elektronik"},"image":{"@id":"https:\/\/integralelektronik.com\/#\/schema\/logo\/image\/"}}]}},"_links":{"self":[{"href":"https:\/\/integralelektronik.com\/tr\/wp-json\/wp\/v2\/pages\/6851"}],"collection":[{"href":"https:\/\/integralelektronik.com\/tr\/wp-json\/wp\/v2\/pages"}],"about":[{"href":"https:\/\/integralelektronik.com\/tr\/wp-json\/wp\/v2\/types\/page"}],"author":[{"embeddable":true,"href":"https:\/\/integralelektronik.com\/tr\/wp-json\/wp\/v2\/users\/1"}],"replies":[{"embeddable":true,"href":"https:\/\/integralelektronik.com\/tr\/wp-json\/wp\/v2\/comments?post=6851"}],"version-history":[{"count":4,"href":"https:\/\/integralelektronik.com\/tr\/wp-json\/wp\/v2\/pages\/6851\/revisions"}],"predecessor-version":[{"id":6856,"href":"https:\/\/integralelektronik.com\/tr\/wp-json\/wp\/v2\/pages\/6851\/revisions\/6856"}],"wp:featuredmedia":[{"embeddable":true,"href":"https:\/\/integralelektronik.com\/tr\/wp-json\/wp\/v2\/media\/6058"}],"wp:attachment":[{"href":"https:\/\/integralelektronik.com\/tr\/wp-json\/wp\/v2\/media?parent=6851"}],"curies":[{"name":"wp","href":"https:\/\/api.w.org\/{rel}","templated":true}]}}